{"id":4806,"date":"2025-07-30T13:37:58","date_gmt":"2025-07-30T13:37:58","guid":{"rendered":"https:\/\/keystoneproperties.gr\/privat\/"},"modified":"2026-02-25T20:14:16","modified_gmt":"2026-02-25T20:14:16","slug":"privat","status":"publish","type":"page","link":"https:\/\/keystoneproperties.gr\/de\/privat\/","title":{"rendered":"Privat"},"content":{"rendered":"<p>[et_pb_section fb_built=&#8221;1&#8243; custom_padding_last_edited=&#8221;on|tablet&#8221; _builder_version=&#8221;4.27.5&#8243; _module_preset=&#8221;default&#8221; background_color=&#8221;#FFFFFF&#8221; background_image=&#8221;https:\/\/keystoneproperties.gr\/wp-content\/uploads\/2026\/01\/top-loc-scaled.png&#8221; z_index=&#8221;9999999999&#8243; custom_padding=&#8221;250px||150px||false|false&#8221; custom_padding_tablet=&#8221;140px||60px||false|false&#8221; custom_padding_phone=&#8221;140px||190px||false|false&#8221; collapsed=&#8221;off&#8221; global_colors_info=&#8221;{}&#8221;][et_pb_row _builder_version=&#8221;4.27.5&#8243; _module_preset=&#8221;default&#8221; scroll_vertical_motion_enable=&#8221;on&#8221; scroll_vertical_motion=&#8221;0|50|50|100|1|0.5|0&#8243; global_colors_info=&#8221;{}&#8221;][et_pb_column type=&#8221;4_4&#8243; _builder_version=&#8221;4.27.4&#8243; _module_preset=&#8221;default&#8221; global_colors_info=&#8221;{}&#8221;][et_pb_text module_id=&#8221;hero-product-info&#8221; _builder_version=&#8221;4.27.5&#8243; _module_preset=&#8221;default&#8221; text_font=&#8221;Libre Baskerville||||||||&#8221; text_text_color=&#8221;#F5F5F5&#8243; text_font_size=&#8221;30px&#8221; background_color=&#8221;#182030&#8243; custom_padding=&#8221;|60px||60px|false|true&#8221; global_colors_info=&#8221;{}&#8221;]<\/p>\n<p>Privates Netzwerk<\/p>\n<p>[\/et_pb_text][\/et_pb_column][\/et_pb_row][et_pb_row _builder_version=&#8221;4.27.5&#8243; _module_preset=&#8221;default&#8221; global_colors_info=&#8221;{}&#8221;][et_pb_column type=&#8221;4_4&#8243; _builder_version=&#8221;4.27.5&#8243; _module_preset=&#8221;default&#8221; global_colors_info=&#8221;{}&#8221;][et_pb_icon font_icon=&#8221;&#x3b;||divi||400&#8243; icon_color=&#8221;#FFFFFF&#8221; icon_width=&#8221;40px&#8221; url=&#8221;#not-listed&#8221; align=&#8221;left&#8221; _builder_version=&#8221;4.27.5&#8243; _module_preset=&#8221;default&#8221; filter_opacity=&#8221;86%&#8221; scroll_vertical_motion_enable=&#8221;on&#8221; scroll_vertical_motion=&#8221;0|50|50|100|1|0.5|0&#8243; global_colors_info=&#8221;{}&#8221;][\/et_pb_icon][et_pb_code module_class=&#8221;sell-form&#8221; _builder_version=&#8221;4.27.5&#8243; _module_preset=&#8221;default&#8221; hover_enabled=&#8221;0&#8243; global_colors_info=&#8221;{}&#8221; sticky_enabled=&#8221;0&#8243;]<\/p>\n<h5><!-- [et_pb_line_break_holder] -->Zugang zu Keystone Private Properties anfordern<!-- [et_pb_line_break_holder] --><\/h5>\n<p><!-- [et_pb_line_break_holder] -->\n<div class=\"wpcf7 no-js\" id=\"wpcf7-f5978-o1\" lang=\"de-DE\" dir=\"ltr\" data-wpcf7-id=\"5978\">\n<div class=\"screen-reader-response\"><p role=\"status\" aria-live=\"polite\" aria-atomic=\"true\"><\/p> <ul><\/ul><\/div>\n<form action=\"\/de\/wp-json\/wp\/v2\/pages\/4806#wpcf7-f5978-o1\" method=\"post\" class=\"wpcf7-form init\" aria-label=\"Kontaktformular\" novalidate=\"novalidate\" data-status=\"init\">\n<fieldset class=\"hidden-fields-container\"><input type=\"hidden\" name=\"_wpcf7\" value=\"5978\" \/><input type=\"hidden\" name=\"_wpcf7_version\" value=\"6.1.5\" \/><input type=\"hidden\" name=\"_wpcf7_locale\" value=\"de_DE\" \/><input type=\"hidden\" name=\"_wpcf7_unit_tag\" value=\"wpcf7-f5978-o1\" \/><input type=\"hidden\" name=\"_wpcf7_container_post\" value=\"0\" \/><input type=\"hidden\" name=\"_wpcf7_posted_data_hash\" value=\"\" \/>\n<\/fieldset>\n<p><span class=\"wpcf7-form-control-wrap\" data-name=\"your-name\"><input size=\"40\" maxlength=\"400\" class=\"wpcf7-form-control wpcf7-text wpcf7-validates-as-required\" aria-required=\"true\" aria-invalid=\"false\" placeholder=\"Name und Nachname\" value=\"\" type=\"text\" name=\"your-name\" \/><\/span>\n<\/p>\n<p><span class=\"wpcf7-form-control-wrap\" data-name=\"your-email\"><input size=\"40\" maxlength=\"400\" class=\"wpcf7-form-control wpcf7-email wpcf7-validates-as-required wpcf7-text wpcf7-validates-as-email\" aria-required=\"true\" aria-invalid=\"false\" placeholder=\"E-Mail\" value=\"\" type=\"email\" name=\"your-email\" \/><\/span>\n<\/p>\n<p><span class=\"wpcf7-form-control-wrap\" data-name=\"tel-640\"><input size=\"40\" maxlength=\"400\" class=\"wpcf7-form-control wpcf7-tel wpcf7-text wpcf7-validates-as-tel\" aria-invalid=\"false\" placeholder=\"Telefonnummer\" value=\"\" type=\"tel\" name=\"tel-640\" \/><\/span>\n<\/p>\n<p><span class=\"wpcf7-form-control-wrap\" data-name=\"your-message\"><textarea cols=\"40\" rows=\"10\" maxlength=\"2000\" class=\"wpcf7-form-control wpcf7-textarea\" aria-invalid=\"false\" placeholder=\"Notizen\/Ihre Nachricht an unser Team\" name=\"your-message\"><\/textarea><\/span>\n<\/p>\n<p><input class=\"wpcf7-form-control wpcf7-submit has-spinner\" type=\"submit\" value=\"Ihre Immobilie einreichen\" \/>\n<\/p><div class=\"wpcf7-response-output\" aria-hidden=\"true\"><\/div>\n<\/form>\n<\/div>\n[\/et_pb_code][\/et_pb_column][\/et_pb_row][\/et_pb_section][et_pb_section fb_built=&#8221;1&#8243; custom_padding_last_edited=&#8221;on|desktop&#8221; _builder_version=&#8221;4.27.5&#8243; _module_preset=&#8221;default&#8221; custom_padding=&#8221;80px||80px||true|false&#8221; custom_padding_tablet=&#8221;60px||60px||true|false&#8221; custom_padding_phone=&#8221;20px||20px||true|false&#8221; collapsed=&#8221;off&#8221; global_colors_info=&#8221;{}&#8221;][et_pb_row use_custom_gutter=&#8221;on&#8221; gutter_width=&#8221;4&#8243; make_equal=&#8221;on&#8221; module_id=&#8221;not-listed&#8221; _builder_version=&#8221;4.27.5&#8243; _module_preset=&#8221;default&#8221; global_colors_info=&#8221;{}&#8221;][et_pb_column type=&#8221;4_4&#8243; _builder_version=&#8221;4.27.5&#8243; _module_preset=&#8221;default&#8221; custom_padding=&#8221;0px|80px|0px|0px|true|false&#8221; scroll_vertical_motion=&#8221;0|50|50|100|-0.5|0|0&#8243; border_color_all=&#8221;#BDB39B&#8221; border_color_right=&#8221;rgba(0,0,0,0.13)&#8221; global_colors_info=&#8221;{}&#8221;][et_pb_text _builder_version=&#8221;4.27.5&#8243; _module_preset=&#8221;default&#8221; text_font=&#8221;Libre Baskerville||||||||&#8221; text_text_color=&#8221;#000000&#8243; text_font_size=&#8221;62px&#8221; header_2_font=&#8221;Libre Baskerville||||||||&#8221; header_2_line_height=&#8221;1.3em&#8221; custom_margin=&#8221;||23px|||&#8221; custom_margin_tablet=&#8221;||23px|||&#8221; custom_margin_phone=&#8221;||0px||false|false&#8221; custom_margin_last_edited=&#8221;on|desktop&#8221; custom_padding=&#8221;20px||||false|false&#8221; global_colors_info=&#8221;{}&#8221;]<\/p>\n<h2>Nicht gelistet. Nicht \u00f6ffentlich. Nur Keystone.<\/h2>\n<p>[\/et_pb_text][et_pb_text _builder_version=&#8221;4.27.5&#8243; _module_preset=&#8221;default&#8221; text_font=&#8221;Inter||||||||&#8221; text_text_color=&#8221;#000000&#8243; global_colors_info=&#8221;{}&#8221;]<\/p>\n<p>Einige der au\u00dfergew\u00f6hnlichsten Immobilien in Griechenland erscheinen niemals auf Websites oder Plattformen. Ihr Wert liegt nicht nur im Design oder Standort \u2013 sondern in ihrer Privatsph\u00e4re. Bei Keystone bieten wir ausgew\u00e4hlten Kunden Zugang zu einem diskreten Portfolio von Off-Market-Anwesen, das nur auf qualifizierte Anfrage verf\u00fcgbar ist.<\/p>\n<p>[\/et_pb_text][\/et_pb_column][\/et_pb_row][et_pb_row _builder_version=&#8221;4.27.5&#8243; _module_preset=&#8221;default&#8221; custom_css_main_element=&#8221;align-items: center;&#8221; global_colors_info=&#8221;{}&#8221;][et_pb_column type=&#8221;4_4&#8243; _builder_version=&#8221;4.27.5&#8243; _module_preset=&#8221;default&#8221; global_colors_info=&#8221;{}&#8221;][et_pb_text _builder_version=&#8221;4.27.5&#8243; _module_preset=&#8221;default&#8221; text_font=&#8221;Alike||||||||&#8221; text_text_color=&#8221;#FFFFFF&#8221; text_font_size=&#8221;62px&#8221; header_2_font=&#8221;Libre Baskerville||||||||&#8221; header_2_text_color=&#8221;#000000&#8243; header_2_line_height=&#8221;1.3em&#8221; custom_margin=&#8221;||27px|||&#8221; custom_margin_tablet=&#8221;||27px|||&#8221; custom_margin_phone=&#8221;||15px||false|false&#8221; custom_margin_last_edited=&#8221;on|phone&#8221; custom_padding=&#8221;20px||||false|false&#8221; global_colors_info=&#8221;{}&#8221;]<\/p>\n<h2>Was ist das Private Netzwerk?<\/h2>\n<p>[\/et_pb_text][et_pb_text _builder_version=&#8221;4.27.5&#8243; _module_preset=&#8221;default&#8221; text_font=&#8221;Libre Baskerville||||||||&#8221; text_text_color=&#8221;#000000&#8243; text_font_size=&#8221;20px&#8221; global_colors_info=&#8221;{}&#8221;]<\/p>\n<p><strong>Ein kuratiertes \u00d6kosystem von:<\/strong><\/p>\n<p>[\/et_pb_text][et_pb_text _builder_version=&#8221;4.27.5&#8243; _module_preset=&#8221;default&#8221; text_font=&#8221;Inter|300|||||||&#8221; text_text_color=&#8221;#000000&#8243; custom_margin=&#8221;-10px|||||&#8221; global_colors_info=&#8221;{}&#8221;]<\/p>\n<p>Hochwertigen Wohnimmobilien, die sich im Besitz von UHNW-Personen befinden<\/p>\n<ul>\n<li>Architektonisch bedeutende Villen &amp; Anwesen<\/li>\n<li>Gewerbliche Objekte unter vertraulichem Verkauf<\/li>\n<li>Seltene Investitionsm\u00f6glichkeiten, die nicht \u00f6ffentlich angeboten werden<\/li>\n<li>Immobilien, die nur \u00fcber stille Angebote, NDA oder exklusive Maklervereinbarungen verf\u00fcgbar sind<\/li>\n<\/ul>\n<p>[\/et_pb_text][\/et_pb_column][\/et_pb_row][et_pb_row column_structure=&#8221;1_2,1_2&#8243; use_custom_gutter=&#8221;on&#8221; gutter_width=&#8221;4&#8243; make_equal=&#8221;on&#8221; _builder_version=&#8221;4.27.5&#8243; _module_preset=&#8221;default&#8221; custom_padding=&#8221;0px||0px||true|false&#8221; global_colors_info=&#8221;{}&#8221;][et_pb_column type=&#8221;1_2&#8243; _builder_version=&#8221;4.27.5&#8243; _module_preset=&#8221;default&#8221; custom_padding=&#8221;25px||25px||true|true&#8221; custom_padding_tablet=&#8221;25px||25px||true|true&#8221; custom_padding_phone=&#8221;25px||25px||true|true&#8221; custom_padding_last_edited=&#8221;on|phone&#8221; scroll_vertical_motion=&#8221;0|50|50|100|-0.5|0|0&#8243; custom_css_main_element=&#8221;display: flex;||flex-direction: column;&#8221; border_color_all=&#8221;#BDB39B&#8221; global_colors_info=&#8221;{}&#8221;][et_pb_text _builder_version=&#8221;4.27.5&#8243; _module_preset=&#8221;default&#8221; text_font=&#8221;&#8211;et_global_heading_font||||||||&#8221; text_text_color=&#8221;#000000&#8243; text_font_size=&#8221;62px&#8221; header_2_font=&#8221;Libre Baskerville||||||||&#8221; custom_margin=&#8221;||24px|||&#8221; custom_padding=&#8221;20px||||false|false&#8221; text_font_size_tablet=&#8221;50px&#8221; text_font_size_phone=&#8221;40px&#8221; text_font_size_last_edited=&#8221;on|phone&#8221; header_2_font_size_tablet=&#8221;&#8221; header_2_font_size_phone=&#8221;22px&#8221; header_2_font_size_last_edited=&#8221;on|phone&#8221; global_colors_info=&#8221;{}&#8221;]<\/p>\n<h2>F\u00fcr wen ist es gedacht?<\/h2>\n<p>[\/et_pb_text][et_pb_text _builder_version=&#8221;4.27.5&#8243; _module_preset=&#8221;default&#8221; text_font=&#8221;Inter||||||||&#8221; text_text_color=&#8221;#000000&#8243; custom_css_main_element=&#8221;  line-height: 1.4em;||&#8221; global_colors_info=&#8221;{}&#8221;]<\/p>\n<p><strong>Der Zugang zum Private Netzwerk wird gew\u00e4hrt an:<\/strong><\/p>\n<p><strong><\/strong><\/p>\n<ul>\n<li>Verifizierte K\u00e4ufer mit eindeutigem Erwerbsinteresse<\/li>\n<li>Family Offices und Verm\u00f6gensverwalter<\/li>\n<li>Prominente Personen, die Anonymit\u00e4t ben\u00f6tigen<\/li>\n<li>Gesch\u00e4ftskunden, die strategische Standortverlagerungen pr\u00fcfen<\/li>\n<\/ul>\n<p>[\/et_pb_text][\/et_pb_column][et_pb_column type=&#8221;1_2&#8243; _builder_version=&#8221;4.27.5&#8243; _module_preset=&#8221;default&#8221; custom_padding=&#8221;25px||25px||true|true&#8221; scroll_vertical_motion=&#8221;0|50|50|100|-0.5|0|0&#8243; custom_css_main_element=&#8221;display: flex;||flex-direction: column;&#8221; border_color_all=&#8221;#BDB39B&#8221; global_colors_info=&#8221;{}&#8221;][et_pb_text _builder_version=&#8221;4.27.4&#8243; _module_preset=&#8221;default&#8221; text_font=&#8221;&#8211;et_global_heading_font||||||||&#8221; text_text_color=&#8221;#000000&#8243; text_font_size=&#8221;62px&#8221; header_2_font=&#8221;Libre Baskerville||||||||&#8221; custom_margin=&#8221;||24px|||&#8221; custom_padding=&#8221;20px||||false|false&#8221; text_font_size_tablet=&#8221;50px&#8221; text_font_size_phone=&#8221;40px&#8221; text_font_size_last_edited=&#8221;on|phone&#8221; header_2_font_size_tablet=&#8221;&#8221; header_2_font_size_phone=&#8221;22px&#8221; header_2_font_size_last_edited=&#8221;on|phone&#8221; global_colors_info=&#8221;{}&#8221;]<\/p>\n<h2>So funktioniert es<\/h2>\n<p>[\/et_pb_text][et_pb_text _builder_version=&#8221;4.27.5&#8243; _module_preset=&#8221;default&#8221; text_font=&#8221;Inter||||||||&#8221; text_text_color=&#8221;#000000&#8243; custom_css_main_element=&#8221;  line-height: 1.4em;||&#8221; custom_css_free_form=&#8221;selector li {||  margin-bottom: 10px;||  line-height: 1.4em;||}&#8221; global_colors_info=&#8221;{}&#8221;]<\/p>\n<ul>\n<li>Zugangsanfrage einreichen<br \/>Wir pr\u00fcfen Ihr Profil, Ihre Anforderungen und den Standortfokus.<br \/>Privates Briefing<\/li>\n<li>Sie erhalten eine ma\u00dfgeschneiderte, verschl\u00fcsselte Pr\u00e4sentation der infrage kommenden Objekte \u2013 sonst nirgends verf\u00fcgbar.<br \/>Vertraulicher Prozess<\/li>\n<li>Jeder Schritt, vom Besichtigungstermin bis zur Verhandlung, wird mit h\u00f6chster Diskretion und Professionalit\u00e4t durchgef\u00fchrt.<\/li>\n<\/ul>\n<p>[\/et_pb_text][\/et_pb_column][\/et_pb_row][et_pb_row column_structure=&#8221;1_3,1_3,1_3&#8243; custom_padding_last_edited=&#8221;on|desktop&#8221; _builder_version=&#8221;4.27.5&#8243; _module_preset=&#8221;default&#8221; custom_padding=&#8221;100px||100px||true|false&#8221; custom_padding_tablet=&#8221;||60px||false|false&#8221; custom_padding_phone=&#8221;||40px||false|false&#8221; global_colors_info=&#8221;{}&#8221;][et_pb_column type=&#8221;1_3&#8243; _builder_version=&#8221;4.27.4&#8243; _module_preset=&#8221;default&#8221; global_colors_info=&#8221;{}&#8221;][et_pb_number_counter title=&#8221;Private Immobilien&#8221; number=&#8221;34&#8243; percent_sign=&#8221;off&#8221; _builder_version=&#8221;4.27.5&#8243; _module_preset=&#8221;default&#8221; title_font=&#8221;Inter|300|||||||&#8221; title_text_color=&#8221;#182030&#8243; number_font=&#8221;Inter|700|||||||&#8221; number_text_color=&#8221;#BDB39B&#8221; custom_padding=&#8221;20px|20px|20px|20px|true|true&#8221; number_font_size_tablet=&#8221;60px&#8221; number_font_size_phone=&#8221;40px&#8221; number_font_size_last_edited=&#8221;on|phone&#8221; custom_css_percent=&#8221; background: linear-gradient(90deg, #0a192b, #627285); \/* Your colors here *\/||  -webkit-background-clip: text;||  -webkit-text-fill-color: transparent;||  background-clip: text;||  color: transparent;&#8221; border_width_all=&#8221;1px&#8221; border_color_all=&#8221;rgba(189,179,155,0.22)&#8221; box_shadow_style=&#8221;preset2&#8243; global_colors_info=&#8221;{}&#8221;][\/et_pb_number_counter][\/et_pb_column][et_pb_column type=&#8221;1_3&#8243; _builder_version=&#8221;4.27.4&#8243; _module_preset=&#8221;default&#8221; global_colors_info=&#8221;{}&#8221;][et_pb_number_counter title=&#8221;Hotels&#8221; number=&#8221;11&#8243; percent_sign=&#8221;off&#8221; _builder_version=&#8221;4.27.5&#8243; _module_preset=&#8221;default&#8221; title_font=&#8221;Inter|300|||||||&#8221; title_text_color=&#8221;#182030&#8243; number_font=&#8221;Inter Tight|700|||||||&#8221; number_text_color=&#8221;#BDB39B&#8221; custom_padding=&#8221;20px|20px|20px|20px|true|true&#8221; number_font_size_tablet=&#8221;60px&#8221; number_font_size_phone=&#8221;40px&#8221; number_font_size_last_edited=&#8221;on|phone&#8221; custom_css_percent=&#8221; background: linear-gradient(90deg, #0a192b, #627285); \/* Your colors here *\/||  -webkit-background-clip: text;||  -webkit-text-fill-color: transparent;||  background-clip: text;||  color: transparent;&#8221; border_width_all=&#8221;1px&#8221; border_color_all=&#8221;rgba(189,179,155,0.22)&#8221; box_shadow_style=&#8221;preset2&#8243; global_colors_info=&#8221;{}&#8221;][\/et_pb_number_counter][\/et_pb_column][et_pb_column type=&#8221;1_3&#8243; _builder_version=&#8221;4.27.4&#8243; _module_preset=&#8221;default&#8221; global_colors_info=&#8221;{}&#8221;][et_pb_number_counter title=&#8221;St\u00e4dte&#8221; number=&#8221;10&#8243; percent_sign=&#8221;off&#8221; module_id=&#8221;cities&#8221; _builder_version=&#8221;4.27.4&#8243; _module_preset=&#8221;default&#8221; title_font=&#8221;Inter|300|||||||&#8221; title_text_color=&#8221;#182030&#8243; number_font=&#8221;Inter Tight|700|||||||&#8221; number_text_color=&#8221;#BDB39B&#8221; custom_padding=&#8221;20px|20px|20px|20px|true|true&#8221; number_font_size_tablet=&#8221;60px&#8221; number_font_size_phone=&#8221;40px&#8221; number_font_size_last_edited=&#8221;on|phone&#8221; custom_css_free_form=&#8221;#cities .percent-value::after {||  content: &#8216;+&#8217;;||}&#8221; custom_css_percent=&#8221; background: linear-gradient(90deg, #0a192b, #627285); \/* Your colors here *\/||  -webkit-background-clip: text;||  -webkit-text-fill-color: transparent;||  background-clip: text;||  color: transparent;&#8221; border_width_all=&#8221;1px&#8221; border_color_all=&#8221;rgba(189,179,155,0.22)&#8221; box_shadow_style=&#8221;preset2&#8243; global_colors_info=&#8221;{}&#8221;][\/et_pb_number_counter][\/et_pb_column][\/et_pb_row][\/et_pb_section][et_pb_section fb_built=&#8221;1&#8243; custom_padding_last_edited=&#8221;on|phone&#8221; _builder_version=&#8221;4.27.4&#8243; _module_preset=&#8221;default&#8221; background_color=&#8221;#182030&#8243; custom_padding=&#8221;117px||117px||true|false&#8221; custom_padding_tablet=&#8221;70px||70px||true|false&#8221; custom_padding_phone=&#8221;40px||40px||true|false&#8221; collapsed=&#8221;off&#8221; global_colors_info=&#8221;{}&#8221;][et_pb_row use_custom_gutter=&#8221;on&#8221; gutter_width=&#8221;4&#8243; make_equal=&#8221;on&#8221; _builder_version=&#8221;4.27.4&#8243; _module_preset=&#8221;default&#8221; global_colors_info=&#8221;{}&#8221;][et_pb_column type=&#8221;4_4&#8243; _builder_version=&#8221;4.27.4&#8243; _module_preset=&#8221;default&#8221; scroll_vertical_motion=&#8221;0|50|50|100|-0.5|0|0&#8243; global_colors_info=&#8221;{}&#8221;][et_pb_text _builder_version=&#8221;4.27.4&#8243; _module_preset=&#8221;default&#8221; text_font=&#8221;Libre Baskerville||||||||&#8221; text_text_color=&#8221;#FFFFFF&#8221; text_font_size=&#8221;28px&#8221; text_line_height=&#8221;1.5em&#8221; text_orientation=&#8221;center&#8221; custom_margin=&#8221;||20px|||&#8221; text_font_size_tablet=&#8221;22px&#8221; text_font_size_phone=&#8221;22px&#8221; text_font_size_last_edited=&#8221;on|phone&#8221; global_colors_info=&#8221;{}&#8221;]<\/p>\n<p>Mitglied des Private Netzwerks werden<\/p>\n<p>[\/et_pb_text][et_pb_text _builder_version=&#8221;4.27.5&#8243; _module_preset=&#8221;default&#8221; text_font=&#8221;Inter|300|||||||&#8221; text_text_color=&#8221;#FFFFFF&#8221; text_orientation=&#8221;center&#8221; global_colors_info=&#8221;{}&#8221;]<\/p>\n<p>Nicht alles Wertvolle ist sichtbar. Beantragen Sie Zugang zu Keystones Off-Market-Portfolio.<\/p>\n<p>[\/et_pb_text][et_pb_button button_text=&#8221;Zugang anfordern&#8221; button_alignment=&#8221;center&#8221; module_class=&#8221;sell-form-btn&#8221; _builder_version=&#8221;4.27.5&#8243; _module_preset=&#8221;default&#8221; custom_button=&#8221;on&#8221; button_text_size=&#8221;18px&#8221; button_text_color=&#8221;#FFFFFF&#8221; button_border_width=&#8221;2px&#8221; button_border_radius=&#8221;60px&#8221; button_font=&#8221;Libre Baskerville|300|||||||&#8221; button_use_icon=&#8221;off&#8221; global_colors_info=&#8221;{}&#8221; button_bg_color__hover_enabled=&#8221;on|hover&#8221; button_bg_color__hover=&#8221;#FFFFFF&#8221; button_bg_enable_color__hover=&#8221;on&#8221; button_text_color__hover_enabled=&#8221;on|desktop&#8221; button_text_color__hover=&#8221;#000000&#8243;][\/et_pb_button][\/et_pb_column][\/et_pb_row][\/et_pb_section]<\/p>\n","protected":false},"excerpt":{"rendered":"<p>Privates NetzwerkZugang zu Keystone Private Properties anfordern\n<div class=\"wpcf7 no-js\" id=\"wpcf7-f5978-o2\" lang=\"de-DE\" dir=\"ltr\" data-wpcf7-id=\"5978\">\n<div class=\"screen-reader-response\"><p role=\"status\" aria-live=\"polite\" aria-atomic=\"true\"><\/p> <ul><\/ul><\/div>\n<form action=\"\/de\/wp-json\/wp\/v2\/pages\/4806#wpcf7-f5978-o2\" method=\"post\" class=\"wpcf7-form init\" aria-label=\"Kontaktformular\" novalidate=\"novalidate\" data-status=\"init\">\n<fieldset class=\"hidden-fields-container\"><input type=\"hidden\" name=\"_wpcf7\" value=\"5978\" \/><input type=\"hidden\" name=\"_wpcf7_version\" value=\"6.1.5\" \/><input type=\"hidden\" name=\"_wpcf7_locale\" value=\"de_DE\" \/><input type=\"hidden\" name=\"_wpcf7_unit_tag\" value=\"wpcf7-f5978-o2\" \/><input type=\"hidden\" name=\"_wpcf7_container_post\" value=\"0\" \/><input type=\"hidden\" name=\"_wpcf7_posted_data_hash\" value=\"\" \/>\n<\/fieldset>\n<p><span class=\"wpcf7-form-control-wrap\" data-name=\"your-name\"><input size=\"40\" maxlength=\"400\" class=\"wpcf7-form-control wpcf7-text wpcf7-validates-as-required\" aria-required=\"true\" aria-invalid=\"false\" placeholder=\"Name und Nachname\" value=\"\" type=\"text\" name=\"your-name\" \/><\/span>\n<\/p>\n<p><span class=\"wpcf7-form-control-wrap\" data-name=\"your-email\"><input size=\"40\" maxlength=\"400\" class=\"wpcf7-form-control wpcf7-email wpcf7-validates-as-required wpcf7-text wpcf7-validates-as-email\" aria-required=\"true\" aria-invalid=\"false\" placeholder=\"E-Mail\" value=\"\" type=\"email\" name=\"your-email\" \/><\/span>\n<\/p>\n<p><span class=\"wpcf7-form-control-wrap\" data-name=\"tel-640\"><input size=\"40\" maxlength=\"400\" class=\"wpcf7-form-control wpcf7-tel wpcf7-text wpcf7-validates-as-tel\" aria-invalid=\"false\" placeholder=\"Telefonnummer\" value=\"\" type=\"tel\" name=\"tel-640\" \/><\/span>\n<\/p>\n<p><span class=\"wpcf7-form-control-wrap\" data-name=\"your-message\"><textarea cols=\"40\" rows=\"10\" maxlength=\"2000\" class=\"wpcf7-form-control wpcf7-textarea\" aria-invalid=\"false\" placeholder=\"Notizen\/Ihre Nachricht an unser Team\" name=\"your-message\"><\/textarea><\/span>\n<\/p>\n<p><input class=\"wpcf7-form-control wpcf7-submit has-spinner\" type=\"submit\" value=\"Ihre Immobilie einreichen\" \/>\n<\/p><div class=\"wpcf7-response-output\" aria-hidden=\"true\"><\/div>\n<\/form>\n<\/div>\nNicht gelistet. Nicht \u00f6ffentlich. Nur Keystone.Einige der au\u00dfergew\u00f6hnlichsten Immobilien in Griechenland erscheinen niemals auf Websites oder Plattformen. Ihr Wert liegt nicht nur im Design oder Standort \u2013 sondern in ihrer Privatsph\u00e4re. Bei Keystone bieten wir ausgew\u00e4hlten Kunden Zugang zu einem diskreten Portfolio von Off-Market-Anwesen, das nur [&hellip;]<\/p>\n","protected":false},"author":2,"featured_media":5923,"parent":0,"menu_order":0,"comment_status":"closed","ping_status":"closed","template":"","meta":{"_acf_changed":false,"_et_pb_use_builder":"on","_et_pb_old_content":"","_et_gb_content_width":"","footnotes":""},"class_list":["post-4806","page","type-page","status-publish","has-post-thumbnail","hentry"],"acf":[],"_links":{"self":[{"href":"https:\/\/keystoneproperties.gr\/de\/wp-json\/wp\/v2\/pages\/4806","targetHints":{"allow":["GET"]}}],"collection":[{"href":"https:\/\/keystoneproperties.gr\/de\/wp-json\/wp\/v2\/pages"}],"about":[{"href":"https:\/\/keystoneproperties.gr\/de\/wp-json\/wp\/v2\/types\/page"}],"author":[{"embeddable":true,"href":"https:\/\/keystoneproperties.gr\/de\/wp-json\/wp\/v2\/users\/2"}],"replies":[{"embeddable":true,"href":"https:\/\/keystoneproperties.gr\/de\/wp-json\/wp\/v2\/comments?post=4806"}],"version-history":[{"count":6,"href":"https:\/\/keystoneproperties.gr\/de\/wp-json\/wp\/v2\/pages\/4806\/revisions"}],"predecessor-version":[{"id":5979,"href":"https:\/\/keystoneproperties.gr\/de\/wp-json\/wp\/v2\/pages\/4806\/revisions\/5979"}],"wp:featuredmedia":[{"embeddable":true,"href":"https:\/\/keystoneproperties.gr\/de\/wp-json\/wp\/v2\/media\/5923"}],"wp:attachment":[{"href":"https:\/\/keystoneproperties.gr\/de\/wp-json\/wp\/v2\/media?parent=4806"}],"curies":[{"name":"wp","href":"https:\/\/api.w.org\/{rel}","templated":true}]}}