{"id":4829,"date":"2025-07-11T13:47:43","date_gmt":"2025-07-11T13:47:43","guid":{"rendered":"https:\/\/keystoneproperties.gr\/team\/"},"modified":"2026-02-03T15:24:11","modified_gmt":"2026-02-03T15:24:11","slug":"team","status":"publish","type":"page","link":"https:\/\/keystoneproperties.gr\/de\/team\/","title":{"rendered":"Team"},"content":{"rendered":"<p>[et_pb_section fb_built=&#8221;1&#8243; custom_padding_last_edited=&#8221;on|phone&#8221; _builder_version=&#8221;4.27.4&#8243; _module_preset=&#8221;default&#8221; background_color=&#8221;#F5F5F5&#8243; background_enable_image=&#8221;off&#8221; custom_padding=&#8221;250px||150px||false|false&#8221; custom_padding_tablet=&#8221;200px||||false|false&#8221; custom_padding_phone=&#8221;120px||60px||false|false&#8221; global_colors_info=&#8221;{}&#8221;][et_pb_row _builder_version=&#8221;4.27.4&#8243; _module_preset=&#8221;default&#8221; global_colors_info=&#8221;{}&#8221;][et_pb_column type=&#8221;4_4&#8243; _builder_version=&#8221;4.27.4&#8243; _module_preset=&#8221;default&#8221; global_colors_info=&#8221;{}&#8221;][et_pb_text _builder_version=&#8221;4.27.5&#8243; _module_preset=&#8221;default&#8221; text_font=&#8221;Caudex||||||||&#8221; header_font=&#8221;Libre Baskerville||||||||&#8221; header_text_align=&#8221;center&#8221; header_text_color=&#8221;#182030&#8243; header_font_size=&#8221;48px&#8221; header_font_size_tablet=&#8221;36px&#8221; header_font_size_phone=&#8221;24px&#8221; header_font_size_last_edited=&#8221;on|phone&#8221; global_colors_info=&#8221;{}&#8221;]<\/p>\n<h1>Das Team: Der Grundstein von allem<\/h1>\n<p>[\/et_pb_text][et_pb_text _builder_version=&#8221;4.27.5&#8243; _module_preset=&#8221;default&#8221; text_font=&#8221;&#8211;et_global_body_font||||||||&#8221; link_font=&#8221;Libre Baskerville||||||||&#8221; link_text_color=&#8221;#5b5649&#8243; header_font=&#8221;Libre Baskerville||||||||&#8221; header_text_align=&#8221;center&#8221; header_text_color=&#8221;#182030&#8243; header_font_size=&#8221;48px&#8221; text_orientation=&#8221;center&#8221; max_width=&#8221;800px&#8221; module_alignment=&#8221;center&#8221; header_font_size_tablet=&#8221;36px&#8221; header_font_size_phone=&#8221;24px&#8221; header_font_size_last_edited=&#8221;on|phone&#8221; global_colors_info=&#8221;{}&#8221;]<\/p>\n<p>Ein Team, das von Vertrauen, Fachwissen und Qualit\u00e4t gepr\u00e4gt ist. Wir sind fokussiert, leidenschaftlich und vollst\u00e4ndig engagiert in dem, was wir tun. Nehmen Sie sich einen Moment Zeit, um Keystone kennenzulernen.  <\/p>\n<p><a href=\"https:\/\/keystoneproperties.gr\/de\/kontakt\/\">Werden Sie Teil von uns.<\/a><\/p>\n<p>[\/et_pb_text][\/et_pb_column][\/et_pb_row][\/et_pb_section][et_pb_section fb_built=&#8221;1&#8243; custom_padding_last_edited=&#8221;on|phone&#8221; _builder_version=&#8221;4.27.4&#8243; _module_preset=&#8221;default&#8221; use_background_color_gradient=&#8221;on&#8221; background_color_gradient_stops=&#8221;#ffffff 0%|rgba(189,179,155,0.16) 100%&#8221; custom_padding_tablet=&#8221;&#8221; custom_padding_phone=&#8221;||0px||false|false&#8221; global_colors_info=&#8221;{}&#8221;][et_pb_row use_custom_gutter=&#8221;on&#8221; gutter_width=&#8221;4&#8243; make_equal=&#8221;on&#8221; _builder_version=&#8221;4.27.5&#8243; _module_preset=&#8221;default&#8221; global_colors_info=&#8221;{}&#8221;][et_pb_column type=&#8221;4_4&#8243; _builder_version=&#8221;4.27.4&#8243; _module_preset=&#8221;default&#8221; global_colors_info=&#8221;{}&#8221;][et_pb_team_member name=&#8221;Ioannis Choustoulakis&#8221; position=&#8221; Gr\u00fcnder &amp; Gesch\u00e4ftsf\u00fchrer&#8221; image_url=&#8221;https:\/\/keystoneproperties.gr\/wp-content\/uploads\/2026\/01\/Ioannis_Choustoulakis.png&#8221; icon_color=&#8221;#182030&#8243; _builder_version=&#8221;4.27.5&#8243; _module_preset=&#8221;default&#8221; header_font=&#8221;Libre Baskerville|600|||||||&#8221; header_text_color=&#8221;#182030&#8243; header_font_size=&#8221;28px&#8221; body_font=&#8221;Inter|300|||||||&#8221; body_line_height=&#8221;1.4em&#8221; position_text_color=&#8221;#BDB39B&#8221; position_font_size=&#8221;16px&#8221; body_link_text_color=&#8221;#182030&#8243; custom_margin=&#8221;||80px||false|false&#8221; animation_style=&#8221;fold&#8221; animation_intensity_fold=&#8221;10%&#8221; custom_css_member_image=&#8221;margin-right: 60px;&#8221; custom_css_member_position=&#8221;margin-bottom: 20px;&#8221; global_colors_info=&#8221;{}&#8221; custom_css_main_element_last_edited=&#8221;on|tablet&#8221; custom_css_main_element_tablet=&#8221;display: flex;||flex-direction: column;||row-gap: 20px;&#8221; custom_css_main_element_phone=&#8221;display: flex;||flex-direction: column;||row-gap: 20px;&#8221; icon_color__hover_enabled=&#8221;on|hover&#8221; icon_color__hover=&#8221;#182030&#8243;]<\/p>\n<p>Der Gr\u00fcnder von Keystone, Giannis Choustoulakis, verbindet gezielte Erfahrung im Bereich Luxusimmobilien mit einem modernen, strategischen Ansatz.<\/p>\n<p>Nach seiner T\u00e4tigkeit bei zwei landesweit t\u00e4tigen Agenturen, die auf gehobene Immobilien spezialisiert sind, war er an bedeutenden Transaktionen in ganz Griechenland beteiligt \u2013 stets mit Fokus auf Qualit\u00e4t und Kundevertrauen.<\/p>\n<p>Trotz seines jungen Alters bedient Giannis die Branche mit Respekt, Disziplin und Engagement \u2013 Eigenschaften, die ihn in einem wettbewerbsintensiven Umfeld auszeichnen. Er studierte Betriebswirtschaft an der Athens University of Economics and Business und absolvierte weitere Studien in Leadership &amp; Management am American College of Greece \u2013 Deree. <\/p>\n<p>Seine Expertise erweitert er kontinuierlich durch ausgew\u00e4hlte Seminare und internationale Foren zu Luxusimmobilien, Markttrends und Anlagestrategien.<\/p>\n<p><a href=\"tel:00306945132688\"><span class=\"et-pb-icon\" style=\"font-size: 18px; color: #000000;\">\ue090<\/span><\/a> <a href=\"mailto:jchoustoulakis@gmail.com\"><span class=\"et-pb-icon\" style=\"font-size: 18px; color: #000000;\">\ue076<\/span><\/a> <a href=\"https:\/\/www.linkedin.com\/in\/giannischoustoulakis\" target=\"_blank\" rel=\"noopener\"><span class=\"et-pb-icon\" style=\"font-size: 18px; color: #000000;\">\ue09d<\/span><\/a> <a href=\"https:\/\/www.facebook.com\/giannis.choustoulakis\" target=\"_blank\" rel=\"noopener\"><span class=\"et-pb-icon\" style=\"font-size: 18px; color: #000000;\">\ue093<\/span><\/a> <a href=\"https:\/\/www.instagram.com\/giannis_xoustou\" target=\"_blank\" rel=\"noopener\"><span class=\"et-pb-icon\" style=\"font-size: 18px; color: #000000;\">\ue09a<\/span><\/a><\/p>\n<p>[\/et_pb_team_member][et_pb_team_member name=&#8221; Nikos Choustoulakis&#8221; position=&#8221;Immobilienberater&#8221; image_url=&#8221;https:\/\/keystoneproperties.gr\/wp-content\/uploads\/2025\/12\/DSC_1391-Edit-2a.jpg&#8221; icon_color=&#8221;#182030&#8243; _builder_version=&#8221;4.27.5&#8243; _module_preset=&#8221;default&#8221; header_font=&#8221;Libre Baskerville|600|||||||&#8221; header_text_color=&#8221;#182030&#8243; header_font_size=&#8221;28px&#8221; body_font=&#8221;Inter|300|||||||&#8221; body_text_color=&#8221;#182030&#8243; body_line_height=&#8221;1.4em&#8221; position_text_color=&#8221;#BDB39B&#8221; position_font_size=&#8221;16px&#8221; body_link_text_color=&#8221;#182030&#8243; custom_margin=&#8221;||80px||false|false&#8221; animation_style=&#8221;fold&#8221; animation_intensity_fold=&#8221;10%&#8221; custom_css_member_image=&#8221;margin-right: 60px;&#8221; custom_css_member_position=&#8221;margin-bottom: 20px;&#8221; global_colors_info=&#8221;{}&#8221; custom_css_main_element_last_edited=&#8221;on|tablet&#8221; custom_css_main_element_tablet=&#8221;display: flex;||flex-direction: column;||row-gap: 20px;&#8221; custom_css_main_element_phone=&#8221;display: flex;||flex-direction: column;||row-gap: 20px;&#8221;]<\/p>\n<p><span class=\"short-text\">Mit \u00fcber 25 Jahren F\u00fchrungserfahrung bringt Nikos Choustoulakis erfahrene Leitungskompetenz und operative Einblicke zu Keystone, wo er die Verwaltung von hochwertigen Immobilien mit Pr\u00e4zision und Sorgfalt \u00fcberwacht.<\/span><span class=\"more-text\"> <\/span><\/p>\n<p><span class=\"more-text\">Er war in den Vorst\u00e4nden von Unternehmen sowohl im Tourismus- als auch im Einzelhandelssektor t\u00e4tig und hat dabei ein tiefes Verst\u00e4ndnis f\u00fcr Kundenerfahrungen, Serviceoptimierung und Immobilienperformance gewonnen \u2013 Elemente, die unsere Immobilienaktivit\u00e4ten direkt verbessern. <\/span><\/p>\n<p><span class=\"more-text\">Sein Hintergrund im Vertrieb und in der Unternehmensf\u00fchrung hat einen pragmatischen, l\u00f6sungsorientierten Ansatz gepr\u00e4gt, der insbesondere in Hochdrucksituationen von gro\u00dfem Wert ist. Mit einem MBA der Nottingham Trent University zeichnet er sich in Krisenbew\u00e4ltigung und strategischer Planung aus und liefert konsequent Stabilit\u00e4t und Ergebnisse. <\/span><\/p>\n<p><span class=\"more-text\">Bei Keystone stellt seine vielseitige Erfahrung sicher, dass jede Immobilie nicht nur gut verwaltet wird, sondern auch mit den \u00fcbergeordneten Markttrends und der langfristigen Wertsch\u00f6pfung in Einklang steht.<\/span><\/p>\n<p><a href=\"tel:00306948205724\"><span class=\"et-pb-icon\" style=\"font-size: 18px; color: #000000;\">\ue090<\/span><\/a> <a href=\"mailto:nchoustoulakis@gmail.com\"><span class=\"et-pb-icon\" style=\"font-size: 18px; color: #000000;\">\ue076<\/span><\/a> <\/p>\n<p>[\/et_pb_team_member][et_pb_team_member name=&#8221;Zelda&#8221; position=&#8221; Leiter f\u00fcr Sicherheit &amp; Kundenzufriedenheit&#8221; image_url=&#8221;https:\/\/keystoneproperties.gr\/wp-content\/uploads\/2025\/12\/zelda-photo.png&#8221; icon_color=&#8221;#182030&#8243; _builder_version=&#8221;4.27.5&#8243; _module_preset=&#8221;default&#8221; header_font=&#8221;Libre Baskerville|600|||||||&#8221; header_text_color=&#8221;#182030&#8243; header_font_size=&#8221;28px&#8221; body_font=&#8221;Inter|300|||||||&#8221; body_line_height=&#8221;1.4em&#8221; position_text_color=&#8221;#BDB39B&#8221; position_font_size=&#8221;16px&#8221; custom_margin=&#8221;||80px||false|false&#8221; animation_style=&#8221;fold&#8221; animation_intensity_fold=&#8221;10%&#8221; custom_css_member_image=&#8221;margin-right: 60px;&#8221; custom_css_member_position=&#8221;margin-bottom: 20px;&#8221; global_colors_info=&#8221;{}&#8221; custom_css_main_element_last_edited=&#8221;on|tablet&#8221; custom_css_main_element_tablet=&#8221;display: flex;||flex-direction: column;||row-gap: 20px;&#8221; custom_css_main_element_phone=&#8221;display: flex;||flex-direction: column;||row-gap: 20px;&#8221;]<\/p>\n<p>Loyal, elegant und stets aufmerksam, ist Zelda ein unverzichtbares Mitglied des Keystone-Teams. Als American Staffordshire Terrier (Blue Nose) mit ruhiger Ausstrahlung und ausgepr\u00e4gten Instinkten nimmt sie ihre doppelte Rolle sehr ernst: Sie bewacht die Immobilien mit stiller Zuversicht und sorgt daf\u00fcr, dass jeder Gast herzlich willkommen gehei\u00dfen wird \u2013 idealerweise in Form von Bauchkraulen.<\/p>\n<p><span class=\"more-text\">Mit jahrelanger Erfahrung im Patrouillieren von G\u00e4rten, stilvollem Faulenzen in sonnenbeschienenen Innenh\u00f6fen und dem Aufsp\u00fcren der besten Aussichten bringt Zelda sowohl Charme als auch Sicherheit in jedes Anwesen, das sie betritt. <\/span><\/p>\n<p><span class=\"more-text\">Zu ihren Spezialit\u00e4ten geh\u00f6ren unauff\u00e4llige \u00dcberwachung, gezieltes Schwanzwedeln und fachm\u00e4nnische Kuscheleinheiten w\u00e4hrend langer Meetings. Bei Keystone glauben wir, dass Vertrauen verdient werden muss \u2013 und Zelda tut dies t\u00e4glich, ein Wedeln nach dem anderen.<\/span><\/p>\n<p><a href=\"https:\/\/keystoneproperties.gr\/de\/\"><span class=\"et-pb-icon\" style=\"font-size: 18px; color: #000000;\">\ue074<\/span><\/a><\/p>\n<p>[\/et_pb_team_member][\/et_pb_column][\/et_pb_row][\/et_pb_section]<\/p>\n","protected":false},"excerpt":{"rendered":"<p>Das Team: Der Grundstein von allemEin Team, das von Vertrauen, Fachwissen und Qualit\u00e4t gepr\u00e4gt ist. Wir sind fokussiert, leidenschaftlich und vollst\u00e4ndig engagiert in dem, was wir tun. Nehmen Sie sich einen Moment Zeit, um Keystone kennenzulernen. Werden Sie Teil von uns.Der Gr\u00fcnder von Keystone, Giannis Choustoulakis, verbindet gezielte Erfahrung im Bereich Luxusimmobilien mit einem modernen, [&hellip;]<\/p>\n","protected":false},"author":2,"featured_media":5871,"parent":0,"menu_order":0,"comment_status":"closed","ping_status":"closed","template":"","meta":{"_acf_changed":false,"_et_pb_use_builder":"on","_et_pb_old_content":"","_et_gb_content_width":"","footnotes":""},"class_list":["post-4829","page","type-page","status-publish","has-post-thumbnail","hentry"],"acf":[],"_links":{"self":[{"href":"https:\/\/keystoneproperties.gr\/de\/wp-json\/wp\/v2\/pages\/4829","targetHints":{"allow":["GET"]}}],"collection":[{"href":"https:\/\/keystoneproperties.gr\/de\/wp-json\/wp\/v2\/pages"}],"about":[{"href":"https:\/\/keystoneproperties.gr\/de\/wp-json\/wp\/v2\/types\/page"}],"author":[{"embeddable":true,"href":"https:\/\/keystoneproperties.gr\/de\/wp-json\/wp\/v2\/users\/2"}],"replies":[{"embeddable":true,"href":"https:\/\/keystoneproperties.gr\/de\/wp-json\/wp\/v2\/comments?post=4829"}],"version-history":[{"count":7,"href":"https:\/\/keystoneproperties.gr\/de\/wp-json\/wp\/v2\/pages\/4829\/revisions"}],"predecessor-version":[{"id":5940,"href":"https:\/\/keystoneproperties.gr\/de\/wp-json\/wp\/v2\/pages\/4829\/revisions\/5940"}],"wp:featuredmedia":[{"embeddable":true,"href":"https:\/\/keystoneproperties.gr\/de\/wp-json\/wp\/v2\/media\/5871"}],"wp:attachment":[{"href":"https:\/\/keystoneproperties.gr\/de\/wp-json\/wp\/v2\/media?parent=4829"}],"curies":[{"name":"wp","href":"https:\/\/api.w.org\/{rel}","templated":true}]}}