{"id":4835,"date":"2025-06-06T08:29:32","date_gmt":"2025-06-06T08:29:32","guid":{"rendered":"https:\/\/keystoneproperties.gr\/verkauf\/"},"modified":"2026-01-31T22:25:11","modified_gmt":"2026-01-31T22:25:11","slug":"verkauf","status":"publish","type":"page","link":"https:\/\/keystoneproperties.gr\/de\/verkauf\/","title":{"rendered":"Verkaufen"},"content":{"rendered":"<p>[et_pb_section fb_built=&#8221;1&#8243; custom_padding_last_edited=&#8221;on|phone&#8221; _builder_version=&#8221;4.27.5&#8243; _module_preset=&#8221;default&#8221; background_color=&#8221;#f5f5f5&#8243; background_enable_image=&#8221;off&#8221; z_index=&#8221;55&#8243; custom_padding=&#8221;250px||150px||false|false&#8221; custom_padding_tablet=&#8221;100px||100px||true|false&#8221; custom_padding_phone=&#8221;140px||60px||false|false&#8221; collapsed=&#8221;off&#8221; global_colors_info=&#8221;{}&#8221;][et_pb_row _builder_version=&#8221;4.27.4&#8243; _module_preset=&#8221;default&#8221; global_colors_info=&#8221;{}&#8221;][et_pb_column type=&#8221;4_4&#8243; _builder_version=&#8221;4.27.4&#8243; _module_preset=&#8221;default&#8221; global_colors_info=&#8221;{}&#8221;][et_pb_text _builder_version=&#8221;4.27.5&#8243; _module_preset=&#8221;default&#8221; header_font=&#8221;Libre Baskerville||||||||&#8221; header_text_align=&#8221;center&#8221; header_text_color=&#8221;#000000&#8243; header_font_size=&#8221;48px&#8221; header_font_size_tablet=&#8221;36px&#8221; header_font_size_phone=&#8221;24px&#8221; header_font_size_last_edited=&#8221;on|phone&#8221; global_colors_info=&#8221;{}&#8221;]<\/p>\n<h1>Verkaufen mit Keystone<\/h1>\n<p>[\/et_pb_text][et_pb_code _builder_version=&#8221;4.27.5&#8243; _module_preset=&#8221;default&#8221; text_orientation=&#8221;left&#8221; max_width=&#8221;600px&#8221; module_alignment=&#8221;center&#8221; global_colors_info=&#8221;{}&#8221;]\n<div class=\"wpcf7 no-js\" id=\"wpcf7-f5553-o1\" lang=\"de-DE\" dir=\"ltr\" data-wpcf7-id=\"5553\">\n<div class=\"screen-reader-response\"><p role=\"status\" aria-live=\"polite\" aria-atomic=\"true\"><\/p> <ul><\/ul><\/div>\n<form action=\"\/de\/wp-json\/wp\/v2\/pages\/4835#wpcf7-f5553-o1\" method=\"post\" class=\"wpcf7-form init\" aria-label=\"Kontaktformular\" novalidate=\"novalidate\" data-status=\"init\">\n<fieldset class=\"hidden-fields-container\"><input type=\"hidden\" name=\"_wpcf7\" value=\"5553\" \/><input type=\"hidden\" name=\"_wpcf7_version\" value=\"6.1.5\" \/><input type=\"hidden\" name=\"_wpcf7_locale\" value=\"de_DE\" \/><input type=\"hidden\" name=\"_wpcf7_unit_tag\" value=\"wpcf7-f5553-o1\" \/><input type=\"hidden\" name=\"_wpcf7_container_post\" value=\"0\" \/><input type=\"hidden\" name=\"_wpcf7_posted_data_hash\" value=\"\" \/>\n<\/fieldset>\n<p><span class=\"wpcf7-form-control-wrap\" data-name=\"your-name\"><input size=\"40\" maxlength=\"400\" class=\"wpcf7-form-control wpcf7-text wpcf7-validates-as-required\" aria-required=\"true\" aria-invalid=\"false\" placeholder=\"Vollsatndiger Name\" value=\"\" type=\"text\" name=\"your-name\" \/><\/span>\n<\/p>\n<p><span class=\"wpcf7-form-control-wrap\" data-name=\"your-email\"><input size=\"40\" maxlength=\"400\" class=\"wpcf7-form-control wpcf7-email wpcf7-validates-as-required wpcf7-text wpcf7-validates-as-email\" aria-required=\"true\" aria-invalid=\"false\" placeholder=\"Email\" value=\"\" type=\"email\" name=\"your-email\" \/><\/span>\n<\/p>\n<p><span class=\"wpcf7-form-control-wrap\" data-name=\"tel-640\"><input size=\"40\" maxlength=\"400\" class=\"wpcf7-form-control wpcf7-tel wpcf7-text wpcf7-validates-as-tel\" aria-invalid=\"false\" placeholder=\"Telephone\" value=\"\" type=\"tel\" name=\"tel-640\" \/><\/span>\n<\/p>\n<p><span class=\"wpcf7-form-control-wrap\" data-name=\"your-message\"><textarea cols=\"40\" rows=\"10\" maxlength=\"2000\" class=\"wpcf7-form-control wpcf7-textarea\" aria-invalid=\"false\" placeholder=\"Notizen\/Ihre Nachricht an unser Team\" name=\"your-message\"><\/textarea><\/span>\n<\/p>\n<p><input class=\"wpcf7-form-control wpcf7-submit has-spinner\" type=\"submit\" value=\"Ihre Immobilie einreichen\" \/>\n<\/p><div class=\"wpcf7-response-output\" aria-hidden=\"true\"><\/div>\n<\/form>\n<\/div>\n[\/et_pb_code][\/et_pb_column][\/et_pb_row][\/et_pb_section][et_pb_section fb_built=&#8221;1&#8243; custom_padding_last_edited=&#8221;on|phone&#8221; _builder_version=&#8221;4.27.4&#8243; _module_preset=&#8221;default&#8221; custom_padding=&#8221;||||false|false&#8221; custom_padding_tablet=&#8221;20px||20px||false|false&#8221; custom_padding_phone=&#8221;20px||20px||false|false&#8221; global_colors_info=&#8221;{}&#8221;][et_pb_row custom_padding_last_edited=&#8221;on|phone&#8221; _builder_version=&#8221;4.27.4&#8243; _module_preset=&#8221;default&#8221; custom_padding_tablet=&#8221;&#8221; custom_padding_phone=&#8221;40px||0px||false|false&#8221; animation_style=&#8221;zoom&#8221; animation_delay=&#8221;200ms&#8221; animation_intensity_zoom=&#8221;10%&#8221; global_colors_info=&#8221;{}&#8221;][et_pb_column type=&#8221;4_4&#8243; _builder_version=&#8221;4.27.4&#8243; _module_preset=&#8221;default&#8221; global_colors_info=&#8221;{}&#8221;][et_pb_text admin_label=&#8221;Text&#8221; _builder_version=&#8221;4.27.4&#8243; _module_preset=&#8221;default&#8221; text_font=&#8221;Libre Baskerville||||||||&#8221; text_text_color=&#8221;#8d702c&#8221; text_font_size=&#8221;16px&#8221; custom_margin=&#8221;||0px||false|false&#8221; custom_margin_tablet=&#8221;||3px||false|false&#8221; custom_margin_phone=&#8221;||3px||false|false&#8221; custom_margin_last_edited=&#8221;on|phone&#8221; global_colors_info=&#8221;{}&#8221;]<\/p>\n<p>Luxusimmobilien verkaufen<\/p>\n<p>[\/et_pb_text][et_pb_text _builder_version=&#8221;4.27.5&#8243; _module_preset=&#8221;default&#8221; text_font=&#8221;Inter|300|||||||&#8221; text_line_height=&#8221;1.5em&#8221; header_2_font=&#8221;Libre Baskerville||||||||&#8221; header_2_line_height=&#8221;1.3em&#8221; header_3_font=&#8221;Libre Baskerville||||||||&#8221; header_3_font_size=&#8221;24px&#8221; header_3_line_height=&#8221;1.3em&#8221; custom_margin=&#8221;||59px|||&#8221; hover_enabled=&#8221;0&#8243; custom_css_free_form=&#8221;h2 {||  padding-bottom: 20px !important;||}&#8221; global_colors_info=&#8221;{}&#8221; link_text_color=&#8221;#182030&#8243; sticky_enabled=&#8221;0&#8243;]<\/p>\n<h2>Pr\u00e4zision. Diskretion. Ergebnisse.<\/h2>\n<p>Der Verkauf einer Luxusimmobilie dreht sich nie nur um die Transaktion \u2013 es geht darum, den Wert zu sch\u00fctzen, Einzigartigkeit zu vermitteln und sicherzustellen, dass die richtigen Menschen aufmerksam sind. Bei <a href=\"https:\/\/keystoneproperties.gr\/de\/ueber-uns\/\">Keystone<\/a> kombinieren wir ma\u00dfgeschneiderte Strategien, raffinierte \u00c4sthetik und fortschrittliche Tools, um Ihre Immobilie so zu pr\u00e4sentieren, wie sie es verdient: mit Tiefe, Eleganz und Absicht.<\/p>\n<p>[\/et_pb_text][et_pb_image src=&#8221;https:\/\/keystoneproperties.gr\/wp-content\/uploads\/2025\/07\/team.jpg&#8221; title_text=&#8221;team&#8221; _builder_version=&#8221;4.27.4&#8243; _module_preset=&#8221;default&#8221; global_colors_info=&#8221;{}&#8221;][\/et_pb_image][et_pb_image title_text=&#8221;cropped-keystone-favicon.png&#8221; _builder_version=&#8221;4.27.5&#8243; _module_preset=&#8221;default&#8221; custom_margin_tablet=&#8221;&#8221; custom_margin_phone=&#8221;||0px||false|false&#8221; custom_margin_last_edited=&#8221;on|desktop&#8221; global_colors_info=&#8221;{}&#8221;][\/et_pb_image][\/et_pb_column][\/et_pb_row][\/et_pb_section][et_pb_section fb_built=&#8221;1&#8243; module_id=&#8221;approach&#8221; _builder_version=&#8221;4.27.4&#8243; _module_preset=&#8221;default&#8221; custom_padding=&#8221;60px||120px||false|false&#8221; global_colors_info=&#8221;{}&#8221;][et_pb_row column_structure=&#8221;1_2,1_2&#8243; use_custom_gutter=&#8221;on&#8221; gutter_width=&#8221;4&#8243; make_equal=&#8221;on&#8221; _builder_version=&#8221;4.27.4&#8243; _module_preset=&#8221;default&#8221; animation_style=&#8221;flip&#8221; animation_intensity_flip=&#8221;20%&#8221; global_colors_info=&#8221;{}&#8221;][et_pb_column type=&#8221;1_2&#8243; _builder_version=&#8221;4.27.4&#8243; _module_preset=&#8221;default&#8221; global_colors_info=&#8221;{}&#8221;][et_pb_text _builder_version=&#8221;4.27.5&#8243; _module_preset=&#8221;default&#8221; text_font=&#8221;Inter|300|||||||&#8221; header_4_font=&#8221;Libre Baskerville||||||||&#8221; header_4_font_size=&#8221;20px&#8221; height=&#8221;100%&#8221; custom_margin_tablet=&#8221;&#8221; custom_margin_phone=&#8221;||20px||false|false&#8221; custom_margin_last_edited=&#8221;on|phone&#8221; custom_padding=&#8221;40px|40px|40px|40px|true|true&#8221; custom_css_free_form=&#8221;#approach selector::before {||  position: absolute;||  top: -30px;||  left: -30px;||  content: &#8216;%92e104&#8217;;||  font-family: ETmodules;||  font-size: 30px;||  font-weight: 900;||  background: #eee;||  padding: 10px;||  border-radius: 50%;||  width: 50px;||  height: 50px;||  display: flex;||  align-items: center;||  justify-content: center;||  color: #999;||}&#8221; border_width_all=&#8221;1px&#8221; border_color_all=&#8221;#BDB39B&#8221; global_colors_info=&#8221;{}&#8221;]<\/p>\n<h4>Premium-Verhandlungen &amp; Abschluss<\/h4>\n<p>Von der ersten Anfrage bis zur finalen Unterschrift vertreten wir Ihre Interessen mit diskreter Durchsetzungskraft. Jeder Kontaktpunkt wird mit Professionalit\u00e4t, Transparenz und Respekt behandelt \u2013 und liefert Ergebnisse, die die Erwartungen \u00fcbertreffen.<\/p>\n<p>[\/et_pb_text][\/et_pb_column][et_pb_column type=&#8221;1_2&#8243; _builder_version=&#8221;4.27.4&#8243; _module_preset=&#8221;default&#8221; global_colors_info=&#8221;{}&#8221;][et_pb_text _builder_version=&#8221;4.27.5&#8243; _module_preset=&#8221;default&#8221; text_font=&#8221;Inter|300|||||||&#8221; header_4_font=&#8221;Libre Baskerville||||||||&#8221; header_4_font_size=&#8221;20px&#8221; height=&#8221;100%&#8221; custom_padding=&#8221;40px|40px|40px|40px|true|true&#8221; custom_css_free_form=&#8221;#approach selector::before {||  position: absolute;||  top: -30px;||  left: -30px;||  content: &#8216; %92e101&#8217;;||  font-family: ETmodules;||  font-size: 30px;||  font-weight: 900;||  background: #eee;||  padding: 10px;||  border-radius: 50%;||  width: 50px;||  height: 50px;||  display: flex;||  align-items: center;||  justify-content: center;||  color: #999;||}&#8221; border_width_all=&#8221;1px&#8221; border_color_all=&#8221;#BDB39B&#8221; global_colors_info=&#8221;{}&#8221;]<\/p>\n<h4>Hochwertige Pr\u00e4sentation<\/h4>\n<p>Luxus liegt im Detail. Professionelle Fotografie, Videografie, Drohnenaufnahmen, stimmungsorientiertes Copywriting und mehrsprachige Materialien sorgen daf\u00fcr, dass Ihre Immobilie nicht nur gesehen, sondern erlebt wird. Wir konzentrieren uns auf Storytelling, das Emotionen weckt und gleichzeitig absolute Genauigkeit gew\u00e4hrleistet.<\/p>\n<p>[\/et_pb_text][\/et_pb_column][\/et_pb_row][et_pb_row _builder_version=&#8221;4.27.4&#8243; _module_preset=&#8221;default&#8221; custom_padding=&#8221;70px||70px||true|false&#8221; animation_style=&#8221;zoom&#8221; animation_intensity_zoom=&#8221;20%&#8221; global_colors_info=&#8221;{}&#8221;][et_pb_column type=&#8221;4_4&#8243; _builder_version=&#8221;4.27.4&#8243; _module_preset=&#8221;default&#8221; global_colors_info=&#8221;{}&#8221;][et_pb_text admin_label=&#8221;Text&#8221; _builder_version=&#8221;4.27.5&#8243; _module_preset=&#8221;default&#8221; text_font=&#8221;Libre Baskerville|300|||||||&#8221; text_text_color=&#8221;#8d702c&#8221; text_font_size=&#8221;16px&#8221; text_orientation=&#8221;center&#8221; custom_margin=&#8221;||10px||false|false&#8221; hover_enabled=&#8221;0&#8243; global_colors_info=&#8221;{}&#8221; sticky_enabled=&#8221;0&#8243;]<\/p>\n<p>Ma\u00dfgeschneiderte Positionierung<\/p>\n<p>[\/et_pb_text][et_pb_text _builder_version=&#8221;4.27.4&#8243; _module_preset=&#8221;default&#8221; header_2_font=&#8221;Libre Baskerville||||||||&#8221; header_2_line_height=&#8221;1.5em&#8221; header_3_font=&#8221;Libre Baskerville||||||||&#8221; header_3_text_align=&#8221;center&#8221; header_3_font_size=&#8221;30px&#8221; custom_margin=&#8221;||21px|||&#8221; global_colors_info=&#8221;{}&#8221;]<\/p>\n<h3>Unser Verkaufsansatz<\/h3>\n<p>[\/et_pb_text][et_pb_text _builder_version=&#8221;4.27.5&#8243; _module_preset=&#8221;default&#8221; text_font=&#8221;Inter|300|||||||&#8221; text_orientation=&#8221;center&#8221; max_width=&#8221;500px&#8221; module_alignment=&#8221;center&#8221; global_colors_info=&#8221;{}&#8221;]<\/p>\n<p>Wir listen nicht \u2013 wir gestalten. Jede Immobilie wird hinsichtlich Charakter, architektonischem Wert und Marktposition analysiert. Anschlie\u00dfend passen wir die Verkaufsstrategie an, um das richtige Interesse zu wecken \u2013 sei es \u00f6ffentlich oder strikt Off-Market.<\/p>\n<p>[\/et_pb_text][\/et_pb_column][\/et_pb_row][et_pb_row column_structure=&#8221;1_2,1_2&#8243; use_custom_gutter=&#8221;on&#8221; gutter_width=&#8221;4&#8243; make_equal=&#8221;on&#8221; _builder_version=&#8221;4.27.4&#8243; _module_preset=&#8221;default&#8221; animation_style=&#8221;flip&#8221; animation_intensity_flip=&#8221;20%&#8221; global_colors_info=&#8221;{}&#8221;][et_pb_column type=&#8221;1_2&#8243; _builder_version=&#8221;4.27.4&#8243; _module_preset=&#8221;default&#8221; global_colors_info=&#8221;{}&#8221;][et_pb_text _builder_version=&#8221;4.27.5&#8243; _module_preset=&#8221;default&#8221; text_font=&#8221;Inter|300|||||||&#8221; header_4_font=&#8221;Libre Baskerville||||||||&#8221; header_4_font_size=&#8221;20px&#8221; height=&#8221;100%&#8221; custom_margin_tablet=&#8221;&#8221; custom_margin_phone=&#8221;||20px||false|false&#8221; custom_margin_last_edited=&#8221;on|desktop&#8221; custom_padding=&#8221;40px|40px|40px|40px|true|true&#8221; custom_css_free_form=&#8221;#approach selector::before {||  position: absolute;||  top: -30px;||  left: -30px;||  content: &#8216; %927e&#8217;;||  font-family: ETmodules;||  font-size: 30px;||  font-weight: 900;||  background: #eee;||  padding: 10px;||  border-radius: 50%;||  width: 50px;||  height: 50px;||  display: flex;||  align-items: center;||  justify-content: center;||  color: #999;||}&#8221; border_width_all=&#8221;1px&#8221; border_color_all=&#8221;#BDB39B&#8221; global_colors_info=&#8221;{}&#8221;]<\/p>\n<h4>Diskrete Verteilung<\/h4>\n<p>Diskretion steht bei uns im Mittelpunkt. Immobilien k\u00f6nnen auf f\u00fchrenden Plattformen pr\u00e4sentiert oder vollst\u00e4ndig Off-Market \u00fcber unser gepr\u00fcftes Netzwerk von HNWI, Investoren und Relocation-Experten abgewickelt werden.<\/p>\n<p>[\/et_pb_text][\/et_pb_column][et_pb_column type=&#8221;1_2&#8243; _builder_version=&#8221;4.27.4&#8243; _module_preset=&#8221;default&#8221; global_colors_info=&#8221;{}&#8221;][et_pb_text _builder_version=&#8221;4.27.5&#8243; _module_preset=&#8221;default&#8221; text_font=&#8221;Inter|300|||||||&#8221; header_4_font=&#8221;Libre Baskerville||||||||&#8221; header_4_font_size=&#8221;20px&#8221; height=&#8221;100%&#8221; custom_padding=&#8221;40px|40px|40px|40px|true|true&#8221; custom_css_free_form=&#8221;#approach selector::before {||  position: absolute;||  top: -30px;||  left: -30px;||  content: &#8216;%92e109&#8217;;||  font-family: ETmodules;||  font-size: 30px;||  font-weight: 900;||  background: #eee;||  padding: 10px;||  border-radius: 50%;||  width: 50px;||  height: 50px;||  display: flex;||  align-items: center;||  justify-content: center;||  color: #999;||}&#8221; border_width_all=&#8221;1px&#8221; border_color_all=&#8221;#BDB39B&#8221; global_colors_info=&#8221;{}&#8221;]<\/p>\n<h4>Datenbasierte Strategie<\/h4>\n<p>Wir nutzen Analysen, um Timing, Preisgestaltung und Kampagnenleistung zu optimieren. Echtzeit-Feedback informiert \u00fcber strategische Anpassungen, w\u00e4hrend Erkenntnisse zum K\u00e4uferverhalten uns helfen, Leads zu qualifizieren, noch bevor sie Sie erreichen.<\/p>\n<p>[\/et_pb_text][\/et_pb_column][\/et_pb_row][\/et_pb_section][et_pb_section fb_built=&#8221;1&#8243; custom_padding_last_edited=&#8221;on|phone&#8221; _builder_version=&#8221;4.27.4&#8243; _module_preset=&#8221;default&#8221; background_enable_color=&#8221;off&#8221; use_background_color_gradient=&#8221;on&#8221; background_color_gradient_stops=&#8221;#182030 0%|rgba(24,32,48,0.86) 100%&#8221; background_color_gradient_overlays_image=&#8221;on&#8221; background_image=&#8221;https:\/\/keystoneproperties.gr\/wp-content\/uploads\/2025\/10\/FODELE_NEW_008-scaled.avif&#8221; custom_padding=&#8221;120px||120px||true|false&#8221; custom_padding_tablet=&#8221;80px||80px||true|false&#8221; custom_padding_phone=&#8221;60px||60px||true|false&#8221; global_colors_info=&#8221;{}&#8221;][et_pb_row _builder_version=&#8221;4.27.4&#8243; _module_preset=&#8221;default&#8221; global_colors_info=&#8221;{}&#8221;][et_pb_column type=&#8221;4_4&#8243; _builder_version=&#8221;4.27.4&#8243; _module_preset=&#8221;default&#8221; global_colors_info=&#8221;{}&#8221;][et_pb_text ul_type=&#8221;none&#8221; _builder_version=&#8221;4.27.5&#8243; _module_preset=&#8221;default&#8221; text_text_color=&#8221;#bcbcbc&#8221; text_font_size=&#8221;22px&#8221; ul_text_color=&#8221;#ffffff&#8221; ul_font_size=&#8221;18px&#8221; header_text_color=&#8221;#FFFFFF&#8221; header_2_font=&#8221;Libre Baskerville||||||||&#8221; header_2_text_color=&#8221;#FFFFFF&#8221; header_2_font_size=&#8221;32px&#8221; hover_enabled=&#8221;0&#8243; custom_css_free_form=&#8221;selector li {||  position: relative;||  margin-bottom: 10px;||}|| selector li::before {||  content: &#8216;%9252&#8217;;||  color: #bdb39b;||  font-family: ETmodules;||  margin-right: 10px;||}||selector h2 {||  padding-bottom: 30px;||}||selector ul {||  padding: 0 !important;||}&#8221; ul_text_shadow_style=&#8221;preset4&#8243; ul_text_shadow_color=&#8221;RGBA(255,255,255,0)&#8221; global_colors_info=&#8221;{}&#8221; link_text_color=&#8221;#FFFFFF&#8221; sticky_enabled=&#8221;0&#8243;]<\/p>\n<h2>Warum Keystone?<\/h2>\n<ul>\n<li>Spezialisiert auf High-End-Immobilien (Athener Riviera, <a href=\"https:\/\/maps.app.goo.gl\/tNyf6M1w59Cm7ofz7\" target=\"_blank\" rel=\"noopener\">Kreta<\/a>, Inseln, exklusive Vororte)<\/li>\n<li>Zweisprachige und internationale Kundenbetreuung<\/li>\n<li>Off-Market- und diskretes Portfolio verf\u00fcgbar<\/li>\n<li><a href=\"https:\/\/keystoneproperties.gr\/de\/team\/\">Gr\u00fcndergef\u00fchrt, pers\u00f6nliche Betreuung<\/a><\/li>\n<li>Marketingmaterialien werden intern erstellt f\u00fcr Pr\u00e4zision &amp; Qualit\u00e4tskontrolle<\/li>\n<\/ul>\n<p>[\/et_pb_text][et_pb_button button_text=&#8221;Verkauf starten&#8221; button_alignment=&#8221;left&#8221; _builder_version=&#8221;4.27.4&#8243; _module_preset=&#8221;default&#8221; custom_button=&#8221;on&#8221; button_text_color=&#8221;#000000&#8243; button_bg_color=&#8221;#FFFFFF&#8221; button_border_width=&#8221;1px&#8221; button_border_color=&#8221;#000000&#8243; button_border_radius=&#8221;50px&#8221; button_font=&#8221;Alike||||||||&#8221; button_use_icon=&#8221;off&#8221; custom_margin=&#8221;60px||||false|false&#8221; custom_padding=&#8221;12px|43px|12px|43px|true|true&#8221; custom_padding_tablet=&#8221;10px|40px|10px|40px|true|true&#8221; custom_padding_phone=&#8221;9px|35px|9px|35px|true|true&#8221; custom_padding_last_edited=&#8221;on|phone&#8221; button_text_size_tablet=&#8221;&#8221; button_text_size_phone=&#8221;16px&#8221; button_text_size_last_edited=&#8221;on|phone&#8221; global_colors_info=&#8221;{}&#8221; button_bg_color__hover_enabled=&#8221;on|desktop&#8221; button_bg_color__hover=&#8221;#BDB39B&#8221; button_bg_enable_color__hover=&#8221;on&#8221; button_text_color__hover_enabled=&#8221;on|desktop&#8221; button_text_color__hover=&#8221;#FFFFFF&#8221;][\/et_pb_button][\/et_pb_column][\/et_pb_row][\/et_pb_section]<\/p>\n","protected":false},"excerpt":{"rendered":"<p>Verkaufen mit Keystone\n<div class=\"wpcf7 no-js\" id=\"wpcf7-f5553-o2\" lang=\"de-DE\" dir=\"ltr\" data-wpcf7-id=\"5553\">\n<div class=\"screen-reader-response\"><p role=\"status\" aria-live=\"polite\" aria-atomic=\"true\"><\/p> <ul><\/ul><\/div>\n<form action=\"\/de\/wp-json\/wp\/v2\/pages\/4835#wpcf7-f5553-o2\" method=\"post\" class=\"wpcf7-form init\" aria-label=\"Kontaktformular\" novalidate=\"novalidate\" data-status=\"init\">\n<fieldset class=\"hidden-fields-container\"><input type=\"hidden\" name=\"_wpcf7\" value=\"5553\" \/><input type=\"hidden\" name=\"_wpcf7_version\" value=\"6.1.5\" \/><input type=\"hidden\" name=\"_wpcf7_locale\" value=\"de_DE\" \/><input type=\"hidden\" name=\"_wpcf7_unit_tag\" value=\"wpcf7-f5553-o2\" \/><input type=\"hidden\" name=\"_wpcf7_container_post\" value=\"0\" \/><input type=\"hidden\" name=\"_wpcf7_posted_data_hash\" value=\"\" \/>\n<\/fieldset>\n<p><span class=\"wpcf7-form-control-wrap\" data-name=\"your-name\"><input size=\"40\" maxlength=\"400\" class=\"wpcf7-form-control wpcf7-text wpcf7-validates-as-required\" aria-required=\"true\" aria-invalid=\"false\" placeholder=\"Vollsatndiger Name\" value=\"\" type=\"text\" name=\"your-name\" \/><\/span>\n<\/p>\n<p><span class=\"wpcf7-form-control-wrap\" data-name=\"your-email\"><input size=\"40\" maxlength=\"400\" class=\"wpcf7-form-control wpcf7-email wpcf7-validates-as-required wpcf7-text wpcf7-validates-as-email\" aria-required=\"true\" aria-invalid=\"false\" placeholder=\"Email\" value=\"\" type=\"email\" name=\"your-email\" \/><\/span>\n<\/p>\n<p><span class=\"wpcf7-form-control-wrap\" data-name=\"tel-640\"><input size=\"40\" maxlength=\"400\" class=\"wpcf7-form-control wpcf7-tel wpcf7-text wpcf7-validates-as-tel\" aria-invalid=\"false\" placeholder=\"Telephone\" value=\"\" type=\"tel\" name=\"tel-640\" \/><\/span>\n<\/p>\n<p><span class=\"wpcf7-form-control-wrap\" data-name=\"your-message\"><textarea cols=\"40\" rows=\"10\" maxlength=\"2000\" class=\"wpcf7-form-control wpcf7-textarea\" aria-invalid=\"false\" placeholder=\"Notizen\/Ihre Nachricht an unser Team\" name=\"your-message\"><\/textarea><\/span>\n<\/p>\n<p><input class=\"wpcf7-form-control wpcf7-submit has-spinner\" type=\"submit\" value=\"Ihre Immobilie einreichen\" \/>\n<\/p><div class=\"wpcf7-response-output\" aria-hidden=\"true\"><\/div>\n<\/form>\n<\/div>\nLuxusimmobilien verkaufenPr\u00e4zision. Diskretion. Ergebnisse. Der Verkauf einer Luxusimmobilie dreht sich nie nur um die Transaktion \u2013 es geht darum, den Wert zu sch\u00fctzen, Einzigartigkeit zu vermitteln und sicherzustellen, dass die richtigen Menschen aufmerksam sind. Bei Keystone kombinieren wir ma\u00dfgeschneiderte Strategien, raffinierte \u00c4sthetik und fortschrittliche Tools, um Ihre Immobilie so zu pr\u00e4sentieren, [&hellip;]<\/p>\n","protected":false},"author":2,"featured_media":5875,"parent":0,"menu_order":0,"comment_status":"closed","ping_status":"closed","template":"","meta":{"_acf_changed":false,"_et_pb_use_builder":"on","_et_pb_old_content":"","_et_gb_content_width":"","footnotes":""},"class_list":["post-4835","page","type-page","status-publish","has-post-thumbnail","hentry"],"acf":[],"_links":{"self":[{"href":"https:\/\/keystoneproperties.gr\/de\/wp-json\/wp\/v2\/pages\/4835","targetHints":{"allow":["GET"]}}],"collection":[{"href":"https:\/\/keystoneproperties.gr\/de\/wp-json\/wp\/v2\/pages"}],"about":[{"href":"https:\/\/keystoneproperties.gr\/de\/wp-json\/wp\/v2\/types\/page"}],"author":[{"embeddable":true,"href":"https:\/\/keystoneproperties.gr\/de\/wp-json\/wp\/v2\/users\/2"}],"replies":[{"embeddable":true,"href":"https:\/\/keystoneproperties.gr\/de\/wp-json\/wp\/v2\/comments?post=4835"}],"version-history":[{"count":7,"href":"https:\/\/keystoneproperties.gr\/de\/wp-json\/wp\/v2\/pages\/4835\/revisions"}],"predecessor-version":[{"id":5888,"href":"https:\/\/keystoneproperties.gr\/de\/wp-json\/wp\/v2\/pages\/4835\/revisions\/5888"}],"wp:featuredmedia":[{"embeddable":true,"href":"https:\/\/keystoneproperties.gr\/de\/wp-json\/wp\/v2\/media\/5875"}],"wp:attachment":[{"href":"https:\/\/keystoneproperties.gr\/de\/wp-json\/wp\/v2\/media?parent=4835"}],"curies":[{"name":"wp","href":"https:\/\/api.w.org\/{rel}","templated":true}]}}