{"id":4910,"date":"2025-11-29T13:11:34","date_gmt":"2025-11-29T13:11:34","guid":{"rendered":"https:\/\/keystoneproperties.gr\/product\/nerea\/"},"modified":"2026-01-30T09:00:26","modified_gmt":"2026-01-30T09:00:26","slug":"nerea","status":"publish","type":"product","link":"https:\/\/keystoneproperties.gr\/de\/produkt\/nerea\/","title":{"rendered":"N\u00c9REA"},"content":{"rendered":"<p>[et_pb_section fb_built=&#8221;1&#8243; _builder_version=&#8221;4.27.4&#8243; _module_preset=&#8221;default&#8221; global_colors_info=&#8221;{}&#8221;][et_pb_row _builder_version=&#8221;4.27.4&#8243; _module_preset=&#8221;default&#8221; width=&#8221;90%&#8221; max_width=&#8221;100%&#8221; custom_padding=&#8221;0px||||false|false&#8221; global_colors_info=&#8221;{}&#8221;][et_pb_column type=&#8221;4_4&#8243; _builder_version=&#8221;4.27.4&#8243; _module_preset=&#8221;default&#8221; global_colors_info=&#8221;{}&#8221;][dmg_masonry_gallery gallery=&#8221;3140,3143,3144,3145,3146,3147,3148,3149,3150,3151,3152,3153,3154,3156,3157,3158,3159,3160,3161,3162,3163,3164,3165,3166,3167&#8243; gutter=&#8221;15&#8243; _builder_version=&#8221;4.27.5&#8243; _module_preset=&#8221;default&#8221; global_colors_info=&#8221;{}&#8221;][\/dmg_masonry_gallery][\/et_pb_column][\/et_pb_row][\/et_pb_section][et_pb_section fb_built=&#8221;1&#8243; _builder_version=&#8221;4.27.4&#8243; _module_preset=&#8221;default&#8221; background_color=&#8221;#182030&#8243; custom_padding=&#8221;0px||0px||true|false&#8221; global_colors_info=&#8221;{}&#8221;][et_pb_row column_structure=&#8221;1_2,1_2&#8243; use_custom_gutter=&#8221;on&#8221; gutter_width=&#8221;1&#8243; make_equal=&#8221;on&#8221; custom_padding_last_edited=&#8221;on|phone&#8221; _builder_version=&#8221;4.27.4&#8243; _module_preset=&#8221;default&#8221; width=&#8221;100%&#8221; max_width=&#8221;100%&#8221; custom_padding=&#8221;0px||0px||false|false&#8221; custom_padding_tablet=&#8221;0px||0px||false|false&#8221; custom_padding_phone=&#8221;0px||0px||true|false&#8221; global_colors_info=&#8221;{}&#8221;][et_pb_column type=&#8221;1_2&#8243; _builder_version=&#8221;4.27.4&#8243; _module_preset=&#8221;default&#8221; global_colors_info=&#8221;{}&#8221;][et_pb_blog posts_number=&#8221;1&#8243; include_categories=&#8221;203&#8243; show_author=&#8221;off&#8221; show_date=&#8221;off&#8221; show_categories=&#8221;off&#8221; show_pagination=&#8221;off&#8221; _builder_version=&#8221;4.27.5&#8243; _module_preset=&#8221;default&#8221; header_font=&#8221;Libre Baskerville||||||||&#8221; header_text_color=&#8221;#FFFFFF&#8221; header_line_height=&#8221;1.5em&#8221; body_text_color=&#8221;#FFFFFF&#8221; custom_padding=&#8221;80px|80px|80px|80px|true|true&#8221; custom_padding_tablet=&#8221;40px|40px|40px|40px|true|true&#8221; custom_padding_phone=&#8221;20px|20px|20px|20px|true|true&#8221; custom_padding_last_edited=&#8221;on|phone&#8221; global_colors_info=&#8221;{}&#8221;][\/et_pb_blog][\/et_pb_column][et_pb_column type=&#8221;1_2&#8243; _builder_version=&#8221;4.27.4&#8243; _module_preset=&#8221;default&#8221; global_colors_info=&#8221;{}&#8221;][et_pb_map address=&#8221;Ploutonos street 1, \u03a0\u03ad\u03b3\u03b5\u03b9\u03b1 8560, \u039a\u03cd\u03c0\u03c1\u03bf\u03c2&#8221; zoom_level=&#8221;14&#8243; address_lat=&#8221;34.8715184&#8243; address_lng=&#8221;32.3712695&#8243; _builder_version=&#8221;4.27.5&#8243; _module_preset=&#8221;default&#8221; height=&#8221;700px&#8221; custom_margin=&#8221;80px|80px|80px||true|false&#8221; custom_padding=&#8221;||||false|false&#8221; filter_saturate=&#8221;16%&#8221; filter_brightness=&#8221;111%&#8221; filter_contrast=&#8221;89%&#8221; global_colors_info=&#8221;{}&#8221;][et_pb_map_pin pin_address=&#8221;V9CC+JG2, Kastalia Park, \u03a0\u03ad\u03b3\u03b5\u03b9\u03b1 8560, \u039a\u03cd\u03c0\u03c1\u03bf\u03c2&#8221; pin_address_lat=&#8221;34.8715184&#8243; pin_address_lng=&#8221;32.3712695&#8243; _builder_version=&#8221;4.27.5&#8243; _module_preset=&#8221;default&#8221; global_colors_info=&#8221;{}&#8221;][\/et_pb_map_pin][\/et_pb_map][\/et_pb_column][\/et_pb_row][\/et_pb_section]<\/p>\n","protected":false},"excerpt":{"rendered":"<div class=\"et_pb_module dmg_masonry_gallery dmg_masonry_gallery_0\">\n\t\t\t\t\n\t\t\t\t\n\t\t\t\t\n\t\t\t\t\n\t\t\t\t\n\t\t\t\t\n\t\t\t\t<div class=\"et_pb_module_inner\">\n\t\t\t\t\t\n\t\t\t<div class=\"dmg-gallery-wrapper\">\n\t\t\t\t\n\t\t\t\t<div class=\"dmg-gallery dmg-modal-gallery \">\n\t\t\t\t\t<div class=\"dmg-gallery-sizer\"><\/div>\n\t\t\t\t\t<div class=\"dmg-gutter-sizer\"><\/div>\n\t\t\t\t\t\n\t\t\t\t\t\t\t<a data-width=\"980\" data-height=\"551\" href=\"https:\/\/keystoneproperties.gr\/wp-content\/uploads\/2025\/11\/CSG-PH-N-Exterior-1-10.jpg\"  data-categories=\"\" class=\"dmg_masonry_gallery_item \" >\n\t\t\t\t\t\t\t\t<img class=\"dmg-lazyload\" alt=\"CSG PH N Exterior 1 10\" data-src=\"https:\/\/keystoneproperties.gr\/wp-content\/uploads\/2025\/11\/CSG-PH-N-Exterior-1-10-980x551.jpg\" width=\"980\" height=\"551\" \/>\n\t\t\t\t\t\t\t\t<span class=\"et_overlay\"><\/span>\n\t\t\t\t\t\t\t<\/a>\n\t\t\t\t\t\t\t\n\t\t\t\t\t\t\t<a data-width=\"980\" data-height=\"551\" href=\"https:\/\/keystoneproperties.gr\/wp-content\/uploads\/2025\/11\/CSG-PH-N-Exterior-1-1.jpg\"  data-categories=\"\" class=\"dmg_masonry_gallery_item \" >\n\t\t\t\t\t\t\t\t<img class=\"dmg-lazyload\" alt=\"CSG PH N Exterior 1 1\" data-src=\"https:\/\/keystoneproperties.gr\/wp-content\/uploads\/2025\/11\/CSG-PH-N-Exterior-1-1-980x551.jpg\" width=\"980\" height=\"551\" \/>\n\t\t\t\t\t\t\t\t<span class=\"et_overlay\"><\/span>\n\t\t\t\t\t\t\t<\/a>\n\t\t\t\t\t\t\t\n\t\t\t\t\t\t\t<a data-width=\"980\" data-height=\"551\" href=\"https:\/\/keystoneproperties.gr\/wp-content\/uploads\/2025\/11\/CSG-PH-N-Exterior-1-2.jpg\"  data-categories=\"\" class=\"dmg_masonry_gallery_item \" >\n\t\t\t\t\t\t\t\t<img class=\"dmg-lazyload\" alt=\"CSG PH N Exterior 1 2\" data-src=\"https:\/\/keystoneproperties.gr\/wp-content\/uploads\/2025\/11\/CSG-PH-N-Exterior-1-2-980x551.jpg\" width=\"980\" height=\"551\" \/>\n\t\t\t\t\t\t\t\t<span class=\"et_overlay\"><\/span>\n\t\t\t\t\t\t\t<\/a>\n\t\t\t\t\t\t\t\n\t\t\t\t\t\t\t<a data-width=\"980\" data-height=\"551\" href=\"https:\/\/keystoneproperties.gr\/wp-content\/uploads\/2025\/11\/CSG-PH-N-Exterior-1-3.jpg\"  data-categories=\"\" class=\"dmg_masonry_gallery_item \" >\n\t\t\t\t\t\t\t\t<img class=\"dmg-lazyload\" alt=\"CSG PH N Exterior 1 3\" data-src=\"https:\/\/keystoneproperties.gr\/wp-content\/uploads\/2025\/11\/CSG-PH-N-Exterior-1-3-980x551.jpg\" width=\"980\" height=\"551\" \/>\n\t\t\t\t\t\t\t\t<span class=\"et_overlay\"><\/span>\n\t\t\t\t\t\t\t<\/a>\n\t\t\t\t\t\t\t\n\t\t\t\t\t\t\t<a data-width=\"980\" data-height=\"551\" href=\"https:\/\/keystoneproperties.gr\/wp-content\/uploads\/2025\/11\/CSG-PH-N-Exterior-1-4.jpg\"  data-categories=\"\" class=\"dmg_masonry_gallery_item \" >\n\t\t\t\t\t\t\t\t<img class=\"dmg-lazyload\" alt=\"CSG PH N Exterior 1 4\" data-src=\"https:\/\/keystoneproperties.gr\/wp-content\/uploads\/2025\/11\/CSG-PH-N-Exterior-1-4-980x551.jpg\" width=\"980\" height=\"551\" \/>\n\t\t\t\t\t\t\t\t<span class=\"et_overlay\"><\/span>\n\t\t\t\t\t\t\t<\/a>\n\t\t\t\t\t\t\t\n\t\t\t\t\t\t\t<a data-width=\"980\" data-height=\"551\" href=\"https:\/\/keystoneproperties.gr\/wp-content\/uploads\/2025\/11\/CSG-PH-N-Exterior-1-5.jpg\"  data-categories=\"\" class=\"dmg_masonry_gallery_item \" >\n\t\t\t\t\t\t\t\t<img class=\"dmg-lazyload\" alt=\"CSG PH N Exterior 1 5\" data-src=\"https:\/\/keystoneproperties.gr\/wp-content\/uploads\/2025\/11\/CSG-PH-N-Exterior-1-5-980x551.jpg\" width=\"980\" height=\"551\" \/>\n\t\t\t\t\t\t\t\t<span class=\"et_overlay\"><\/span>\n\t\t\t\t\t\t\t<\/a>\n\t\t\t\t\t\t\t\n\t\t\t\t\t\t\t<a data-width=\"980\" data-height=\"551\" href=\"https:\/\/keystoneproperties.gr\/wp-content\/uploads\/2025\/11\/CSG-PH-N-Exterior-1-7.jpg\"  data-categories=\"\" class=\"dmg_masonry_gallery_item \" >\n\t\t\t\t\t\t\t\t<img class=\"dmg-lazyload\" alt=\"CSG PH N Exterior 1 7\" data-src=\"https:\/\/keystoneproperties.gr\/wp-content\/uploads\/2025\/11\/CSG-PH-N-Exterior-1-7-980x551.jpg\" width=\"980\" height=\"551\" \/>\n\t\t\t\t\t\t\t\t<span class=\"et_overlay\"><\/span>\n\t\t\t\t\t\t\t<\/a>\n\t\t\t\t\t\t\t\n\t\t\t\t\t\t\t<a data-width=\"980\" data-height=\"551\" href=\"https:\/\/keystoneproperties.gr\/wp-content\/uploads\/2025\/11\/CSG-PH-N-Exterior-1-8.jpg\"  data-categories=\"\" class=\"dmg_masonry_gallery_item \" >\n\t\t\t\t\t\t\t\t<img class=\"dmg-lazyload\" alt=\"CSG PH N Exterior 1 8\" data-src=\"https:\/\/keystoneproperties.gr\/wp-content\/uploads\/2025\/11\/CSG-PH-N-Exterior-1-8-980x551.jpg\" width=\"980\" height=\"551\" \/>\n\t\t\t\t\t\t\t\t<span class=\"et_overlay\"><\/span>\n\t\t\t\t\t\t\t<\/a>\n\t\t\t\t\t\t\t\n\t\t\t\t\t\t\t<a data-width=\"980\" data-height=\"551\" href=\"https:\/\/keystoneproperties.gr\/wp-content\/uploads\/2025\/11\/CSG-PH-N-Exterior-1-9.jpg\"  data-categories=\"\" class=\"dmg_masonry_gallery_item \" >\n\t\t\t\t\t\t\t\t<img class=\"dmg-lazyload\" alt=\"CSG PH N Exterior 1 9\" data-src=\"https:\/\/keystoneproperties.gr\/wp-content\/uploads\/2025\/11\/CSG-PH-N-Exterior-1-9-980x551.jpg\" width=\"980\" height=\"551\" \/>\n\t\t\t\t\t\t\t\t<span class=\"et_overlay\"><\/span>\n\t\t\t\t\t\t\t<\/a>\n\t\t\t\t\t\t\t\n\t\t\t\t\t\t\t<a data-width=\"980\" data-height=\"551\" href=\"https:\/\/keystoneproperties.gr\/wp-content\/uploads\/2025\/11\/CSG-PH-N-Exterior-1-10-1.jpg\"  data-categories=\"\" class=\"dmg_masonry_gallery_item \" >\n\t\t\t\t\t\t\t\t<img class=\"dmg-lazyload\" alt=\"CSG PH N Exterior 1 10 1\" data-src=\"https:\/\/keystoneproperties.gr\/wp-content\/uploads\/2025\/11\/CSG-PH-N-Exterior-1-10-1-980x551.jpg\" width=\"980\" height=\"551\" \/>\n\t\t\t\t\t\t\t\t<span class=\"et_overlay\"><\/span>\n\t\t\t\t\t\t\t<\/a>\n\t\t\t\t\t\t\t\n\t\t\t\t\t\t\t<a data-width=\"980\" data-height=\"551\" href=\"https:\/\/keystoneproperties.gr\/wp-content\/uploads\/2025\/11\/CSG-PH-N-Exterior-1-11.jpg\"  data-categories=\"\" class=\"dmg_masonry_gallery_item \" >\n\t\t\t\t\t\t\t\t<img class=\"dmg-lazyload\" alt=\"CSG PH N Exterior 1 11\" data-src=\"https:\/\/keystoneproperties.gr\/wp-content\/uploads\/2025\/11\/CSG-PH-N-Exterior-1-11-980x551.jpg\" width=\"980\" height=\"551\" \/>\n\t\t\t\t\t\t\t\t<span class=\"et_overlay\"><\/span>\n\t\t\t\t\t\t\t<\/a>\n\t\t\t\t\t\t\t\n\t\t\t\t\t\t\t<a data-width=\"980\" data-height=\"551\" href=\"https:\/\/keystoneproperties.gr\/wp-content\/uploads\/2025\/11\/CSG-PH-N-Exterior-1-13.jpg\"  data-categories=\"\" class=\"dmg_masonry_gallery_item \" >\n\t\t\t\t\t\t\t\t<img class=\"dmg-lazyload\" alt=\"CSG PH N Exterior 1 13\" data-src=\"https:\/\/keystoneproperties.gr\/wp-content\/uploads\/2025\/11\/CSG-PH-N-Exterior-1-13-980x551.jpg\" width=\"980\" height=\"551\" \/>\n\t\t\t\t\t\t\t\t<span class=\"et_overlay\"><\/span>\n\t\t\t\t\t\t\t<\/a>\n\t\t\t\t\t\t\t\n\t\t\t\t\t\t\t<a data-width=\"980\" data-height=\"551\" href=\"https:\/\/keystoneproperties.gr\/wp-content\/uploads\/2025\/11\/CSG-PH-N-Exterior-1-14.jpg\"  data-categories=\"\" class=\"dmg_masonry_gallery_item \" >\n\t\t\t\t\t\t\t\t<img class=\"dmg-lazyload\" alt=\"CSG PH N Exterior 1 14\" data-src=\"https:\/\/keystoneproperties.gr\/wp-content\/uploads\/2025\/11\/CSG-PH-N-Exterior-1-14-980x551.jpg\" width=\"980\" height=\"551\" \/>\n\t\t\t\t\t\t\t\t<span class=\"et_overlay\"><\/span>\n\t\t\t\t\t\t\t<\/a>\n\t\t\t\t\t\t\t\n\t\t\t\t\t\t\t<a data-width=\"980\" data-height=\"551\" href=\"https:\/\/keystoneproperties.gr\/wp-content\/uploads\/2025\/11\/CSG-PH-N-Interior-1.jpg\"  data-categories=\"\" class=\"dmg_masonry_gallery_item \" >\n\t\t\t\t\t\t\t\t<img class=\"dmg-lazyload\" alt=\"CSG PH N Interior 1\" data-src=\"https:\/\/keystoneproperties.gr\/wp-content\/uploads\/2025\/11\/CSG-PH-N-Interior-1-980x551.jpg\" width=\"980\" height=\"551\" \/>\n\t\t\t\t\t\t\t\t<span class=\"et_overlay\"><\/span>\n\t\t\t\t\t\t\t<\/a>\n\t\t\t\t\t\t\t\n\t\t\t\t\t\t\t<a data-width=\"980\" data-height=\"551\" href=\"https:\/\/keystoneproperties.gr\/wp-content\/uploads\/2025\/11\/CSG-PH-N-Interior-2.jpg\"  data-categories=\"\" class=\"dmg_masonry_gallery_item \" >\n\t\t\t\t\t\t\t\t<img class=\"dmg-lazyload\" alt=\"CSG PH N Interior 2\" data-src=\"https:\/\/keystoneproperties.gr\/wp-content\/uploads\/2025\/11\/CSG-PH-N-Interior-2-980x551.jpg\" width=\"980\" height=\"551\" \/>\n\t\t\t\t\t\t\t\t<span class=\"et_overlay\"><\/span>\n\t\t\t\t\t\t\t<\/a>\n\t\t\t\t\t\t\t\n\t\t\t\t\t\t\t<a data-width=\"980\" data-height=\"551\" href=\"https:\/\/keystoneproperties.gr\/wp-content\/uploads\/2025\/11\/CSG-PH-N-Interior-3.jpg\"  data-categories=\"\" class=\"dmg_masonry_gallery_item \" >\n\t\t\t\t\t\t\t\t<img class=\"dmg-lazyload\" alt=\"CSG PH N Interior 3\" data-src=\"https:\/\/keystoneproperties.gr\/wp-content\/uploads\/2025\/11\/CSG-PH-N-Interior-3-980x551.jpg\" width=\"980\" height=\"551\" \/>\n\t\t\t\t\t\t\t\t<span class=\"et_overlay\"><\/span>\n\t\t\t\t\t\t\t<\/a>\n\t\t\t\t\t\t\t\n\t\t\t\t\t\t\t<a data-width=\"980\" data-height=\"499\" href=\"https:\/\/keystoneproperties.gr\/wp-content\/uploads\/2025\/11\/CSG-PH-N-Interior-4.jpg\"  data-categories=\"\" class=\"dmg_masonry_gallery_item \" >\n\t\t\t\t\t\t\t\t<img class=\"dmg-lazyload\" alt=\"CSG PH N Interior 4\" data-src=\"https:\/\/keystoneproperties.gr\/wp-content\/uploads\/2025\/11\/CSG-PH-N-Interior-4-980x499.jpg\" width=\"980\" height=\"499\" \/>\n\t\t\t\t\t\t\t\t<span class=\"et_overlay\"><\/span>\n\t\t\t\t\t\t\t<\/a>\n\t\t\t\t\t\t\t\n\t\t\t\t\t\t\t<a data-width=\"980\" data-height=\"551\" href=\"https:\/\/keystoneproperties.gr\/wp-content\/uploads\/2025\/11\/CSG-PH-N-Interior-5.jpg\"  data-categories=\"\" class=\"dmg_masonry_gallery_item \" >\n\t\t\t\t\t\t\t\t<img class=\"dmg-lazyload\" alt=\"CSG PH N Interior 5\" data-src=\"https:\/\/keystoneproperties.gr\/wp-content\/uploads\/2025\/11\/CSG-PH-N-Interior-5-980x551.jpg\" width=\"980\" height=\"551\" \/>\n\t\t\t\t\t\t\t\t<span class=\"et_overlay\"><\/span>\n\t\t\t\t\t\t\t<\/a>\n\t\t\t\t\t\t\t\n\t\t\t\t\t\t\t<a data-width=\"980\" data-height=\"551\" href=\"https:\/\/keystoneproperties.gr\/wp-content\/uploads\/2025\/11\/CSG-PH-N-Interior-7.jpg\"  data-categories=\"\" class=\"dmg_masonry_gallery_item \" >\n\t\t\t\t\t\t\t\t<img class=\"dmg-lazyload\" alt=\"CSG PH N Interior 7\" data-src=\"https:\/\/keystoneproperties.gr\/wp-content\/uploads\/2025\/11\/CSG-PH-N-Interior-7-980x551.jpg\" width=\"980\" height=\"551\" \/>\n\t\t\t\t\t\t\t\t<span class=\"et_overlay\"><\/span>\n\t\t\t\t\t\t\t<\/a>\n\t\t\t\t\t\t\t\n\t\t\t\t\t\t\t<a data-width=\"980\" data-height=\"551\" href=\"https:\/\/keystoneproperties.gr\/wp-content\/uploads\/2025\/11\/CSG-PH-N-Interior-8.jpg\"  data-categories=\"\" class=\"dmg_masonry_gallery_item \" >\n\t\t\t\t\t\t\t\t<img class=\"dmg-lazyload\" alt=\"CSG PH N Interior 8\" data-src=\"https:\/\/keystoneproperties.gr\/wp-content\/uploads\/2025\/11\/CSG-PH-N-Interior-8-980x551.jpg\" width=\"980\" height=\"551\" \/>\n\t\t\t\t\t\t\t\t<span class=\"et_overlay\"><\/span>\n\t\t\t\t\t\t\t<\/a>\n\t\t\t\t\t\t\t\n\t\t\t\t\t\t\t<a data-width=\"980\" data-height=\"551\" href=\"https:\/\/keystoneproperties.gr\/wp-content\/uploads\/2025\/11\/CSG-PH-N-Interior-9.jpg\"  data-categories=\"\" class=\"dmg_masonry_gallery_item \" >\n\t\t\t\t\t\t\t\t<img class=\"dmg-lazyload\" alt=\"CSG PH N Interior 9\" data-src=\"https:\/\/keystoneproperties.gr\/wp-content\/uploads\/2025\/11\/CSG-PH-N-Interior-9-980x551.jpg\" width=\"980\" height=\"551\" \/>\n\t\t\t\t\t\t\t\t<span class=\"et_overlay\"><\/span>\n\t\t\t\t\t\t\t<\/a>\n\t\t\t\t\t\t\t\n\t\t\t\t\t\t\t<a data-width=\"980\" data-height=\"551\" href=\"https:\/\/keystoneproperties.gr\/wp-content\/uploads\/2025\/11\/CSG-PH-N-Interior-10.jpg\"  data-categories=\"\" class=\"dmg_masonry_gallery_item \" >\n\t\t\t\t\t\t\t\t<img class=\"dmg-lazyload\" alt=\"CSG PH N Interior 10\" data-src=\"https:\/\/keystoneproperties.gr\/wp-content\/uploads\/2025\/11\/CSG-PH-N-Interior-10-980x551.jpg\" width=\"980\" height=\"551\" \/>\n\t\t\t\t\t\t\t\t<span class=\"et_overlay\"><\/span>\n\t\t\t\t\t\t\t<\/a>\n\t\t\t\t\t\t\t\n\t\t\t\t\t\t\t<a data-width=\"980\" data-height=\"551\" href=\"https:\/\/keystoneproperties.gr\/wp-content\/uploads\/2025\/11\/CSG-PH-N-Interior-11.jpg\"  data-categories=\"\" class=\"dmg_masonry_gallery_item \" >\n\t\t\t\t\t\t\t\t<img class=\"dmg-lazyload\" alt=\"CSG PH N Interior 11\" data-src=\"https:\/\/keystoneproperties.gr\/wp-content\/uploads\/2025\/11\/CSG-PH-N-Interior-11-980x551.jpg\" width=\"980\" height=\"551\" \/>\n\t\t\t\t\t\t\t\t<span class=\"et_overlay\"><\/span>\n\t\t\t\t\t\t\t<\/a>\n\t\t\t\t\t\t\t\n\t\t\t\t\t\t\t<a data-width=\"980\" data-height=\"551\" href=\"https:\/\/keystoneproperties.gr\/wp-content\/uploads\/2025\/11\/CSG-PH-N-Interior-13.jpg\"  data-categories=\"\" class=\"dmg_masonry_gallery_item \" >\n\t\t\t\t\t\t\t\t<img class=\"dmg-lazyload\" alt=\"CSG PH N Interior 13\" data-src=\"https:\/\/keystoneproperties.gr\/wp-content\/uploads\/2025\/11\/CSG-PH-N-Interior-13-980x551.jpg\" width=\"980\" height=\"551\" \/>\n\t\t\t\t\t\t\t\t<span class=\"et_overlay\"><\/span>\n\t\t\t\t\t\t\t<\/a>\n\t\t\t\t\t\t\t\n\t\t\t\t\t\t\t<a data-width=\"980\" data-height=\"551\" href=\"https:\/\/keystoneproperties.gr\/wp-content\/uploads\/2025\/11\/CSG-PH-N-Interior-14.jpg\"  data-categories=\"\" class=\"dmg_masonry_gallery_item \" >\n\t\t\t\t\t\t\t\t<img class=\"dmg-lazyload\" alt=\"CSG PH N Interior 14\" data-src=\"https:\/\/keystoneproperties.gr\/wp-content\/uploads\/2025\/11\/CSG-PH-N-Interior-14-980x551.jpg\" width=\"980\" height=\"551\" \/>\n\t\t\t\t\t\t\t\t<span class=\"et_overlay\"><\/span>\n\t\t\t\t\t\t\t<\/a>\n\t\t\t\t\t\t\t\n\t  \t\t\t<\/div>\n\t  \t\t\t\n  \t\t\t<\/div>\n  \t\t\t\n\t\t\t\t<\/div>\n\t\t\t<\/div>\n","protected":false},"featured_media":4912,"comment_status":"closed","ping_status":"closed","template":"","meta":{"_acf_changed":false,"_et_pb_use_builder":"on","_et_pb_old_content":"<div>\r\n\r\nDieses neu errichtete, 383 m\u00b2 gro\u00dfe architektonische Meisterwerk befindet sich in einer elit\u00e4ren Resort-Gemeinschaft in Peyia, Paphos, und bietet eine au\u00dfergew\u00f6hnliche Mischung aus ultraluxuri\u00f6sem Design, weitl\u00e4ufigem Leben im Freien und privilegiertem Zugang zu einem der exklusivsten Lebensr\u00e4ume Zyperns. Die Residenz, deren Fertigstellung f\u00fcr 2025 geplant ist, befindet sich auf einem seltenen 1.950 m\u00b2 gro\u00dfen Grundst\u00fcck und bildet ein privates Refugium, das von angelegten G\u00e4rten, mediterranem Gr\u00fcn und einem ruhigen Blick auf das Meer umgeben ist, das nur wenige Minuten entfernt ist.\r\n\r\n<\/div>\r\n<div>\r\n\r\nDie zeitgen\u00f6ssische \u00c4sthetik von N\u00c9REA wird durch k\u00fchne geometrische Linien, raumhohe Glasfassaden und eine raffinierte Kombination aus Naturstein und hochwertigen Materialien bestimmt. Jedes Element wurde so gestaltet, dass es das nat\u00fcrliche Licht maximiert, den Raumfluss verbessert und die Grenzen zwischen dem eleganten Innenraum und dem Au\u00dfenbereich aufhebt. Die weitl\u00e4ufige Terrasse bietet einen eleganten Infinity-Swimmingpool, Sonnendecks, schattige Sitzbereiche und einen eleganten Pavillon f\u00fcr Mahlzeiten im Freien - alles vor dem Hintergrund gepflegter G\u00e4rten und Gr\u00fcnfl\u00e4chen.\r\n\r\n<\/div>\r\n<div>\r\n\r\nIm Inneren bietet N\u00c9REA gro\u00dfz\u00fcgige Wohnr\u00e4ume, die sowohl f\u00fcr Entspannung als auch f\u00fcr raffinierte Unterhaltung ausgelegt sind. Der offene Grundriss bietet hohe Decken, luxuri\u00f6se Oberfl\u00e4chen und gro\u00dfe Schiebet\u00fcren, die den Blick auf den Pool und die umliegende Landschaft freigeben. Die Villa verf\u00fcgt \u00fcber mehr als 4 Schlafzimmer und mehr als 4 Badezimmer, von denen jedes als privater R\u00fcckzugsort mit hochwertigen Materialien und gehobenem Komfort konzipiert wurde. Die Suiten im Obergeschoss \u00f6ffnen sich zu privaten Balkonen, von denen aus Sie einen wundersch\u00f6nen Blick auf das Mittelmeer haben.\r\n\r\n<\/div>\r\n<div>\r\n\r\nNeben der Villa selbst gibt es ein unvergleichliches Angebot an exklusiven Einrichtungen, die nur den Bewohnern dieser prestigetr\u00e4chtigen Gemeinschaft zur Verf\u00fcgung stehen. Michelin-Sterne-Restaurants, italienische und mediterrane Restaurants, private Fitnessstudios, Spa- und Wellness-Zentren, Sch\u00f6nheitssalons, Tennis- und Padelpl\u00e4tze, ein UEFA-Fu\u00dfballplatz, Reitst\u00e4lle, agr\u03bftouristische Erlebnisse, Privatstr\u00e4nde, Privatschulen, ein Wasserpark, mehrere Pools und ein F\u00fcnf-Sterne-Hotel bilden ein Lifestyle-\u00d6kosystem, das nur in den elit\u00e4rsten Reisezielen der Welt zu finden ist.\r\n\r\n<\/div>\r\n<div>\r\n\r\nN\u00c9REA ist eine seltene Gelegenheit, sich eine wegweisende Residenz in einem der begehrtesten Luxusk\u00fcstengebiete von Paphos zu sichern - ein au\u00dfergew\u00f6hnliches Haus, in dem Gr\u00f6\u00dfe, Design und erstklassige Annehmlichkeiten zu einem einzigartigen mediterranen Lebensgef\u00fchl verschmelzen.\r\n\r\n<\/div>","_et_gb_content_width":""},"bathrooms":[296],"bathroom-no":[587],"construction-year":[],"floor":[],"features":[394,369,347,341,383,398,405,384,372,337,381,357,378,376,339,401,366,370,345,402],"land-size":[420],"property-type":[483],"region":[492],"bedrooms":[316],"location":[],"subregion":[502],"property-size":[456],"product_brand":[],"product_cat":[227,229],"product_tag":[230],"class_list":{"0":"post-4910","1":"product","2":"type-product","3":"status-publish","4":"has-post-thumbnail","6":"bathrooms-296","7":"bathroom-no-587","8":"features-outdoor-dining-area","9":"features-mountain-view","10":"features-family-friendly","11":"features-garden","12":"features-pet-friendly","13":"features-smart-home","14":"features-investment","15":"features-storage","16":"features-scenic-view","17":"features-sea-view","18":"features-furnished","19":"features-parking","20":"features-private-access-to-the-sea","21":"features-private-road","22":"features-pool","23":"features-sunset-view","24":"features-beach-front","25":"features-waterfront","26":"features-central-heating","27":"features-walk-to-the-beach","28":"land-size-420","29":"property-type-villa","30":"region-cyprus","31":"bedrooms-316","32":"subregion-paphos","33":"property-size-456","34":"product_cat-kaufen","35":"product_cat-keystone-villen","36":"product_tag-keystone-villen","38":"first","39":"instock","40":"shipping-taxable","41":"purchasable","42":"product-type-simple"},"acf":[],"_links":{"self":[{"href":"https:\/\/keystoneproperties.gr\/de\/wp-json\/wp\/v2\/product\/4910","targetHints":{"allow":["GET"]}}],"collection":[{"href":"https:\/\/keystoneproperties.gr\/de\/wp-json\/wp\/v2\/product"}],"about":[{"href":"https:\/\/keystoneproperties.gr\/de\/wp-json\/wp\/v2\/types\/product"}],"replies":[{"embeddable":true,"href":"https:\/\/keystoneproperties.gr\/de\/wp-json\/wp\/v2\/comments?post=4910"}],"wp:featuredmedia":[{"embeddable":true,"href":"https:\/\/keystoneproperties.gr\/de\/wp-json\/wp\/v2\/media\/4912"}],"wp:attachment":[{"href":"https:\/\/keystoneproperties.gr\/de\/wp-json\/wp\/v2\/media?parent=4910"}],"wp:term":[{"taxonomy":"bathrooms","embeddable":true,"href":"https:\/\/keystoneproperties.gr\/de\/wp-json\/wp\/v2\/bathrooms?post=4910"},{"taxonomy":"bathroom-no","embeddable":true,"href":"https:\/\/keystoneproperties.gr\/de\/wp-json\/wp\/v2\/bathroom-no?post=4910"},{"taxonomy":"construction-year","embeddable":true,"href":"https:\/\/keystoneproperties.gr\/de\/wp-json\/wp\/v2\/construction-year?post=4910"},{"taxonomy":"floor","embeddable":true,"href":"https:\/\/keystoneproperties.gr\/de\/wp-json\/wp\/v2\/floor?post=4910"},{"taxonomy":"features","embeddable":true,"href":"https:\/\/keystoneproperties.gr\/de\/wp-json\/wp\/v2\/features?post=4910"},{"taxonomy":"land-size","embeddable":true,"href":"https:\/\/keystoneproperties.gr\/de\/wp-json\/wp\/v2\/land-size?post=4910"},{"taxonomy":"property-type","embeddable":true,"href":"https:\/\/keystoneproperties.gr\/de\/wp-json\/wp\/v2\/property-type?post=4910"},{"taxonomy":"region","embeddable":true,"href":"https:\/\/keystoneproperties.gr\/de\/wp-json\/wp\/v2\/region?post=4910"},{"taxonomy":"bedrooms","embeddable":true,"href":"https:\/\/keystoneproperties.gr\/de\/wp-json\/wp\/v2\/bedrooms?post=4910"},{"taxonomy":"location","embeddable":true,"href":"https:\/\/keystoneproperties.gr\/de\/wp-json\/wp\/v2\/location?post=4910"},{"taxonomy":"subregion","embeddable":true,"href":"https:\/\/keystoneproperties.gr\/de\/wp-json\/wp\/v2\/subregion?post=4910"},{"taxonomy":"property-size","embeddable":true,"href":"https:\/\/keystoneproperties.gr\/de\/wp-json\/wp\/v2\/property-size?post=4910"},{"taxonomy":"product_brand","embeddable":true,"href":"https:\/\/keystoneproperties.gr\/de\/wp-json\/wp\/v2\/product_brand?post=4910"},{"taxonomy":"product_cat","embeddable":true,"href":"https:\/\/keystoneproperties.gr\/de\/wp-json\/wp\/v2\/product_cat?post=4910"},{"taxonomy":"product_tag","embeddable":true,"href":"https:\/\/keystoneproperties.gr\/de\/wp-json\/wp\/v2\/product_tag?post=4910"}],"curies":[{"name":"wp","href":"https:\/\/api.w.org\/{rel}","templated":true}]}}