{"id":4942,"date":"2025-11-27T14:48:13","date_gmt":"2025-11-27T14:48:13","guid":{"rendered":"https:\/\/keystoneproperties.gr\/product\/elea\/"},"modified":"2026-01-30T08:47:13","modified_gmt":"2026-01-30T08:47:13","slug":"elea","status":"publish","type":"product","link":"https:\/\/keystoneproperties.gr\/de\/produkt\/elea\/","title":{"rendered":"ELEA"},"content":{"rendered":"<p>[et_pb_section fb_built=&#8221;1&#8243; module_id=&#8221;Galerie&#8221; _builder_version=&#8221;4.27.4&#8243; _module_preset=&#8221;default&#8221; background_color=&#8221;#FFFFFF&#8221; custom_padding=&#8221;0px||37px||false|false&#8221; collapsed=&#8221;off&#8221; global_colors_info=&#8221;{}&#8221;][et_pb_row _builder_version=&#8221;4.27.4&#8243; _module_preset=&#8221;default&#8221; width=&#8221;90%&#8221; max_width=&#8221;100%&#8221; custom_padding=&#8221;0px||||false|false&#8221; global_colors_info=&#8221;{}&#8221;][et_pb_column type=&#8221;4_4&#8243; _builder_version=&#8221;4.27.4&#8243; _module_preset=&#8221;default&#8221; global_colors_info=&#8221;{}&#8221;][dmg_masonry_gallery gallery=&#8221;2983,2982,2981,2980,2979,2984,2985,2986,2987,2988,2989,2990,2991,2992,2994,2995,2996,2997,2998,2999,3000,2967,2964,2963&#8243; gutter=&#8221;15&#8243; images_size=&#8221;dmg_image_large&#8221; _builder_version=&#8221;4.27.5&#8243; _module_preset=&#8221;default&#8221; global_colors_info=&#8221;{}&#8221;][\/dmg_masonry_gallery][\/et_pb_column][\/et_pb_row][\/et_pb_section][et_pb_section fb_built=&#8221;1&#8243; _builder_version=&#8221;4.27.4&#8243; _module_preset=&#8221;default&#8221; background_color=&#8221;#182030&#8243; custom_padding=&#8221;0px||0px||true|false&#8221; global_colors_info=&#8221;{}&#8221;][et_pb_row column_structure=&#8221;1_2,1_2&#8243; use_custom_gutter=&#8221;on&#8221; gutter_width=&#8221;1&#8243; make_equal=&#8221;on&#8221; custom_padding_last_edited=&#8221;on|phone&#8221; _builder_version=&#8221;4.27.4&#8243; _module_preset=&#8221;default&#8221; width=&#8221;100%&#8221; max_width=&#8221;100%&#8221; custom_padding=&#8221;0px||0px||false|false&#8221; custom_padding_tablet=&#8221;0px||0px||false|false&#8221; custom_padding_phone=&#8221;0px||0px||true|false&#8221; global_colors_info=&#8221;{}&#8221;][et_pb_column type=&#8221;1_2&#8243; _builder_version=&#8221;4.27.4&#8243; _module_preset=&#8221;default&#8221; global_colors_info=&#8221;{}&#8221;][et_pb_blog posts_number=&#8221;1&#8243; show_author=&#8221;off&#8221; show_date=&#8221;off&#8221; show_categories=&#8221;off&#8221; show_pagination=&#8221;off&#8221; _builder_version=&#8221;4.27.4&#8243; _module_preset=&#8221;default&#8221; header_font=&#8221;Libre Baskerville||||||||&#8221; header_text_color=&#8221;#FFFFFF&#8221; header_line_height=&#8221;1.5em&#8221; body_text_color=&#8221;#FFFFFF&#8221; custom_padding=&#8221;80px|80px|80px|80px|true|true&#8221; custom_padding_tablet=&#8221;40px|40px|40px|40px|true|true&#8221; custom_padding_phone=&#8221;20px|20px|20px|20px|true|true&#8221; custom_padding_last_edited=&#8221;on|phone&#8221; global_colors_info=&#8221;{}&#8221;][\/et_pb_blog][\/et_pb_column][et_pb_column type=&#8221;1_2&#8243; _builder_version=&#8221;4.27.4&#8243; _module_preset=&#8221;default&#8221; global_colors_info=&#8221;{}&#8221;][et_pb_map address=&#8221;\u03a0\u03ac\u03bd\u03bf\u03c1\u03bc\u03bf\u03c2, \u0395\u03bb\u03bb\u03ac\u03b4\u03b1&#8221; zoom_level=&#8221;14&#8243; address_lat=&#8221;35.4181826&#8243; address_lng=&#8221;24.6908006&#8243; _builder_version=&#8221;4.27.5&#8243; _module_preset=&#8221;default&#8221; height=&#8221;700px&#8221; custom_margin=&#8221;80px|80px|80px||true|false&#8221; custom_padding=&#8221;||||false|false&#8221; filter_saturate=&#8221;16%&#8221; filter_brightness=&#8221;111%&#8221; filter_contrast=&#8221;89%&#8221; global_colors_info=&#8221;{}&#8221;][et_pb_map_pin pin_address=&#8221;\u03a0\u03ac\u03bd\u03bf\u03c1\u03bc\u03bf\u03c2, \u0395\u03bb\u03bb\u03ac\u03b4\u03b1&#8221; pin_address_lat=&#8221;35.4181826&#8243; pin_address_lng=&#8221;24.6908006&#8243; _builder_version=&#8221;4.27.5&#8243; _module_preset=&#8221;default&#8221; global_colors_info=&#8221;{}&#8221;][\/et_pb_map_pin][\/et_pb_map][\/et_pb_column][\/et_pb_row][\/et_pb_section]<\/p>\n","protected":false},"excerpt":{"rendered":"<p>Wir stellen Ihnen ELEA vor, eine raffinierte Maisonette-Wohnung auf drei Ebenen inmitten der ruhigen Landschaft von Panormo in Rethymno. ELEA verbindet zeitgen\u00f6ssische Architektur mit dem subtilen kretischen Erbe und ist Teil einer intimen Kollektion von nur f\u00fcnf Residenzen, die alle sorgf\u00e4ltig in die nat\u00fcrliche Umgebung integriert sind. Das 1.100 m\u00b2 gro\u00dfe Privatgrundst\u00fcck ist umgeben von Olivenb\u00e4umen, offenem Himmel und der beruhigenden mediterranen Brise.<\/p>\n","protected":false},"featured_media":4952,"comment_status":"closed","ping_status":"closed","template":"","meta":{"_acf_changed":false,"_et_pb_use_builder":"on","_et_pb_old_content":"<p data-start=\"151\" data-end=\"594\">Wir stellen Ihnen ELEA vor, eine raffinierte Maisonette-Wohnung auf drei Ebenen inmitten der ruhigen Landschaft von Panormo in Rethymno. ELEA verbindet zeitgen\u00f6ssische Architektur mit dem subtilen kretischen Erbe und ist Teil einer intimen Kollektion von nur f\u00fcnf Residenzen, die alle sorgf\u00e4ltig in die nat\u00fcrliche Umgebung integriert sind. Das 1.100 m\u00b2 gro\u00dfe Privatgrundst\u00fcck ist umgeben von Olivenb\u00e4umen, offenem Himmel und der beruhigenden mediterranen Brise.<\/p>\r\n<p data-start=\"596\" data-end=\"1003\">ELEA wurde mit einer modernen und doch kulturell verwurzelten architektonischen Vision entworfen und harmonisiert klare Linien und nat\u00fcrliche Texturen mit den sanften Konturen der kretischen Umgebung. Gro\u00dfe \u00d6ffnungen lassen den ganzen Tag \u00fcber Licht herein, w\u00e4hrend jede Ebene wechselnde Ausblicke auf die Berge, das Meer und die warmen Farbt\u00f6ne des Sonnenuntergangs bietet. Das Ergebnis ist ein Wohnerlebnis, das sich sowohl erhaben als auch tief mit dem Land verbunden anf\u00fchlt.<\/p>\r\n<p data-start=\"1005\" data-end=\"1433\">Das Interieur erstreckt sich \u00fcber 83 m\u00b2 auf drei Etagen und schafft ein Gleichgewicht zwischen Intimit\u00e4t und Fluidit\u00e4t. Zwei ruhige Schlafzimmer und zwei elegant eingerichtete B\u00e4der bieten ein Gef\u00fchl von Komfort und Privatsph\u00e4re, w\u00e4hrend die Hauptwohnr\u00e4ume f\u00fcr Leichtigkeit, Entspannung und schlichte Raffinesse geschaffen wurden. Der mehrstufige Grundriss des Hauses schafft einen sanften Rhythmus zwischen Offenheit und R\u00fcckzug und ermutigt die Bewohner, sich auf nat\u00fcrliche Weise zwischen Innen- und Au\u00dfenbereichen zu bewegen.<\/p>\r\n<p data-start=\"1435\" data-end=\"1802\">Drau\u00dfen wird der private Swimmingpool von ELEA zum Mittelpunkt des t\u00e4glichen Lebens. Vor der Kulisse von Olivenhainen und dem fernen Meer bietet er einen idyllischen R\u00fcckzugsort f\u00fcr sonnenverw\u00f6hnte Nachmittage oder ruhige Abende, wenn der Himmel in Gold- und Rosat\u00f6ne \u00fcbergeht. Da das Meer weniger als einen Kilometer entfernt ist, ist das Leben an der K\u00fcste immer m\u00fchelos zu erreichen.<\/p>\r\n<p data-start=\"1804\" data-end=\"1997\">ELEA ist ein Haus f\u00fcr diejenigen, die Authentizit\u00e4t, nat\u00fcrliche Sch\u00f6nheit und eine Architektur sch\u00e4tzen, die ihre Umgebung respektiert. Ein ruhiger R\u00fcckzugsort, gepr\u00e4gt von Licht, Natur und zeitloser kretischer Gelassenheit.<\/p>","_et_gb_content_width":""},"bathrooms":[299],"bathroom-no":[589],"construction-year":[329],"floor":[],"features":[369,347,341,383,405,359,337,381,357,339,401,345],"land-size":[415],"property-type":[483],"region":[491],"bedrooms":[319],"location":[],"subregion":[499],"property-size":[451],"product_brand":[],"product_cat":[236,227],"product_tag":[237],"class_list":{"0":"post-4942","1":"product","2":"type-product","3":"status-publish","4":"has-post-thumbnail","6":"bathrooms-299","7":"bathroom-no-589","8":"construction-year-329","9":"features-mountain-view","10":"features-family-friendly","11":"features-garden","12":"features-pet-friendly","13":"features-investment","14":"features-air-condition","15":"features-sea-view","16":"features-furnished","17":"features-parking","18":"features-pool","19":"features-sunset-view","20":"features-central-heating","21":"land-size-415","22":"property-type-villa","23":"region-crete","24":"bedrooms-319","25":"subregion-rethymno","26":"property-size-451","27":"product_cat-grundsteinhauser","28":"product_cat-kaufen","29":"product_tag-grundsteinhauser","30":"pa_seaview-ja","32":"first","33":"instock","34":"virtual","35":"purchasable","36":"product-type-simple"},"acf":[],"_links":{"self":[{"href":"https:\/\/keystoneproperties.gr\/de\/wp-json\/wp\/v2\/product\/4942","targetHints":{"allow":["GET"]}}],"collection":[{"href":"https:\/\/keystoneproperties.gr\/de\/wp-json\/wp\/v2\/product"}],"about":[{"href":"https:\/\/keystoneproperties.gr\/de\/wp-json\/wp\/v2\/types\/product"}],"replies":[{"embeddable":true,"href":"https:\/\/keystoneproperties.gr\/de\/wp-json\/wp\/v2\/comments?post=4942"}],"wp:featuredmedia":[{"embeddable":true,"href":"https:\/\/keystoneproperties.gr\/de\/wp-json\/wp\/v2\/media\/4952"}],"wp:attachment":[{"href":"https:\/\/keystoneproperties.gr\/de\/wp-json\/wp\/v2\/media?parent=4942"}],"wp:term":[{"taxonomy":"bathrooms","embeddable":true,"href":"https:\/\/keystoneproperties.gr\/de\/wp-json\/wp\/v2\/bathrooms?post=4942"},{"taxonomy":"bathroom-no","embeddable":true,"href":"https:\/\/keystoneproperties.gr\/de\/wp-json\/wp\/v2\/bathroom-no?post=4942"},{"taxonomy":"construction-year","embeddable":true,"href":"https:\/\/keystoneproperties.gr\/de\/wp-json\/wp\/v2\/construction-year?post=4942"},{"taxonomy":"floor","embeddable":true,"href":"https:\/\/keystoneproperties.gr\/de\/wp-json\/wp\/v2\/floor?post=4942"},{"taxonomy":"features","embeddable":true,"href":"https:\/\/keystoneproperties.gr\/de\/wp-json\/wp\/v2\/features?post=4942"},{"taxonomy":"land-size","embeddable":true,"href":"https:\/\/keystoneproperties.gr\/de\/wp-json\/wp\/v2\/land-size?post=4942"},{"taxonomy":"property-type","embeddable":true,"href":"https:\/\/keystoneproperties.gr\/de\/wp-json\/wp\/v2\/property-type?post=4942"},{"taxonomy":"region","embeddable":true,"href":"https:\/\/keystoneproperties.gr\/de\/wp-json\/wp\/v2\/region?post=4942"},{"taxonomy":"bedrooms","embeddable":true,"href":"https:\/\/keystoneproperties.gr\/de\/wp-json\/wp\/v2\/bedrooms?post=4942"},{"taxonomy":"location","embeddable":true,"href":"https:\/\/keystoneproperties.gr\/de\/wp-json\/wp\/v2\/location?post=4942"},{"taxonomy":"subregion","embeddable":true,"href":"https:\/\/keystoneproperties.gr\/de\/wp-json\/wp\/v2\/subregion?post=4942"},{"taxonomy":"property-size","embeddable":true,"href":"https:\/\/keystoneproperties.gr\/de\/wp-json\/wp\/v2\/property-size?post=4942"},{"taxonomy":"product_brand","embeddable":true,"href":"https:\/\/keystoneproperties.gr\/de\/wp-json\/wp\/v2\/product_brand?post=4942"},{"taxonomy":"product_cat","embeddable":true,"href":"https:\/\/keystoneproperties.gr\/de\/wp-json\/wp\/v2\/product_cat?post=4942"},{"taxonomy":"product_tag","embeddable":true,"href":"https:\/\/keystoneproperties.gr\/de\/wp-json\/wp\/v2\/product_tag?post=4942"}],"curies":[{"name":"wp","href":"https:\/\/api.w.org\/{rel}","templated":true}]}}