{"id":4943,"date":"2025-12-01T16:15:12","date_gmt":"2025-12-01T16:15:12","guid":{"rendered":"https:\/\/keystoneproperties.gr\/product\/kyanos\/"},"modified":"2026-01-30T08:46:08","modified_gmt":"2026-01-30T08:46:08","slug":"kyanos","status":"publish","type":"product","link":"https:\/\/keystoneproperties.gr\/de\/produkt\/kyanos\/","title":{"rendered":"KYANOS"},"content":{"rendered":"<p>[et_pb_section fb_built=&#8221;1&#8243; module_id=&#8221;Galerie&#8221; _builder_version=&#8221;4.27.4&#8243; _module_preset=&#8221;default&#8221; background_color=&#8221;#FFFFFF&#8221; custom_padding=&#8221;0px||37px||false|false&#8221; collapsed=&#8221;off&#8221; global_colors_info=&#8221;{}&#8221;][et_pb_row _builder_version=&#8221;4.27.4&#8243; _module_preset=&#8221;default&#8221; width=&#8221;90%&#8221; max_width=&#8221;100%&#8221; custom_padding=&#8221;0px||||false|false&#8221; global_colors_info=&#8221;{}&#8221;][et_pb_column type=&#8221;4_4&#8243; _builder_version=&#8221;4.27.4&#8243; _module_preset=&#8221;default&#8221; global_colors_info=&#8221;{}&#8221;][dmg_masonry_gallery gallery=&#8221;3320,3321,3322,3323,3324,3325,3326,3327,3328,3329,3330&#8243; gutter=&#8221;15&#8243; _builder_version=&#8221;4.27.5&#8243; _module_preset=&#8221;default&#8221; global_colors_info=&#8221;{}&#8221;][\/dmg_masonry_gallery][\/et_pb_column][\/et_pb_row][\/et_pb_section][et_pb_section fb_built=&#8221;1&#8243; _builder_version=&#8221;4.27.4&#8243; _module_preset=&#8221;default&#8221; background_color=&#8221;#182030&#8243; custom_padding=&#8221;0px||0px||true|false&#8221; global_colors_info=&#8221;{}&#8221;][et_pb_row column_structure=&#8221;1_2,1_2&#8243; use_custom_gutter=&#8221;on&#8221; gutter_width=&#8221;1&#8243; make_equal=&#8221;on&#8221; custom_padding_last_edited=&#8221;on|phone&#8221; _builder_version=&#8221;4.27.4&#8243; _module_preset=&#8221;default&#8221; width=&#8221;100%&#8221; max_width=&#8221;100%&#8221; custom_padding=&#8221;0px||0px||false|false&#8221; custom_padding_tablet=&#8221;0px||0px||false|false&#8221; custom_padding_phone=&#8221;0px||0px||true|false&#8221; global_colors_info=&#8221;{}&#8221;][et_pb_column type=&#8221;1_2&#8243; _builder_version=&#8221;4.27.4&#8243; _module_preset=&#8221;default&#8221; global_colors_info=&#8221;{}&#8221;][et_pb_blog posts_number=&#8221;1&#8243; include_categories=&#8221;203&#8243; show_author=&#8221;off&#8221; show_date=&#8221;off&#8221; show_categories=&#8221;off&#8221; show_pagination=&#8221;off&#8221; _builder_version=&#8221;4.27.5&#8243; _module_preset=&#8221;default&#8221; header_font=&#8221;Libre Baskerville||||||||&#8221; header_text_color=&#8221;#FFFFFF&#8221; header_line_height=&#8221;1.5em&#8221; body_text_color=&#8221;#FFFFFF&#8221; custom_padding=&#8221;80px|80px|80px|80px|true|true&#8221; custom_padding_tablet=&#8221;40px|40px|40px|40px|true|true&#8221; custom_padding_phone=&#8221;20px|20px|20px|20px|true|true&#8221; custom_padding_last_edited=&#8221;on|phone&#8221; global_colors_info=&#8221;{}&#8221;][\/et_pb_blog][\/et_pb_column][et_pb_column type=&#8221;1_2&#8243; _builder_version=&#8221;4.27.4&#8243; _module_preset=&#8221;default&#8221; global_colors_info=&#8221;{}&#8221;][et_pb_map address=&#8221;V9CC+JG2, Kastalia Park, \u03a0\u03ad\u03b3\u03b5\u03b9\u03b1 8560, \u039a\u03cd\u03c0\u03c1\u03bf\u03c2&#8221; zoom_level=&#8221;14&#8243; address_lat=&#8221;34.8715184&#8243; address_lng=&#8221;32.3712695&#8243; _builder_version=&#8221;4.27.5&#8243; _module_preset=&#8221;default&#8221; height=&#8221;700px&#8221; custom_margin=&#8221;80px|80px|80px||true|false&#8221; custom_padding=&#8221;||||false|false&#8221; filter_saturate=&#8221;16%&#8221; filter_brightness=&#8221;111%&#8221; filter_contrast=&#8221;89%&#8221; global_colors_info=&#8221;{}&#8221;][et_pb_map_pin pin_address=&#8221;V9CC+JG2, Kastalia Park, \u03a0\u03ad\u03b3\u03b5\u03b9\u03b1 8560, \u039a\u03cd\u03c0\u03c1\u03bf\u03c2&#8221; pin_address_lat=&#8221;34.8715184&#8243; pin_address_lng=&#8221;32.3712695&#8243; _builder_version=&#8221;4.27.5&#8243; _module_preset=&#8221;default&#8221; global_colors_info=&#8221;{}&#8221;][\/et_pb_map_pin][\/et_pb_map][\/et_pb_column][\/et_pb_row][\/et_pb_section]<\/p>\n","protected":false},"excerpt":{"rendered":"<div class=\"et_pb_module dmg_masonry_gallery dmg_masonry_gallery_0\">\n\t\t\t\t\n\t\t\t\t\n\t\t\t\t\n\t\t\t\t\n\t\t\t\t\n\t\t\t\t\n\t\t\t\t<div class=\"et_pb_module_inner\">\n\t\t\t\t\t\n\t\t\t<div class=\"dmg-gallery-wrapper\">\n\t\t\t\t\n\t\t\t\t<div class=\"dmg-gallery dmg-modal-gallery \">\n\t\t\t\t\t<div class=\"dmg-gallery-sizer\"><\/div>\n\t\t\t\t\t<div class=\"dmg-gutter-sizer\"><\/div>\n\t\t\t\t\t\n\t\t\t\t\t\t\t<a data-width=\"980\" data-height=\"551\" href=\"https:\/\/keystoneproperties.gr\/wp-content\/uploads\/2025\/12\/PIC_CSG_PH-K_EXT-3-1.jpg\"  data-categories=\"\" class=\"dmg_masonry_gallery_item \" >\n\t\t\t\t\t\t\t\t<img class=\"dmg-lazyload\" alt=\"PIC CSG PH K EXT 3 1\" data-src=\"https:\/\/keystoneproperties.gr\/wp-content\/uploads\/2025\/12\/PIC_CSG_PH-K_EXT-3-1-980x551.jpg\" width=\"980\" height=\"551\" \/>\n\t\t\t\t\t\t\t\t<span class=\"et_overlay\"><\/span>\n\t\t\t\t\t\t\t<\/a>\n\t\t\t\t\t\t\t\n\t\t\t\t\t\t\t<a data-width=\"980\" data-height=\"551\" href=\"https:\/\/keystoneproperties.gr\/wp-content\/uploads\/2025\/12\/PIC_CSG_PH-K_EXT-5.jpg\"  data-categories=\"\" class=\"dmg_masonry_gallery_item \" >\n\t\t\t\t\t\t\t\t<img class=\"dmg-lazyload\" alt=\"PIC CSG PH K EXT 5\" data-src=\"https:\/\/keystoneproperties.gr\/wp-content\/uploads\/2025\/12\/PIC_CSG_PH-K_EXT-5-980x551.jpg\" width=\"980\" height=\"551\" \/>\n\t\t\t\t\t\t\t\t<span class=\"et_overlay\"><\/span>\n\t\t\t\t\t\t\t<\/a>\n\t\t\t\t\t\t\t\n\t\t\t\t\t\t\t<a data-width=\"980\" data-height=\"551\" href=\"https:\/\/keystoneproperties.gr\/wp-content\/uploads\/2025\/12\/PIC_CSG_PH-K_EXT-7.jpg\"  data-categories=\"\" class=\"dmg_masonry_gallery_item \" >\n\t\t\t\t\t\t\t\t<img class=\"dmg-lazyload\" alt=\"PIC CSG PH K EXT 7\" data-src=\"https:\/\/keystoneproperties.gr\/wp-content\/uploads\/2025\/12\/PIC_CSG_PH-K_EXT-7-980x551.jpg\" width=\"980\" height=\"551\" \/>\n\t\t\t\t\t\t\t\t<span class=\"et_overlay\"><\/span>\n\t\t\t\t\t\t\t<\/a>\n\t\t\t\t\t\t\t\n\t\t\t\t\t\t\t<a data-width=\"980\" data-height=\"551\" href=\"https:\/\/keystoneproperties.gr\/wp-content\/uploads\/2025\/12\/PIC_CSG_PH-K_EXT-19.jpg\"  data-categories=\"\" class=\"dmg_masonry_gallery_item \" >\n\t\t\t\t\t\t\t\t<img class=\"dmg-lazyload\" alt=\"PIC CSG PH K EXT 19\" data-src=\"https:\/\/keystoneproperties.gr\/wp-content\/uploads\/2025\/12\/PIC_CSG_PH-K_EXT-19-980x551.jpg\" width=\"980\" height=\"551\" \/>\n\t\t\t\t\t\t\t\t<span class=\"et_overlay\"><\/span>\n\t\t\t\t\t\t\t<\/a>\n\t\t\t\t\t\t\t\n\t\t\t\t\t\t\t<a data-width=\"980\" data-height=\"551\" href=\"https:\/\/keystoneproperties.gr\/wp-content\/uploads\/2025\/12\/PIC_CSG_PH-K_INT-3.jpg\"  data-categories=\"\" class=\"dmg_masonry_gallery_item \" >\n\t\t\t\t\t\t\t\t<img class=\"dmg-lazyload\" alt=\"PIC CSG PH K INT 3\" data-src=\"https:\/\/keystoneproperties.gr\/wp-content\/uploads\/2025\/12\/PIC_CSG_PH-K_INT-3-980x551.jpg\" width=\"980\" height=\"551\" \/>\n\t\t\t\t\t\t\t\t<span class=\"et_overlay\"><\/span>\n\t\t\t\t\t\t\t<\/a>\n\t\t\t\t\t\t\t\n\t\t\t\t\t\t\t<a data-width=\"980\" data-height=\"551\" href=\"https:\/\/keystoneproperties.gr\/wp-content\/uploads\/2025\/12\/PIC_CSG_PH-K_INT-4.jpg\"  data-categories=\"\" class=\"dmg_masonry_gallery_item \" >\n\t\t\t\t\t\t\t\t<img class=\"dmg-lazyload\" alt=\"PIC CSG PH K INT 4\" data-src=\"https:\/\/keystoneproperties.gr\/wp-content\/uploads\/2025\/12\/PIC_CSG_PH-K_INT-4-980x551.jpg\" width=\"980\" height=\"551\" \/>\n\t\t\t\t\t\t\t\t<span class=\"et_overlay\"><\/span>\n\t\t\t\t\t\t\t<\/a>\n\t\t\t\t\t\t\t\n\t\t\t\t\t\t\t<a data-width=\"980\" data-height=\"551\" href=\"https:\/\/keystoneproperties.gr\/wp-content\/uploads\/2025\/12\/PIC_CSG_PH-K_INT-7.jpg\"  data-categories=\"\" class=\"dmg_masonry_gallery_item \" >\n\t\t\t\t\t\t\t\t<img class=\"dmg-lazyload\" alt=\"PIC CSG PH K INT 7\" data-src=\"https:\/\/keystoneproperties.gr\/wp-content\/uploads\/2025\/12\/PIC_CSG_PH-K_INT-7-980x551.jpg\" width=\"980\" height=\"551\" \/>\n\t\t\t\t\t\t\t\t<span class=\"et_overlay\"><\/span>\n\t\t\t\t\t\t\t<\/a>\n\t\t\t\t\t\t\t\n\t\t\t\t\t\t\t<a data-width=\"980\" data-height=\"551\" href=\"https:\/\/keystoneproperties.gr\/wp-content\/uploads\/2025\/12\/PIC_CSG_PH-K_INT-10.jpg\"  data-categories=\"\" class=\"dmg_masonry_gallery_item \" >\n\t\t\t\t\t\t\t\t<img class=\"dmg-lazyload\" alt=\"PIC CSG PH K INT 10\" data-src=\"https:\/\/keystoneproperties.gr\/wp-content\/uploads\/2025\/12\/PIC_CSG_PH-K_INT-10-980x551.jpg\" width=\"980\" height=\"551\" \/>\n\t\t\t\t\t\t\t\t<span class=\"et_overlay\"><\/span>\n\t\t\t\t\t\t\t<\/a>\n\t\t\t\t\t\t\t\n\t\t\t\t\t\t\t<a data-width=\"980\" data-height=\"551\" href=\"https:\/\/keystoneproperties.gr\/wp-content\/uploads\/2025\/12\/PIC_CSG_PH-K_INT-11.jpg\"  data-categories=\"\" class=\"dmg_masonry_gallery_item \" >\n\t\t\t\t\t\t\t\t<img class=\"dmg-lazyload\" alt=\"PIC CSG PH K INT 11\" data-src=\"https:\/\/keystoneproperties.gr\/wp-content\/uploads\/2025\/12\/PIC_CSG_PH-K_INT-11-980x551.jpg\" width=\"980\" height=\"551\" \/>\n\t\t\t\t\t\t\t\t<span class=\"et_overlay\"><\/span>\n\t\t\t\t\t\t\t<\/a>\n\t\t\t\t\t\t\t\n\t\t\t\t\t\t\t<a data-width=\"980\" data-height=\"551\" href=\"https:\/\/keystoneproperties.gr\/wp-content\/uploads\/2025\/12\/PIC_CSG_PH-K_INT-16.jpg\"  data-categories=\"\" class=\"dmg_masonry_gallery_item \" >\n\t\t\t\t\t\t\t\t<img class=\"dmg-lazyload\" alt=\"PIC CSG PH K INT 16\" data-src=\"https:\/\/keystoneproperties.gr\/wp-content\/uploads\/2025\/12\/PIC_CSG_PH-K_INT-16-980x551.jpg\" width=\"980\" height=\"551\" \/>\n\t\t\t\t\t\t\t\t<span class=\"et_overlay\"><\/span>\n\t\t\t\t\t\t\t<\/a>\n\t\t\t\t\t\t\t\n\t\t\t\t\t\t\t<a data-width=\"980\" data-height=\"551\" href=\"https:\/\/keystoneproperties.gr\/wp-content\/uploads\/2025\/12\/PIC_CSG_PH-K_INT-19.jpg\"  data-categories=\"\" class=\"dmg_masonry_gallery_item \" >\n\t\t\t\t\t\t\t\t<img class=\"dmg-lazyload\" alt=\"PIC CSG PH K INT 19\" data-src=\"https:\/\/keystoneproperties.gr\/wp-content\/uploads\/2025\/12\/PIC_CSG_PH-K_INT-19-980x551.jpg\" width=\"980\" height=\"551\" \/>\n\t\t\t\t\t\t\t\t<span class=\"et_overlay\"><\/span>\n\t\t\t\t\t\t\t<\/a>\n\t\t\t\t\t\t\t\n\t  \t\t\t<\/div>\n\t  \t\t\t\n  \t\t\t<\/div>\n  \t\t\t\n\t\t\t\t<\/div>\n\t\t\t<\/div>\n","protected":false},"featured_media":4947,"comment_status":"closed","ping_status":"closed","template":"","meta":{"_acf_changed":false,"_et_pb_use_builder":"on","_et_pb_old_content":"<div>\r\n\r\nEingebettet in eine der exklusivsten Strandgemeinden in Peyia, Paphos, definiert diese neu errichtete F\u00fcnf-Schlafzimmer-Residenz den zeitgen\u00f6ssischen mediterranen Luxus neu. Die Villa, deren Fertigstellung f\u00fcr 2025 geplant ist, verf\u00fcgt \u00fcber 305 m\u00b2 Innenfl\u00e4che und steht auf einem wundersch\u00f6n angelegten 620 m\u00b2 gro\u00dfen Grundst\u00fcck, das sowohl architektonische Raffinesse als auch ein m\u00fcheloses Leben an der K\u00fcste bietet.\r\n\r\n<\/div>\r\n<div>\r\n\r\nDas \u00c4u\u00dfere besticht sofort durch seine klaren geometrischen Volumina, ausgedehnte Glasfassaden und eine raffinierte Mischung aus Naturstein und hochwertigen Oberfl\u00e4chen. Das Ergebnis ist eine markante moderne Silhouette, die sich nahtlos nach drau\u00dfen \u00f6ffnet. Gro\u00dfe Schiebet\u00fcren lassen die Grenzen zwischen Innen und Au\u00dfen verschwinden und verbinden die eleganten Wohnr\u00e4ume mit einer privaten Poolterrasse, die von \u00fcppigem Gr\u00fcn umgeben ist, mit gem\u00fctlichen Lounge-Zonen und einem Essbereich im Freien, der die B\u00fchne f\u00fcr entspannte mediterrane Abende bildet.\r\n\r\n<\/div>\r\n<div>\r\n\r\nDas Innere der Residenz wurde mit viel Liebe zum Detail gestaltet. Die offene Raumaufteilung wird durch gro\u00dfz\u00fcgige Deckenh\u00f6hen, viel nat\u00fcrliches Licht und eine Palette luxuri\u00f6ser Materialien unterstrichen, die eine Atmosph\u00e4re von schlichter Eleganz schaffen. Alle f\u00fcnf Schlafzimmer sind als private Zufluchtsorte konzipiert, jedes mit eigenem Bad, um ultimativen Komfort und Privatsph\u00e4re zu gew\u00e4hrleisten. Die Suiten im Obergeschoss bieten einen herrlichen Blick auf das Meer, das nur eine kurze Strecke entfernt liegt.\r\n\r\n<\/div>\r\n<div>\r\n\r\nWas dieses Anwesen zu einer Klasse f\u00fcr sich macht, ist seine privilegierte Lage in einer ultra-luxuri\u00f6sen Resort-Gemeinschaft, die eine unvergleichliche Auswahl an Einrichtungen bietet, die ausschlie\u00dflich den Bewohnern vorbehalten sind. Michelin-Sterne-Restaurants, italienische und mediterrane Restaurants, private Fitnessstudios, Spas, Sch\u00f6nheitssalons, Tennis- und Padelpl\u00e4tze, ein UEFA-Fu\u00dfballplatz, Reitst\u00e4lle, Agrartourismus, Privatstr\u00e4nde, ein Wasserpark, mehrere Pools und ein F\u00fcnf-Sterne-Hotel von Weltrang sorgen f\u00fcr einen Lebensstil von unvergleichlichem Komfort und Raffinesse.\r\n\r\n<\/div>\r\n<div>\r\n\r\nDiese Villa ist eine seltene Gelegenheit, sich ein zeitgen\u00f6ssisches architektonisches Meisterwerk in einem der prestigetr\u00e4chtigsten K\u00fcstengebiete Zyperns zu sichern - ein Haus, das herausragendes Design, Resort-Luxus und die N\u00e4he zum Meer zu einem einzigartigen, au\u00dfergew\u00f6hnlichen Wohnerlebnis vereint.\r\n\r\n<\/div>","_et_gb_content_width":""},"bathrooms":[307],"bathroom-no":[592],"construction-year":[],"floor":[],"features":[363,353,355,394,369,347,387,341,393,383,398,405,361,372,337,381,357,339,401,349,345],"land-size":[423],"property-type":[483],"region":[492],"bedrooms":[316],"location":[],"subregion":[],"property-size":[459],"product_brand":[],"product_cat":[227,229],"product_tag":[230],"class_list":{"0":"post-4943","1":"product","2":"type-product","3":"status-publish","4":"has-post-thumbnail","6":"bathrooms-307","7":"bathroom-no-592","8":"features-alarm","9":"features-walk-in-closet","10":"features-elevator","11":"features-outdoor-dining-area","12":"features-mountain-view","13":"features-family-friendly","14":"features-gym-equipment","15":"features-garden","16":"features-gated-property","17":"features-pet-friendly","18":"features-smart-home","19":"features-investment","20":"features-fireplace","21":"features-scenic-view","22":"features-sea-view","23":"features-furnished","24":"features-parking","25":"features-pool","26":"features-sunset-view","27":"features-laundry-room","28":"features-central-heating","29":"land-size-423","30":"property-type-villa","31":"region-cyprus","32":"bedrooms-316","33":"property-size-459","34":"product_cat-kaufen","35":"product_cat-keystone-villen","36":"product_tag-keystone-villen","38":"first","39":"instock","40":"shipping-taxable","41":"purchasable","42":"product-type-simple"},"acf":[],"_links":{"self":[{"href":"https:\/\/keystoneproperties.gr\/de\/wp-json\/wp\/v2\/product\/4943","targetHints":{"allow":["GET"]}}],"collection":[{"href":"https:\/\/keystoneproperties.gr\/de\/wp-json\/wp\/v2\/product"}],"about":[{"href":"https:\/\/keystoneproperties.gr\/de\/wp-json\/wp\/v2\/types\/product"}],"replies":[{"embeddable":true,"href":"https:\/\/keystoneproperties.gr\/de\/wp-json\/wp\/v2\/comments?post=4943"}],"wp:featuredmedia":[{"embeddable":true,"href":"https:\/\/keystoneproperties.gr\/de\/wp-json\/wp\/v2\/media\/4947"}],"wp:attachment":[{"href":"https:\/\/keystoneproperties.gr\/de\/wp-json\/wp\/v2\/media?parent=4943"}],"wp:term":[{"taxonomy":"bathrooms","embeddable":true,"href":"https:\/\/keystoneproperties.gr\/de\/wp-json\/wp\/v2\/bathrooms?post=4943"},{"taxonomy":"bathroom-no","embeddable":true,"href":"https:\/\/keystoneproperties.gr\/de\/wp-json\/wp\/v2\/bathroom-no?post=4943"},{"taxonomy":"construction-year","embeddable":true,"href":"https:\/\/keystoneproperties.gr\/de\/wp-json\/wp\/v2\/construction-year?post=4943"},{"taxonomy":"floor","embeddable":true,"href":"https:\/\/keystoneproperties.gr\/de\/wp-json\/wp\/v2\/floor?post=4943"},{"taxonomy":"features","embeddable":true,"href":"https:\/\/keystoneproperties.gr\/de\/wp-json\/wp\/v2\/features?post=4943"},{"taxonomy":"land-size","embeddable":true,"href":"https:\/\/keystoneproperties.gr\/de\/wp-json\/wp\/v2\/land-size?post=4943"},{"taxonomy":"property-type","embeddable":true,"href":"https:\/\/keystoneproperties.gr\/de\/wp-json\/wp\/v2\/property-type?post=4943"},{"taxonomy":"region","embeddable":true,"href":"https:\/\/keystoneproperties.gr\/de\/wp-json\/wp\/v2\/region?post=4943"},{"taxonomy":"bedrooms","embeddable":true,"href":"https:\/\/keystoneproperties.gr\/de\/wp-json\/wp\/v2\/bedrooms?post=4943"},{"taxonomy":"location","embeddable":true,"href":"https:\/\/keystoneproperties.gr\/de\/wp-json\/wp\/v2\/location?post=4943"},{"taxonomy":"subregion","embeddable":true,"href":"https:\/\/keystoneproperties.gr\/de\/wp-json\/wp\/v2\/subregion?post=4943"},{"taxonomy":"property-size","embeddable":true,"href":"https:\/\/keystoneproperties.gr\/de\/wp-json\/wp\/v2\/property-size?post=4943"},{"taxonomy":"product_brand","embeddable":true,"href":"https:\/\/keystoneproperties.gr\/de\/wp-json\/wp\/v2\/product_brand?post=4943"},{"taxonomy":"product_cat","embeddable":true,"href":"https:\/\/keystoneproperties.gr\/de\/wp-json\/wp\/v2\/product_cat?post=4943"},{"taxonomy":"product_tag","embeddable":true,"href":"https:\/\/keystoneproperties.gr\/de\/wp-json\/wp\/v2\/product_tag?post=4943"}],"curies":[{"name":"wp","href":"https:\/\/api.w.org\/{rel}","templated":true}]}}