{"id":4995,"date":"2025-12-02T15:00:11","date_gmt":"2025-12-02T15:00:11","guid":{"rendered":"https:\/\/keystoneproperties.gr\/product\/urban-crest\/"},"modified":"2026-01-30T08:59:20","modified_gmt":"2026-01-30T08:59:20","slug":"urban-crest","status":"publish","type":"product","link":"https:\/\/keystoneproperties.gr\/de\/produkt\/urban-crest\/","title":{"rendered":"URBAN CREST"},"content":{"rendered":"<p>[et_pb_section fb_built=&#8221;1&#8243; module_id=&#8221;Galerie&#8221; _builder_version=&#8221;4.27.4&#8243; _module_preset=&#8221;default&#8221; background_color=&#8221;#FFFFFF&#8221; custom_padding=&#8221;0px||37px||false|false&#8221; collapsed=&#8221;off&#8221; global_colors_info=&#8221;{}&#8221;][et_pb_row _builder_version=&#8221;4.27.4&#8243; _module_preset=&#8221;default&#8221; width=&#8221;90%&#8221; max_width=&#8221;100%&#8221; custom_padding=&#8221;0px||||false|false&#8221; global_colors_info=&#8221;{}&#8221;][et_pb_column type=&#8221;4_4&#8243; _builder_version=&#8221;4.27.4&#8243; _module_preset=&#8221;default&#8221; global_colors_info=&#8221;{}&#8221;][dmg_masonry_gallery gallery=&#8221;3810,3813,3811,3812,3801,3802,3803,3804,3805,3806,3807,3808,3809&#8243; gutter=&#8221;15&#8243; _builder_version=&#8221;4.27.5&#8243; _module_preset=&#8221;default&#8221; global_colors_info=&#8221;{}&#8221;][\/dmg_masonry_gallery][\/et_pb_column][\/et_pb_row][\/et_pb_section][et_pb_section fb_built=&#8221;1&#8243; _builder_version=&#8221;4.27.4&#8243; _module_preset=&#8221;default&#8221; background_color=&#8221;#182030&#8243; custom_padding=&#8221;0px||0px||true|false&#8221; global_colors_info=&#8221;{}&#8221;][et_pb_row column_structure=&#8221;1_2,1_2&#8243; use_custom_gutter=&#8221;on&#8221; gutter_width=&#8221;1&#8243; make_equal=&#8221;on&#8221; custom_padding_last_edited=&#8221;on|phone&#8221; _builder_version=&#8221;4.27.4&#8243; _module_preset=&#8221;default&#8221; width=&#8221;100%&#8221; max_width=&#8221;100%&#8221; custom_padding=&#8221;0px||0px||false|false&#8221; custom_padding_tablet=&#8221;0px||0px||false|false&#8221; custom_padding_phone=&#8221;0px||0px||true|false&#8221; global_colors_info=&#8221;{}&#8221;][et_pb_column type=&#8221;1_2&#8243; _builder_version=&#8221;4.27.4&#8243; _module_preset=&#8221;default&#8221; global_colors_info=&#8221;{}&#8221;][et_pb_blog posts_number=&#8221;1&#8243; include_categories=&#8221;203&#8243; show_author=&#8221;off&#8221; show_date=&#8221;off&#8221; show_categories=&#8221;off&#8221; show_pagination=&#8221;off&#8221; _builder_version=&#8221;4.27.5&#8243; _module_preset=&#8221;default&#8221; header_font=&#8221;Libre Baskerville||||||||&#8221; header_text_color=&#8221;#FFFFFF&#8221; header_line_height=&#8221;1.5em&#8221; body_text_color=&#8221;#FFFFFF&#8221; custom_padding=&#8221;80px|80px|80px|80px|true|true&#8221; custom_padding_tablet=&#8221;40px|40px|40px|40px|true|true&#8221; custom_padding_phone=&#8221;20px|20px|20px|20px|true|true&#8221; custom_padding_last_edited=&#8221;on|phone&#8221; global_colors_info=&#8221;{}&#8221;][\/et_pb_blog][\/et_pb_column][et_pb_column type=&#8221;1_2&#8243; _builder_version=&#8221;4.27.4&#8243; _module_preset=&#8221;default&#8221; global_colors_info=&#8221;{}&#8221;][et_pb_map address=&#8221;\u03a0\u03ac\u03bd\u03bf\u03c1\u03bc\u03bf\u03c2, \u0395\u03bb\u03bb\u03ac\u03b4\u03b1&#8221; zoom_level=&#8221;14&#8243; address_lat=&#8221;35.416527546927&#8243; address_lng=&#8221;24.650966130131&#8243; _builder_version=&#8221;4.27.4&#8243; _module_preset=&#8221;default&#8221; height=&#8221;700px&#8221; custom_margin=&#8221;80px|80px|80px||true|false&#8221; custom_padding=&#8221;||||false|false&#8221; filter_saturate=&#8221;16%&#8221; filter_brightness=&#8221;111%&#8221; filter_contrast=&#8221;89%&#8221; global_colors_info=&#8221;{}&#8221;][et_pb_map_pin pin_address=&#8221;\u03a1\u03ad\u03b8\u03c5\u03bc\u03bd\u03bf, \u0395\u03bb\u03bb\u03ac\u03b4\u03b1&#8221; pin_address_lat=&#8221;35.3655545&#8243; pin_address_lng=&#8221;24.4919838&#8243; _builder_version=&#8221;4.27.4&#8243; _module_preset=&#8221;default&#8221; global_colors_info=&#8221;{}&#8221;][\/et_pb_map_pin][\/et_pb_map][\/et_pb_column][\/et_pb_row][\/et_pb_section]<\/p>\n","protected":false},"excerpt":{"rendered":"<div class=\"et_pb_module dmg_masonry_gallery dmg_masonry_gallery_0\">\n\t\t\t\t\n\t\t\t\t\n\t\t\t\t\n\t\t\t\t\n\t\t\t\t\n\t\t\t\t\n\t\t\t\t<div class=\"et_pb_module_inner\">\n\t\t\t\t\t\n\t\t\t<div class=\"dmg-gallery-wrapper\">\n\t\t\t\t\n\t\t\t\t<div class=\"dmg-gallery dmg-modal-gallery \">\n\t\t\t\t\t<div class=\"dmg-gallery-sizer\"><\/div>\n\t\t\t\t\t<div class=\"dmg-gutter-sizer\"><\/div>\n\t\t\t\t\t\n\t\t\t\t\t\t\t<a data-width=\"980\" data-height=\"806\" href=\"https:\/\/keystoneproperties.gr\/wp-content\/uploads\/2025\/12\/City-Landmark-exterior-1-2.jpg\"  data-categories=\"\" class=\"dmg_masonry_gallery_item \" >\n\t\t\t\t\t\t\t\t<img class=\"dmg-lazyload\" alt=\"City Landmark exterior 1 2\" data-src=\"https:\/\/keystoneproperties.gr\/wp-content\/uploads\/2025\/12\/City-Landmark-exterior-1-2-980x806.jpg\" width=\"980\" height=\"806\" \/>\n\t\t\t\t\t\t\t\t<span class=\"et_overlay\"><\/span>\n\t\t\t\t\t\t\t<\/a>\n\t\t\t\t\t\t\t\n\t\t\t\t\t\t\t<a data-width=\"980\" data-height=\"692\" href=\"https:\/\/keystoneproperties.gr\/wp-content\/uploads\/2025\/12\/City-Landmark-exterior-7-1.jpg\"  data-categories=\"\" class=\"dmg_masonry_gallery_item \" >\n\t\t\t\t\t\t\t\t<img class=\"dmg-lazyload\" alt=\"City Landmark exterior 7 1\" data-src=\"https:\/\/keystoneproperties.gr\/wp-content\/uploads\/2025\/12\/City-Landmark-exterior-7-1-980x692.jpg\" width=\"980\" height=\"692\" \/>\n\t\t\t\t\t\t\t\t<span class=\"et_overlay\"><\/span>\n\t\t\t\t\t\t\t<\/a>\n\t\t\t\t\t\t\t\n\t\t\t\t\t\t\t<a data-width=\"980\" data-height=\"692\" href=\"https:\/\/keystoneproperties.gr\/wp-content\/uploads\/2025\/12\/City-Landmark-exterior-2-1.jpg\"  data-categories=\"\" class=\"dmg_masonry_gallery_item \" >\n\t\t\t\t\t\t\t\t<img class=\"dmg-lazyload\" alt=\"City Landmark exterior 2 1\" data-src=\"https:\/\/keystoneproperties.gr\/wp-content\/uploads\/2025\/12\/City-Landmark-exterior-2-1-980x692.jpg\" width=\"980\" height=\"692\" \/>\n\t\t\t\t\t\t\t\t<span class=\"et_overlay\"><\/span>\n\t\t\t\t\t\t\t<\/a>\n\t\t\t\t\t\t\t\n\t\t\t\t\t\t\t<a data-width=\"980\" data-height=\"692\" href=\"https:\/\/keystoneproperties.gr\/wp-content\/uploads\/2025\/12\/City-Landmark-exterior-4-1.jpg\"  data-categories=\"\" class=\"dmg_masonry_gallery_item \" >\n\t\t\t\t\t\t\t\t<img class=\"dmg-lazyload\" alt=\"City Landmark exterior 4 1\" data-src=\"https:\/\/keystoneproperties.gr\/wp-content\/uploads\/2025\/12\/City-Landmark-exterior-4-1-980x692.jpg\" width=\"980\" height=\"692\" \/>\n\t\t\t\t\t\t\t\t<span class=\"et_overlay\"><\/span>\n\t\t\t\t\t\t\t<\/a>\n\t\t\t\t\t\t\t\n\t\t\t\t\t\t\t<a data-width=\"980\" data-height=\"693\" href=\"https:\/\/keystoneproperties.gr\/wp-content\/uploads\/2025\/12\/City-Landmark-Block-A-interior-1-1.jpg\"  data-categories=\"\" class=\"dmg_masonry_gallery_item \" >\n\t\t\t\t\t\t\t\t<img class=\"dmg-lazyload\" alt=\"City Landmark Block A interior 1 1\" data-src=\"https:\/\/keystoneproperties.gr\/wp-content\/uploads\/2025\/12\/City-Landmark-Block-A-interior-1-1-980x693.jpg\" width=\"980\" height=\"693\" \/>\n\t\t\t\t\t\t\t\t<span class=\"et_overlay\"><\/span>\n\t\t\t\t\t\t\t<\/a>\n\t\t\t\t\t\t\t\n\t\t\t\t\t\t\t<a data-width=\"980\" data-height=\"693\" href=\"https:\/\/keystoneproperties.gr\/wp-content\/uploads\/2025\/12\/City-Landmark-Block-A-interior-2-1.jpg\"  data-categories=\"\" class=\"dmg_masonry_gallery_item \" >\n\t\t\t\t\t\t\t\t<img class=\"dmg-lazyload\" alt=\"City Landmark Block A interior 2 1\" data-src=\"https:\/\/keystoneproperties.gr\/wp-content\/uploads\/2025\/12\/City-Landmark-Block-A-interior-2-1-980x693.jpg\" width=\"980\" height=\"693\" \/>\n\t\t\t\t\t\t\t\t<span class=\"et_overlay\"><\/span>\n\t\t\t\t\t\t\t<\/a>\n\t\t\t\t\t\t\t\n\t\t\t\t\t\t\t<a data-width=\"980\" data-height=\"693\" href=\"https:\/\/keystoneproperties.gr\/wp-content\/uploads\/2025\/12\/City-Landmark-Block-A-interior-3-1.jpg\"  data-categories=\"\" class=\"dmg_masonry_gallery_item \" >\n\t\t\t\t\t\t\t\t<img class=\"dmg-lazyload\" alt=\"City Landmark Block A interior 3 1\" data-src=\"https:\/\/keystoneproperties.gr\/wp-content\/uploads\/2025\/12\/City-Landmark-Block-A-interior-3-1-980x693.jpg\" width=\"980\" height=\"693\" \/>\n\t\t\t\t\t\t\t\t<span class=\"et_overlay\"><\/span>\n\t\t\t\t\t\t\t<\/a>\n\t\t\t\t\t\t\t\n\t\t\t\t\t\t\t<a data-width=\"980\" data-height=\"693\" href=\"https:\/\/keystoneproperties.gr\/wp-content\/uploads\/2025\/12\/City-Landmark-Block-A-interior-4-1.jpg\"  data-categories=\"\" class=\"dmg_masonry_gallery_item \" >\n\t\t\t\t\t\t\t\t<img class=\"dmg-lazyload\" alt=\"City Landmark Block A interior 4 1\" data-src=\"https:\/\/keystoneproperties.gr\/wp-content\/uploads\/2025\/12\/City-Landmark-Block-A-interior-4-1-980x693.jpg\" width=\"980\" height=\"693\" \/>\n\t\t\t\t\t\t\t\t<span class=\"et_overlay\"><\/span>\n\t\t\t\t\t\t\t<\/a>\n\t\t\t\t\t\t\t\n\t\t\t\t\t\t\t<a data-width=\"980\" data-height=\"693\" href=\"https:\/\/keystoneproperties.gr\/wp-content\/uploads\/2025\/12\/City-Landmark-Block-B-interior-1-1.jpg\"  data-categories=\"\" class=\"dmg_masonry_gallery_item \" >\n\t\t\t\t\t\t\t\t<img class=\"dmg-lazyload\" alt=\"City Landmark Block B interior 1 1\" data-src=\"https:\/\/keystoneproperties.gr\/wp-content\/uploads\/2025\/12\/City-Landmark-Block-B-interior-1-1-980x693.jpg\" width=\"980\" height=\"693\" \/>\n\t\t\t\t\t\t\t\t<span class=\"et_overlay\"><\/span>\n\t\t\t\t\t\t\t<\/a>\n\t\t\t\t\t\t\t\n\t\t\t\t\t\t\t<a data-width=\"980\" data-height=\"693\" href=\"https:\/\/keystoneproperties.gr\/wp-content\/uploads\/2025\/12\/City-Landmark-Block-B-interior-2-1.jpg\"  data-categories=\"\" class=\"dmg_masonry_gallery_item \" >\n\t\t\t\t\t\t\t\t<img class=\"dmg-lazyload\" alt=\"City Landmark Block B interior 2 1\" data-src=\"https:\/\/keystoneproperties.gr\/wp-content\/uploads\/2025\/12\/City-Landmark-Block-B-interior-2-1-980x693.jpg\" width=\"980\" height=\"693\" \/>\n\t\t\t\t\t\t\t\t<span class=\"et_overlay\"><\/span>\n\t\t\t\t\t\t\t<\/a>\n\t\t\t\t\t\t\t\n\t\t\t\t\t\t\t<a data-width=\"980\" data-height=\"693\" href=\"https:\/\/keystoneproperties.gr\/wp-content\/uploads\/2025\/12\/City-Landmark-Block-B-interior-3-1.jpg\"  data-categories=\"\" class=\"dmg_masonry_gallery_item \" >\n\t\t\t\t\t\t\t\t<img class=\"dmg-lazyload\" alt=\"City Landmark Block B interior 3 1\" data-src=\"https:\/\/keystoneproperties.gr\/wp-content\/uploads\/2025\/12\/City-Landmark-Block-B-interior-3-1-980x693.jpg\" width=\"980\" height=\"693\" \/>\n\t\t\t\t\t\t\t\t<span class=\"et_overlay\"><\/span>\n\t\t\t\t\t\t\t<\/a>\n\t\t\t\t\t\t\t\n\t\t\t\t\t\t\t<a data-width=\"980\" data-height=\"693\" href=\"https:\/\/keystoneproperties.gr\/wp-content\/uploads\/2025\/12\/City-Landmark-Block-B-interior-4-1.jpg\"  data-categories=\"\" class=\"dmg_masonry_gallery_item \" >\n\t\t\t\t\t\t\t\t<img class=\"dmg-lazyload\" alt=\"City Landmark Block B interior 4 1\" data-src=\"https:\/\/keystoneproperties.gr\/wp-content\/uploads\/2025\/12\/City-Landmark-Block-B-interior-4-1-980x693.jpg\" width=\"980\" height=\"693\" \/>\n\t\t\t\t\t\t\t\t<span class=\"et_overlay\"><\/span>\n\t\t\t\t\t\t\t<\/a>\n\t\t\t\t\t\t\t\n\t\t\t\t\t\t\t<a data-width=\"980\" data-height=\"693\" href=\"https:\/\/keystoneproperties.gr\/wp-content\/uploads\/2025\/12\/City-Landmark-Block-B-interior-5-1.jpg\"  data-categories=\"\" class=\"dmg_masonry_gallery_item \" >\n\t\t\t\t\t\t\t\t<img class=\"dmg-lazyload\" alt=\"City Landmark Block B interior 5 1\" data-src=\"https:\/\/keystoneproperties.gr\/wp-content\/uploads\/2025\/12\/City-Landmark-Block-B-interior-5-1-980x693.jpg\" width=\"980\" height=\"693\" \/>\n\t\t\t\t\t\t\t\t<span class=\"et_overlay\"><\/span>\n\t\t\t\t\t\t\t<\/a>\n\t\t\t\t\t\t\t\n\t  \t\t\t<\/div>\n\t  \t\t\t\n  \t\t\t<\/div>\n  \t\t\t\n\t\t\t\t<\/div>\n\t\t\t<\/div>\n","protected":false},"featured_media":4996,"comment_status":"closed","ping_status":"closed","template":"","meta":{"_acf_changed":false,"_et_pb_use_builder":"on","_et_pb_old_content":"<p style=\"font-weight: 400\">Diese au\u00dfergew\u00f6hnliche Wohnung mit drei Schlafzimmern im dritten Stock bietet eine raffinierte Mischung aus zeitgen\u00f6ssischer Architektur, gro\u00dfz\u00fcgigen Innenr\u00e4umen und Wohnen im Resort-Stil in einer der begehrtesten zentralen Lagen von Paphos. Mit einer Gesamtfl\u00e4che von 178 m\u00b2, einschlie\u00dflich der Innenr\u00e4ume, \u00fcberdachten Terrassen und Gemeinschaftsbereiche, wurde die Wohnung so gestaltet, dass sie moderne Eleganz mit m\u00fchelosem Komfort verbindet.<\/p>\r\n<p style=\"font-weight: 400\">Die 118 m\u00b2 Wohnfl\u00e4che sind offen gestaltet, so dass Wohn-, Ess- und K\u00fcchenbereich flie\u00dfend ineinander \u00fcbergehen, was durch die raumhohen Fenster, die das Haus mit nat\u00fcrlichem Licht durchfluten, noch verst\u00e4rkt wird. Die Atmosph\u00e4re ist hell, anspruchsvoll und einladend - perfekt f\u00fcr ein entspanntes Leben im Alltag und f\u00fcr die Bewirtung von G\u00e4sten. Hochwertige Materialien und raffinierte Oberfl\u00e4chen werten jeden Raum auf und vermitteln ein Gef\u00fchl von unaufdringlichem Luxus.<\/p>\r\n<p style=\"font-weight: 400\">Drei gut ausgestattete Schlafzimmer mit gro\u00dfen Fenstern, die den Blick auf die umliegende Stadt freigeben, bieten viel Privatsph\u00e4re. Die Master-Suite genie\u00dft ihre eigene private Umgebung, die einen ruhigen R\u00fcckzugsort im Haus schafft. Ein besonderes Highlight ist die ger\u00e4umige, 42 m\u00b2 gro\u00dfe \u00fcberdachte Veranda, die den Wohnbereich nach drau\u00dfen erweitert und einen idealen Platz zum Essen, Faulenzen oder einfach nur zum Genie\u00dfen des warmen mediterranen Klimas bietet.<\/p>\r\n<p style=\"font-weight: 400\">Die Bewohner der Wohnanlage haben Zugang zu einer beeindruckenden Sammlung von Lifestyle-Annehmlichkeiten, die das t\u00e4gliche Leben bereichern: ein stilvoller Gemeinschaftspool, ein voll ausgestattetes Fitnessstudio, Spa- und Wellness-R\u00e4ume, ein Caf\u00e9 und ein Lounge-Bereich f\u00fcr die Bewohner, Gesch\u00e4ftsr\u00e4ume und ein engagierter Concierge- und Hausverwaltungsservice. Zu den weiteren Annehmlichkeiten geh\u00f6ren ein 24\/7-Sicherheitsdienst, eine private Tiefgarage und eine wundersch\u00f6n angelegte Umgebung, die nur wenige Minuten von den wichtigsten Sehensw\u00fcrdigkeiten der Stadt entfernt ein Gef\u00fchl der Ruhe vermittelt.<\/p>\r\n<p style=\"font-weight: 400\">Perfekt gelegen, nur wenige Gehminuten von Einkaufsm\u00f6glichkeiten, Restaurants, kulturellen Sehensw\u00fcrdigkeiten, Schulen und der K\u00fcste entfernt, bietet diese Residenz eine au\u00dfergew\u00f6hnliche Mischung aus Luxus, Bequemlichkeit und Investitionsm\u00f6glichkeiten - ein ideales Zuhause f\u00fcr alle, die ein gehobenes st\u00e4dtisches Leben im Herzen von Paphos suchen.<\/p>\r\n\r\n<div><\/div>\r\n<div>Weitere Apartments unterschiedlicher Gr\u00f6\u00dfe auf verschiedenen Etagen sind ebenfalls verf\u00fcgbar. N\u00e4here Informationen erhalten Sie auf Anfrage.<\/div>","_et_gb_content_width":""},"bathrooms":[299],"bathroom-no":[589],"construction-year":[329],"floor":[409],"features":[363,389,355,347,387,341,383,398,405,361,359,384,337,381,357,339,375,345],"land-size":[],"property-type":[489],"region":[492],"bedrooms":[321],"location":[],"subregion":[502],"property-size":[461],"product_brand":[],"product_cat":[227,240],"product_tag":[241],"class_list":{"0":"post-4995","1":"product","2":"type-product","3":"status-publish","4":"has-post-thumbnail","6":"bathrooms-299","7":"bathroom-no-589","8":"construction-year-329","9":"floor-409","10":"features-alarm","11":"features-office-room","12":"features-elevator","13":"features-family-friendly","14":"features-gym-equipment","15":"features-garden","16":"features-pet-friendly","17":"features-smart-home","18":"features-investment","19":"features-fireplace","20":"features-air-condition","21":"features-storage","22":"features-sea-view","23":"features-furnished","24":"features-parking","25":"features-pool","26":"features-city-view","27":"features-central-heating","28":"property-type-wohnung","29":"region-cyprus","30":"bedrooms-321","31":"subregion-paphos","32":"property-size-461","33":"product_cat-kaufen","34":"product_cat-keystone-wohnungen","35":"product_tag-keystone-wohnungen","37":"first","38":"instock","39":"shipping-taxable","40":"purchasable","41":"product-type-simple"},"acf":[],"_links":{"self":[{"href":"https:\/\/keystoneproperties.gr\/de\/wp-json\/wp\/v2\/product\/4995","targetHints":{"allow":["GET"]}}],"collection":[{"href":"https:\/\/keystoneproperties.gr\/de\/wp-json\/wp\/v2\/product"}],"about":[{"href":"https:\/\/keystoneproperties.gr\/de\/wp-json\/wp\/v2\/types\/product"}],"replies":[{"embeddable":true,"href":"https:\/\/keystoneproperties.gr\/de\/wp-json\/wp\/v2\/comments?post=4995"}],"wp:featuredmedia":[{"embeddable":true,"href":"https:\/\/keystoneproperties.gr\/de\/wp-json\/wp\/v2\/media\/4996"}],"wp:attachment":[{"href":"https:\/\/keystoneproperties.gr\/de\/wp-json\/wp\/v2\/media?parent=4995"}],"wp:term":[{"taxonomy":"bathrooms","embeddable":true,"href":"https:\/\/keystoneproperties.gr\/de\/wp-json\/wp\/v2\/bathrooms?post=4995"},{"taxonomy":"bathroom-no","embeddable":true,"href":"https:\/\/keystoneproperties.gr\/de\/wp-json\/wp\/v2\/bathroom-no?post=4995"},{"taxonomy":"construction-year","embeddable":true,"href":"https:\/\/keystoneproperties.gr\/de\/wp-json\/wp\/v2\/construction-year?post=4995"},{"taxonomy":"floor","embeddable":true,"href":"https:\/\/keystoneproperties.gr\/de\/wp-json\/wp\/v2\/floor?post=4995"},{"taxonomy":"features","embeddable":true,"href":"https:\/\/keystoneproperties.gr\/de\/wp-json\/wp\/v2\/features?post=4995"},{"taxonomy":"land-size","embeddable":true,"href":"https:\/\/keystoneproperties.gr\/de\/wp-json\/wp\/v2\/land-size?post=4995"},{"taxonomy":"property-type","embeddable":true,"href":"https:\/\/keystoneproperties.gr\/de\/wp-json\/wp\/v2\/property-type?post=4995"},{"taxonomy":"region","embeddable":true,"href":"https:\/\/keystoneproperties.gr\/de\/wp-json\/wp\/v2\/region?post=4995"},{"taxonomy":"bedrooms","embeddable":true,"href":"https:\/\/keystoneproperties.gr\/de\/wp-json\/wp\/v2\/bedrooms?post=4995"},{"taxonomy":"location","embeddable":true,"href":"https:\/\/keystoneproperties.gr\/de\/wp-json\/wp\/v2\/location?post=4995"},{"taxonomy":"subregion","embeddable":true,"href":"https:\/\/keystoneproperties.gr\/de\/wp-json\/wp\/v2\/subregion?post=4995"},{"taxonomy":"property-size","embeddable":true,"href":"https:\/\/keystoneproperties.gr\/de\/wp-json\/wp\/v2\/property-size?post=4995"},{"taxonomy":"product_brand","embeddable":true,"href":"https:\/\/keystoneproperties.gr\/de\/wp-json\/wp\/v2\/product_brand?post=4995"},{"taxonomy":"product_cat","embeddable":true,"href":"https:\/\/keystoneproperties.gr\/de\/wp-json\/wp\/v2\/product_cat?post=4995"},{"taxonomy":"product_tag","embeddable":true,"href":"https:\/\/keystoneproperties.gr\/de\/wp-json\/wp\/v2\/product_tag?post=4995"}],"curies":[{"name":"wp","href":"https:\/\/api.w.org\/{rel}","templated":true}]}}