{"id":5019,"date":"2025-12-15T14:57:34","date_gmt":"2025-12-15T14:57:34","guid":{"rendered":"https:\/\/keystoneproperties.gr\/product\/forte\/"},"modified":"2026-01-30T08:49:11","modified_gmt":"2026-01-30T08:49:11","slug":"forte","status":"publish","type":"product","link":"https:\/\/keystoneproperties.gr\/de\/produkt\/forte\/","title":{"rendered":"FORTE"},"content":{"rendered":"<p>[et_pb_section fb_built=&#8221;1&#8243; module_id=&#8221;Galerie&#8221; _builder_version=&#8221;4.27.4&#8243; _module_preset=&#8221;default&#8221; background_color=&#8221;#FFFFFF&#8221; custom_padding=&#8221;0px||37px||false|false&#8221; collapsed=&#8221;off&#8221; global_colors_info=&#8221;{}&#8221;][et_pb_row _builder_version=&#8221;4.27.4&#8243; _module_preset=&#8221;default&#8221; width=&#8221;90%&#8221; max_width=&#8221;100%&#8221; custom_padding=&#8221;0px||||false|false&#8221; global_colors_info=&#8221;{}&#8221;][et_pb_column type=&#8221;4_4&#8243; _builder_version=&#8221;4.27.4&#8243; _module_preset=&#8221;default&#8221; global_colors_info=&#8221;{}&#8221;][dmg_masonry_gallery gallery=&#8221;2754,2753,2752,2751,2750,2749,2747,2746,3838,3820,3821,3822,3830,3827,3829,3832,3833,3834,3836,3837&#8243; gutter=&#8221;15&#8243; _builder_version=&#8221;4.27.5&#8243; _module_preset=&#8221;default&#8221; global_colors_info=&#8221;{}&#8221;][\/dmg_masonry_gallery][\/et_pb_column][\/et_pb_row][\/et_pb_section][et_pb_section fb_built=&#8221;1&#8243; _builder_version=&#8221;4.27.4&#8243; _module_preset=&#8221;default&#8221; background_color=&#8221;#182030&#8243; custom_padding=&#8221;0px||0px||true|false&#8221; global_colors_info=&#8221;{}&#8221;][et_pb_row column_structure=&#8221;1_2,1_2&#8243; use_custom_gutter=&#8221;on&#8221; gutter_width=&#8221;1&#8243; make_equal=&#8221;on&#8221; custom_padding_last_edited=&#8221;on|phone&#8221; _builder_version=&#8221;4.27.4&#8243; _module_preset=&#8221;default&#8221; width=&#8221;100%&#8221; max_width=&#8221;100%&#8221; custom_padding=&#8221;0px||0px||false|false&#8221; custom_padding_tablet=&#8221;0px||0px||false|false&#8221; custom_padding_phone=&#8221;0px||0px||true|false&#8221; global_colors_info=&#8221;{}&#8221;][et_pb_column type=&#8221;1_2&#8243; _builder_version=&#8221;4.27.4&#8243; _module_preset=&#8221;default&#8221; global_colors_info=&#8221;{}&#8221;][et_pb_blog posts_number=&#8221;1&#8243; include_categories=&#8221;78&#8243; show_author=&#8221;off&#8221; show_date=&#8221;off&#8221; show_categories=&#8221;off&#8221; show_pagination=&#8221;off&#8221; _builder_version=&#8221;4.27.5&#8243; _module_preset=&#8221;default&#8221; header_font=&#8221;Libre Baskerville||||||||&#8221; header_text_color=&#8221;#FFFFFF&#8221; header_line_height=&#8221;1.5em&#8221; body_text_color=&#8221;#FFFFFF&#8221; custom_padding=&#8221;80px|80px|80px|80px|true|true&#8221; custom_padding_tablet=&#8221;40px|40px|40px|40px|true|true&#8221; custom_padding_phone=&#8221;20px|20px|20px|20px|true|true&#8221; custom_padding_last_edited=&#8221;on|phone&#8221; global_colors_info=&#8221;{}&#8221;][\/et_pb_blog][\/et_pb_column][et_pb_column type=&#8221;1_2&#8243; _builder_version=&#8221;4.27.4&#8243; _module_preset=&#8221;default&#8221; global_colors_info=&#8221;{}&#8221;][et_pb_map address=&#8221;\u03a3\u03ba\u03b1\u03bb\u03ad\u03c4\u03b1 740 52, \u0395\u03bb\u03bb\u03ac\u03b4\u03b1&#8221; zoom_level=&#8221;14&#8243; address_lat=&#8221;35.3886179&#8243; address_lng=&#8221;24.6151998&#8243; _builder_version=&#8221;4.27.5&#8243; _module_preset=&#8221;default&#8221; height=&#8221;700px&#8221; custom_margin=&#8221;80px|80px|80px||true|false&#8221; custom_padding=&#8221;||||false|false&#8221; filter_saturate=&#8221;16%&#8221; filter_brightness=&#8221;111%&#8221; filter_contrast=&#8221;89%&#8221; global_colors_info=&#8221;{}&#8221;][et_pb_map_pin pin_address=&#8221;\u03a3\u03ba\u03b1\u03bb\u03ad\u03c4\u03b1 740 52, \u0395\u03bb\u03bb\u03ac\u03b4\u03b1&#8221; pin_address_lat=&#8221;35.3886179&#8243; pin_address_lng=&#8221;24.6151998&#8243; _builder_version=&#8221;4.27.5&#8243; _module_preset=&#8221;default&#8221; global_colors_info=&#8221;{}&#8221;][\/et_pb_map_pin][\/et_pb_map][\/et_pb_column][\/et_pb_row][\/et_pb_section]<\/p>\n","protected":false},"excerpt":{"rendered":"<div class=\"et_pb_module dmg_masonry_gallery dmg_masonry_gallery_0\">\n\t\t\t\t\n\t\t\t\t\n\t\t\t\t\n\t\t\t\t\n\t\t\t\t\n\t\t\t\t\n\t\t\t\t<div class=\"et_pb_module_inner\">\n\t\t\t\t\t\n\t\t\t<div class=\"dmg-gallery-wrapper\">\n\t\t\t\t\n\t\t\t\t<div class=\"dmg-gallery dmg-modal-gallery \">\n\t\t\t\t\t<div class=\"dmg-gallery-sizer\"><\/div>\n\t\t\t\t\t<div class=\"dmg-gutter-sizer\"><\/div>\n\t\t\t\t\t\n\t\t\t\t\t\t\t<a data-width=\"980\" data-height=\"661\" href=\"https:\/\/keystoneproperties.gr\/wp-content\/uploads\/2025\/11\/DJI_20250920122139_0009_D-3-scaled.jpg\"  data-categories=\"\" class=\"dmg_masonry_gallery_item \" >\n\t\t\t\t\t\t\t\t<img class=\"dmg-lazyload\" alt=\"DJI 20250920122139 0009 D 3 scaled\" data-src=\"https:\/\/keystoneproperties.gr\/wp-content\/uploads\/2025\/11\/DJI_20250920122139_0009_D-3-980x661.jpg\" width=\"980\" height=\"661\" \/>\n\t\t\t\t\t\t\t\t<span class=\"et_overlay\"><\/span>\n\t\t\t\t\t\t\t<\/a>\n\t\t\t\t\t\t\t\n\t\t\t\t\t\t\t<a data-width=\"980\" data-height=\"1453\" href=\"https:\/\/keystoneproperties.gr\/wp-content\/uploads\/2025\/11\/DJI_20250920122139_0009_D-2-scaled.jpg\"  data-categories=\"\" class=\"dmg_masonry_gallery_item \" >\n\t\t\t\t\t\t\t\t<img class=\"dmg-lazyload\" alt=\"DJI 20250920122139 0009 D 2 scaled\" data-src=\"https:\/\/keystoneproperties.gr\/wp-content\/uploads\/2025\/11\/DJI_20250920122139_0009_D-2-980x1453.jpg\" width=\"980\" height=\"1453\" \/>\n\t\t\t\t\t\t\t\t<span class=\"et_overlay\"><\/span>\n\t\t\t\t\t\t\t<\/a>\n\t\t\t\t\t\t\t\n\t\t\t\t\t\t\t<a data-width=\"980\" data-height=\"455\" href=\"https:\/\/keystoneproperties.gr\/wp-content\/uploads\/2025\/11\/DJI_20250920121831_0004_D-Edit-scaled.jpg\"  data-categories=\"\" class=\"dmg_masonry_gallery_item \" >\n\t\t\t\t\t\t\t\t<img class=\"dmg-lazyload\" alt=\"DJI 20250920121831 0004 D Edit scaled\" data-src=\"https:\/\/keystoneproperties.gr\/wp-content\/uploads\/2025\/11\/DJI_20250920121831_0004_D-Edit-980x455.jpg\" width=\"980\" height=\"455\" \/>\n\t\t\t\t\t\t\t\t<span class=\"et_overlay\"><\/span>\n\t\t\t\t\t\t\t<\/a>\n\t\t\t\t\t\t\t\n\t\t\t\t\t\t\t<a data-width=\"980\" data-height=\"652\" href=\"https:\/\/keystoneproperties.gr\/wp-content\/uploads\/2025\/11\/DSC0684-HDR-Edit-2-scaled.jpg\"  data-categories=\"\" class=\"dmg_masonry_gallery_item \" >\n\t\t\t\t\t\t\t\t<img class=\"dmg-lazyload\" alt=\"DSC0684 HDR Edit 2 scaled\" data-src=\"https:\/\/keystoneproperties.gr\/wp-content\/uploads\/2025\/11\/DSC0684-HDR-Edit-2-980x652.jpg\" width=\"980\" height=\"652\" \/>\n\t\t\t\t\t\t\t\t<span class=\"et_overlay\"><\/span>\n\t\t\t\t\t\t\t<\/a>\n\t\t\t\t\t\t\t\n\t\t\t\t\t\t\t<a data-width=\"980\" data-height=\"652\" href=\"https:\/\/keystoneproperties.gr\/wp-content\/uploads\/2025\/11\/DSC0662-HDR-Edit-2-scaled.jpg\"  data-categories=\"\" class=\"dmg_masonry_gallery_item \" >\n\t\t\t\t\t\t\t\t<img class=\"dmg-lazyload\" alt=\"DSC0662 HDR Edit 2 scaled\" data-src=\"https:\/\/keystoneproperties.gr\/wp-content\/uploads\/2025\/11\/DSC0662-HDR-Edit-2-980x652.jpg\" width=\"980\" height=\"652\" \/>\n\t\t\t\t\t\t\t\t<span class=\"et_overlay\"><\/span>\n\t\t\t\t\t\t\t<\/a>\n\t\t\t\t\t\t\t\n\t\t\t\t\t\t\t<a data-width=\"980\" data-height=\"665\" href=\"https:\/\/keystoneproperties.gr\/wp-content\/uploads\/2025\/11\/DSC0649-HDR-Edit-scaled.jpg\"  data-categories=\"\" class=\"dmg_masonry_gallery_item \" >\n\t\t\t\t\t\t\t\t<img class=\"dmg-lazyload\" alt=\"DSC0649 HDR Edit scaled\" data-src=\"https:\/\/keystoneproperties.gr\/wp-content\/uploads\/2025\/11\/DSC0649-HDR-Edit-980x665.jpg\" width=\"980\" height=\"665\" \/>\n\t\t\t\t\t\t\t\t<span class=\"et_overlay\"><\/span>\n\t\t\t\t\t\t\t<\/a>\n\t\t\t\t\t\t\t\n\t\t\t\t\t\t\t<a data-width=\"980\" data-height=\"714\" href=\"https:\/\/keystoneproperties.gr\/wp-content\/uploads\/2025\/11\/DSC0374-HDR-Edit-scaled.jpg\"  data-categories=\"\" class=\"dmg_masonry_gallery_item \" >\n\t\t\t\t\t\t\t\t<img class=\"dmg-lazyload\" alt=\"DSC0374 HDR Edit scaled\" data-src=\"https:\/\/keystoneproperties.gr\/wp-content\/uploads\/2025\/11\/DSC0374-HDR-Edit-980x714.jpg\" width=\"980\" height=\"714\" \/>\n\t\t\t\t\t\t\t\t<span class=\"et_overlay\"><\/span>\n\t\t\t\t\t\t\t<\/a>\n\t\t\t\t\t\t\t\n\t\t\t\t\t\t\t<a data-width=\"980\" data-height=\"639\" href=\"https:\/\/keystoneproperties.gr\/wp-content\/uploads\/2025\/11\/DSC0668-HDR-Edit-Edit-scaled.jpg\"  data-categories=\"\" class=\"dmg_masonry_gallery_item \" >\n\t\t\t\t\t\t\t\t<img class=\"dmg-lazyload\" alt=\"DSC0668 HDR Edit Edit scaled\" data-src=\"https:\/\/keystoneproperties.gr\/wp-content\/uploads\/2025\/11\/DSC0668-HDR-Edit-Edit-980x639.jpg\" width=\"980\" height=\"639\" \/>\n\t\t\t\t\t\t\t\t<span class=\"et_overlay\"><\/span>\n\t\t\t\t\t\t\t<\/a>\n\t\t\t\t\t\t\t\n\t\t\t\t\t\t\t<a data-width=\"980\" data-height=\"665\" href=\"https:\/\/keystoneproperties.gr\/wp-content\/uploads\/2025\/12\/sk24-scaled.jpg\"  data-categories=\"\" class=\"dmg_masonry_gallery_item \" >\n\t\t\t\t\t\t\t\t<img class=\"dmg-lazyload\" alt=\"sk24 scaled\" data-src=\"https:\/\/keystoneproperties.gr\/wp-content\/uploads\/2025\/12\/sk24-980x665.jpg\" width=\"980\" height=\"665\" \/>\n\t\t\t\t\t\t\t\t<span class=\"et_overlay\"><\/span>\n\t\t\t\t\t\t\t<\/a>\n\t\t\t\t\t\t\t\n\t\t\t\t\t\t\t<a data-width=\"980\" data-height=\"634\" href=\"https:\/\/keystoneproperties.gr\/wp-content\/uploads\/2025\/12\/sk6-scaled.jpg\"  data-categories=\"\" class=\"dmg_masonry_gallery_item \" >\n\t\t\t\t\t\t\t\t<img class=\"dmg-lazyload\" alt=\"sk6 scaled\" data-src=\"https:\/\/keystoneproperties.gr\/wp-content\/uploads\/2025\/12\/sk6-980x634.jpg\" width=\"980\" height=\"634\" \/>\n\t\t\t\t\t\t\t\t<span class=\"et_overlay\"><\/span>\n\t\t\t\t\t\t\t<\/a>\n\t\t\t\t\t\t\t\n\t\t\t\t\t\t\t<a data-width=\"980\" data-height=\"1401\" href=\"https:\/\/keystoneproperties.gr\/wp-content\/uploads\/2025\/12\/sk7-scaled.jpg\"  data-categories=\"\" class=\"dmg_masonry_gallery_item \" >\n\t\t\t\t\t\t\t\t<img class=\"dmg-lazyload\" alt=\"sk7 scaled\" data-src=\"https:\/\/keystoneproperties.gr\/wp-content\/uploads\/2025\/12\/sk7-980x1401.jpg\" width=\"980\" height=\"1401\" \/>\n\t\t\t\t\t\t\t\t<span class=\"et_overlay\"><\/span>\n\t\t\t\t\t\t\t<\/a>\n\t\t\t\t\t\t\t\n\t\t\t\t\t\t\t<a data-width=\"980\" data-height=\"1510\" href=\"https:\/\/keystoneproperties.gr\/wp-content\/uploads\/2025\/12\/sk8-scaled.jpg\"  data-categories=\"\" class=\"dmg_masonry_gallery_item \" >\n\t\t\t\t\t\t\t\t<img class=\"dmg-lazyload\" alt=\"sk8 scaled\" data-src=\"https:\/\/keystoneproperties.gr\/wp-content\/uploads\/2025\/12\/sk8-980x1510.jpg\" width=\"980\" height=\"1510\" \/>\n\t\t\t\t\t\t\t\t<span class=\"et_overlay\"><\/span>\n\t\t\t\t\t\t\t<\/a>\n\t\t\t\t\t\t\t\n\t\t\t\t\t\t\t<a data-width=\"980\" data-height=\"652\" href=\"https:\/\/keystoneproperties.gr\/wp-content\/uploads\/2025\/12\/sk16-scaled.jpg\"  data-categories=\"\" class=\"dmg_masonry_gallery_item \" >\n\t\t\t\t\t\t\t\t<img class=\"dmg-lazyload\" alt=\"sk16 scaled\" data-src=\"https:\/\/keystoneproperties.gr\/wp-content\/uploads\/2025\/12\/sk16-980x652.jpg\" width=\"980\" height=\"652\" \/>\n\t\t\t\t\t\t\t\t<span class=\"et_overlay\"><\/span>\n\t\t\t\t\t\t\t<\/a>\n\t\t\t\t\t\t\t\n\t\t\t\t\t\t\t<a data-width=\"980\" data-height=\"652\" href=\"https:\/\/keystoneproperties.gr\/wp-content\/uploads\/2025\/12\/sk13-scaled.jpg\"  data-categories=\"\" class=\"dmg_masonry_gallery_item \" >\n\t\t\t\t\t\t\t\t<img class=\"dmg-lazyload\" alt=\"sk13 scaled\" data-src=\"https:\/\/keystoneproperties.gr\/wp-content\/uploads\/2025\/12\/sk13-980x652.jpg\" width=\"980\" height=\"652\" \/>\n\t\t\t\t\t\t\t\t<span class=\"et_overlay\"><\/span>\n\t\t\t\t\t\t\t<\/a>\n\t\t\t\t\t\t\t\n\t\t\t\t\t\t\t<a data-width=\"980\" data-height=\"652\" href=\"https:\/\/keystoneproperties.gr\/wp-content\/uploads\/2025\/12\/sk15-scaled.jpg\"  data-categories=\"\" class=\"dmg_masonry_gallery_item \" >\n\t\t\t\t\t\t\t\t<img class=\"dmg-lazyload\" alt=\"sk15 scaled\" data-src=\"https:\/\/keystoneproperties.gr\/wp-content\/uploads\/2025\/12\/sk15-980x652.jpg\" width=\"980\" height=\"652\" \/>\n\t\t\t\t\t\t\t\t<span class=\"et_overlay\"><\/span>\n\t\t\t\t\t\t\t<\/a>\n\t\t\t\t\t\t\t\n\t\t\t\t\t\t\t<a data-width=\"980\" data-height=\"1347\" href=\"https:\/\/keystoneproperties.gr\/wp-content\/uploads\/2025\/12\/sk18-scaled.jpg\"  data-categories=\"\" class=\"dmg_masonry_gallery_item \" >\n\t\t\t\t\t\t\t\t<img class=\"dmg-lazyload\" alt=\"sk18 scaled\" data-src=\"https:\/\/keystoneproperties.gr\/wp-content\/uploads\/2025\/12\/sk18-980x1347.jpg\" width=\"980\" height=\"1347\" \/>\n\t\t\t\t\t\t\t\t<span class=\"et_overlay\"><\/span>\n\t\t\t\t\t\t\t<\/a>\n\t\t\t\t\t\t\t\n\t\t\t\t\t\t\t<a data-width=\"980\" data-height=\"658\" href=\"https:\/\/keystoneproperties.gr\/wp-content\/uploads\/2025\/12\/sk19-scaled.jpg\"  data-categories=\"\" class=\"dmg_masonry_gallery_item \" >\n\t\t\t\t\t\t\t\t<img class=\"dmg-lazyload\" alt=\"sk19 scaled\" data-src=\"https:\/\/keystoneproperties.gr\/wp-content\/uploads\/2025\/12\/sk19-980x658.jpg\" width=\"980\" height=\"658\" \/>\n\t\t\t\t\t\t\t\t<span class=\"et_overlay\"><\/span>\n\t\t\t\t\t\t\t<\/a>\n\t\t\t\t\t\t\t\n\t\t\t\t\t\t\t<a data-width=\"980\" data-height=\"1406\" href=\"https:\/\/keystoneproperties.gr\/wp-content\/uploads\/2025\/12\/sk20-scaled.jpg\"  data-categories=\"\" class=\"dmg_masonry_gallery_item \" >\n\t\t\t\t\t\t\t\t<img class=\"dmg-lazyload\" alt=\"sk20 scaled\" data-src=\"https:\/\/keystoneproperties.gr\/wp-content\/uploads\/2025\/12\/sk20-980x1406.jpg\" width=\"980\" height=\"1406\" \/>\n\t\t\t\t\t\t\t\t<span class=\"et_overlay\"><\/span>\n\t\t\t\t\t\t\t<\/a>\n\t\t\t\t\t\t\t\n\t\t\t\t\t\t\t<a data-width=\"980\" data-height=\"1426\" href=\"https:\/\/keystoneproperties.gr\/wp-content\/uploads\/2025\/12\/sk22-scaled.jpg\"  data-categories=\"\" class=\"dmg_masonry_gallery_item \" >\n\t\t\t\t\t\t\t\t<img class=\"dmg-lazyload\" alt=\"sk22 scaled\" data-src=\"https:\/\/keystoneproperties.gr\/wp-content\/uploads\/2025\/12\/sk22-980x1426.jpg\" width=\"980\" height=\"1426\" \/>\n\t\t\t\t\t\t\t\t<span class=\"et_overlay\"><\/span>\n\t\t\t\t\t\t\t<\/a>\n\t\t\t\t\t\t\t\n\t\t\t\t\t\t\t<a data-width=\"980\" data-height=\"1488\" href=\"https:\/\/keystoneproperties.gr\/wp-content\/uploads\/2025\/12\/sk23-scaled.jpg\"  data-categories=\"\" class=\"dmg_masonry_gallery_item \" >\n\t\t\t\t\t\t\t\t<img class=\"dmg-lazyload\" alt=\"sk23 scaled\" data-src=\"https:\/\/keystoneproperties.gr\/wp-content\/uploads\/2025\/12\/sk23-980x1488.jpg\" width=\"980\" height=\"1488\" \/>\n\t\t\t\t\t\t\t\t<span class=\"et_overlay\"><\/span>\n\t\t\t\t\t\t\t<\/a>\n\t\t\t\t\t\t\t\n\t  \t\t\t<\/div>\n\t  \t\t\t\n  \t\t\t<\/div>\n  \t\t\t\n\t\t\t\t<\/div>\n\t\t\t<\/div>\n","protected":false},"featured_media":5676,"comment_status":"closed","ping_status":"closed","template":"","meta":{"_acf_changed":false,"_et_pb_use_builder":"on","_et_pb_old_content":"<p data-start=\"383\" data-end=\"774\">In der ruhigen K\u00fcstenlandschaft von Skaleta, Rethymno, gelegen, bietet dieser exklusive Boutiquekomplex mit vier Maisonetten eine raffinierte Interpretation des modernen mediterranen Lebens. Nur wenige Augenblicke vom Sandstrand entfernt, sind die Residenzen sorgf\u00e4ltig um einen zentralen Swimmingpool herum angeordnet und schaffen eine private, harmonische Umgebung, die von Ausgewogenheit, Licht und dezentem Luxus gepr\u00e4gt ist.<\/p>\r\n<p data-start=\"776\" data-end=\"1145\">Jede Maisonette-Wohnung verf\u00fcgt \u00fcber 100 m\u00b2 wundersch\u00f6n gestaltete Wohnfl\u00e4che auf einer geteilten Ebene im Erdgeschoss und im ersten Stock, wo offene Innenr\u00e4ume auf klare architektonische Linien und nat\u00fcrliche Texturen treffen, die von der kretischen Landschaft inspiriert sind. Gro\u00dfz\u00fcgige \u00d6ffnungen lassen den ganzen Tag \u00fcber Sonnenlicht herein, w\u00e4hrend die Aufteilung f\u00fcr Privatsph\u00e4re und einen nahtlosen \u00dcbergang zwischen Innen- und Au\u00dfenbereich sorgt.<\/p>\r\n<p data-start=\"1147\" data-end=\"1488\">Ein zus\u00e4tzliches 50 m\u00b2 gro\u00dfes Halbuntergeschoss bietet eine au\u00dfergew\u00f6hnliche Flexibilit\u00e4t, die es den Eigent\u00fcmern erm\u00f6glicht, den Raum ganz nach ihrem Lebensstil einzurichten - sei es als privates Fitnessstudio, Wellnessbereich mit Sauna, Weinlager oder zus\u00e4tzlicher Funktionsraum. Diese Anpassungsf\u00e4higkeit steigert sowohl den Komfort des t\u00e4glichen Lebens als auch den langfristigen Wert der Immobilie.<\/p>\r\n<p data-start=\"1490\" data-end=\"1832\">Der gemeinsame Swimmingpool und die landschaftlich gestalteten G\u00e4rten bilden das Herzst\u00fcck des Komplexes und bieten eine ruhige, gemeinschaftliche Umgebung, die die Privatsph\u00e4re der einzelnen Wohnungen erg\u00e4nzt. Subtile architektonische Details und sorgf\u00e4ltig ausgew\u00e4hlte Materialien vereinen zeitgen\u00f6ssisches Design mit lokalem Charakter. Das Ergebnis ist eine zeitlose \u00c4sthetik, die sowohl elegant als auch authentisch wirkt.<\/p>\r\n<p data-start=\"1834\" data-end=\"2161\">Mit einem Panoramablick auf das Meer, einer erstklassigen Lage an der K\u00fcste und einer begrenzten Anzahl von Residenzen bietet dieses Boutique-Projekt eine \u00fcberzeugende Gelegenheit f\u00fcr anspruchsvolle K\u00e4ufer. Ob als privater R\u00fcckzugsort an der K\u00fcste oder als hochwertiges Investment, es bietet ein seltenes Gleichgewicht aus Exklusivit\u00e4t, Lifestyle und dauerhaftem Wert.<\/p>\r\nDie Residenzen k\u00f6nnen auch einzeln erworben werden und bieten dem K\u00e4ufer die M\u00f6glichkeit, die Privatsph\u00e4re eines alleinstehenden Hauses in dieser ruhigen K\u00fcstenlandschaft zu genie\u00dfen. Weitere Einzelheiten sind auf Anfrage erh\u00e4ltlich.","_et_gb_content_width":""},"bathrooms":[302],"bathroom-no":[593],"construction-year":[332],"floor":[],"features":[390,394,396,369,341,364,405,384,337,381,357,339,345],"land-size":[],"property-type":[486],"region":[491],"bedrooms":[324],"subregion":[499],"property-size":[468],"product_brand":[],"product_cat":[227],"product_tag":[242],"class_list":{"0":"post-5019","1":"product","2":"type-product","3":"status-publish","4":"has-post-thumbnail","6":"bathrooms-302","7":"bathroom-no-593","8":"construction-year-332","9":"features-outdoor-activities","10":"features-outdoor-dining-area","11":"features-outdoor-kitchen","12":"features-mountain-view","13":"features-garden","14":"features-bbq","15":"features-investment","16":"features-storage","17":"features-sea-view","18":"features-furnished","19":"features-parking","20":"features-pool","21":"features-central-heating","22":"property-type-komplex","23":"region-crete","24":"bedrooms-324","25":"subregion-rethymno","26":"property-size-468","27":"product_cat-kaufen","28":"product_tag-grundpfeiler-komplex","30":"first","31":"instock","32":"shipping-taxable","33":"purchasable","34":"product-type-simple"},"acf":[],"_links":{"self":[{"href":"https:\/\/keystoneproperties.gr\/de\/wp-json\/wp\/v2\/product\/5019","targetHints":{"allow":["GET"]}}],"collection":[{"href":"https:\/\/keystoneproperties.gr\/de\/wp-json\/wp\/v2\/product"}],"about":[{"href":"https:\/\/keystoneproperties.gr\/de\/wp-json\/wp\/v2\/types\/product"}],"replies":[{"embeddable":true,"href":"https:\/\/keystoneproperties.gr\/de\/wp-json\/wp\/v2\/comments?post=5019"}],"wp:featuredmedia":[{"embeddable":true,"href":"https:\/\/keystoneproperties.gr\/de\/wp-json\/wp\/v2\/media\/5676"}],"wp:attachment":[{"href":"https:\/\/keystoneproperties.gr\/de\/wp-json\/wp\/v2\/media?parent=5019"}],"wp:term":[{"taxonomy":"bathrooms","embeddable":true,"href":"https:\/\/keystoneproperties.gr\/de\/wp-json\/wp\/v2\/bathrooms?post=5019"},{"taxonomy":"bathroom-no","embeddable":true,"href":"https:\/\/keystoneproperties.gr\/de\/wp-json\/wp\/v2\/bathroom-no?post=5019"},{"taxonomy":"construction-year","embeddable":true,"href":"https:\/\/keystoneproperties.gr\/de\/wp-json\/wp\/v2\/construction-year?post=5019"},{"taxonomy":"floor","embeddable":true,"href":"https:\/\/keystoneproperties.gr\/de\/wp-json\/wp\/v2\/floor?post=5019"},{"taxonomy":"features","embeddable":true,"href":"https:\/\/keystoneproperties.gr\/de\/wp-json\/wp\/v2\/features?post=5019"},{"taxonomy":"land-size","embeddable":true,"href":"https:\/\/keystoneproperties.gr\/de\/wp-json\/wp\/v2\/land-size?post=5019"},{"taxonomy":"property-type","embeddable":true,"href":"https:\/\/keystoneproperties.gr\/de\/wp-json\/wp\/v2\/property-type?post=5019"},{"taxonomy":"region","embeddable":true,"href":"https:\/\/keystoneproperties.gr\/de\/wp-json\/wp\/v2\/region?post=5019"},{"taxonomy":"bedrooms","embeddable":true,"href":"https:\/\/keystoneproperties.gr\/de\/wp-json\/wp\/v2\/bedrooms?post=5019"},{"taxonomy":"subregion","embeddable":true,"href":"https:\/\/keystoneproperties.gr\/de\/wp-json\/wp\/v2\/subregion?post=5019"},{"taxonomy":"property-size","embeddable":true,"href":"https:\/\/keystoneproperties.gr\/de\/wp-json\/wp\/v2\/property-size?post=5019"},{"taxonomy":"product_brand","embeddable":true,"href":"https:\/\/keystoneproperties.gr\/de\/wp-json\/wp\/v2\/product_brand?post=5019"},{"taxonomy":"product_cat","embeddable":true,"href":"https:\/\/keystoneproperties.gr\/de\/wp-json\/wp\/v2\/product_cat?post=5019"},{"taxonomy":"product_tag","embeddable":true,"href":"https:\/\/keystoneproperties.gr\/de\/wp-json\/wp\/v2\/product_tag?post=5019"}],"curies":[{"name":"wp","href":"https:\/\/api.w.org\/{rel}","templated":true}]}}