{"id":5066,"date":"2025-12-02T15:23:16","date_gmt":"2025-12-02T15:23:16","guid":{"rendered":"https:\/\/keystoneproperties.gr\/product\/akris\/"},"modified":"2026-01-30T08:39:59","modified_gmt":"2026-01-30T08:39:59","slug":"akris","status":"publish","type":"product","link":"https:\/\/keystoneproperties.gr\/de\/produkt\/akris\/","title":{"rendered":"AKRIS"},"content":{"rendered":"<p>[et_pb_section fb_built=&#8221;1&#8243; _builder_version=&#8221;4.27.5&#8243; _module_preset=&#8221;default&#8221; global_colors_info=&#8221;{}&#8221;][et_pb_row _builder_version=&#8221;4.27.4&#8243; _module_preset=&#8221;default&#8221; width=&#8221;90%&#8221; max_width=&#8221;100%&#8221; custom_padding=&#8221;0px||||false|false&#8221; global_colors_info=&#8221;{}&#8221;][et_pb_column type=&#8221;4_4&#8243; _builder_version=&#8221;4.27.4&#8243; _module_preset=&#8221;default&#8221; global_colors_info=&#8221;{}&#8221;][dmg_masonry_gallery gallery=&#8221;4595,4599,4600,4601,4602,4603,4604,4605,4606,4607,4608,4609,4610,4611,4612,4613,4614,4615,4619,4620,4621,4622,4623&#8243; gutter=&#8221;15&#8243; _builder_version=&#8221;4.27.5&#8243; _module_preset=&#8221;default&#8221; global_colors_info=&#8221;{}&#8221;][\/dmg_masonry_gallery][\/et_pb_column][\/et_pb_row][\/et_pb_section][et_pb_section fb_built=&#8221;1&#8243; _builder_version=&#8221;4.27.4&#8243; _module_preset=&#8221;default&#8221; background_color=&#8221;#182030&#8243; custom_padding=&#8221;0px||0px||true|false&#8221; global_colors_info=&#8221;{}&#8221;][et_pb_row column_structure=&#8221;1_2,1_2&#8243; use_custom_gutter=&#8221;on&#8221; gutter_width=&#8221;1&#8243; make_equal=&#8221;on&#8221; custom_padding_last_edited=&#8221;on|phone&#8221; _builder_version=&#8221;4.27.4&#8243; _module_preset=&#8221;default&#8221; width=&#8221;100%&#8221; max_width=&#8221;100%&#8221; custom_padding=&#8221;0px||0px||false|false&#8221; custom_padding_tablet=&#8221;0px||0px||false|false&#8221; custom_padding_phone=&#8221;0px||0px||true|false&#8221; global_colors_info=&#8221;{}&#8221;][et_pb_column type=&#8221;1_2&#8243; _builder_version=&#8221;4.27.4&#8243; _module_preset=&#8221;default&#8221; global_colors_info=&#8221;{}&#8221;][et_pb_blog posts_number=&#8221;1&#8243; include_categories=&#8221;203&#8243; show_author=&#8221;off&#8221; show_date=&#8221;off&#8221; show_categories=&#8221;off&#8221; show_pagination=&#8221;off&#8221; _builder_version=&#8221;4.27.5&#8243; _module_preset=&#8221;default&#8221; header_font=&#8221;Libre Baskerville||||||||&#8221; header_text_color=&#8221;#FFFFFF&#8221; header_line_height=&#8221;1.5em&#8221; body_text_color=&#8221;#FFFFFF&#8221; custom_padding=&#8221;80px|80px|80px|80px|true|true&#8221; custom_padding_tablet=&#8221;40px|40px|40px|40px|true|true&#8221; custom_padding_phone=&#8221;20px|20px|20px|20px|true|true&#8221; custom_padding_last_edited=&#8221;on|phone&#8221; global_colors_info=&#8221;{}&#8221;][\/et_pb_blog][\/et_pb_column][et_pb_column type=&#8221;1_2&#8243; _builder_version=&#8221;4.27.4&#8243; _module_preset=&#8221;default&#8221; global_colors_info=&#8221;{}&#8221;][et_pb_map address=&#8221;\u039a\u03cc\u03bb\u03c0\u03bf\u03c2 \u03c4\u03c9\u03bd \u039a\u03bf\u03c1\u03b1\u03bb\u03bb\u03af\u03c9\u03bd, \u03a0\u03ad\u03b3\u03b5\u03b9\u03b1, \u039a\u03cd\u03c0\u03c1\u03bf\u03c2&#8221; zoom_level=&#8221;14&#8243; address_lat=&#8221;34.8630733&#8243; address_lng=&#8221;32.3645949&#8243; _builder_version=&#8221;4.27.5&#8243; _module_preset=&#8221;default&#8221; height=&#8221;700px&#8221; custom_margin=&#8221;80px|80px|80px||true|false&#8221; custom_padding=&#8221;||||false|false&#8221; filter_saturate=&#8221;16%&#8221; filter_brightness=&#8221;111%&#8221; filter_contrast=&#8221;89%&#8221; global_colors_info=&#8221;{}&#8221;][et_pb_map_pin pin_address=&#8221;\u039a\u03cc\u03bb\u03c0\u03bf\u03c2 \u03c4\u03c9\u03bd \u039a\u03bf\u03c1\u03b1\u03bb\u03bb\u03af\u03c9\u03bd, \u039a\u03cd\u03c0\u03c1\u03bf\u03c2&#8221; pin_address_lat=&#8221;34.8540839&#8243; pin_address_lng=&#8221;32.3693757&#8243; _builder_version=&#8221;4.27.5&#8243; _module_preset=&#8221;default&#8221; global_colors_info=&#8221;{}&#8221;][\/et_pb_map_pin][\/et_pb_map][\/et_pb_column][\/et_pb_row][\/et_pb_section]<\/p>\n","protected":false},"excerpt":{"rendered":"<div class=\"et_pb_module dmg_masonry_gallery dmg_masonry_gallery_0\">\n\t\t\t\t\n\t\t\t\t\n\t\t\t\t\n\t\t\t\t\n\t\t\t\t\n\t\t\t\t\n\t\t\t\t<div class=\"et_pb_module_inner\">\n\t\t\t\t\t\n\t\t\t<div class=\"dmg-gallery-wrapper\">\n\t\t\t\t\n\t\t\t\t<div class=\"dmg-gallery dmg-modal-gallery \">\n\t\t\t\t\t<div class=\"dmg-gallery-sizer\"><\/div>\n\t\t\t\t\t<div class=\"dmg-gutter-sizer\"><\/div>\n\t\t\t\t\t\n\t\t\t\t\t\t\t<a data-width=\"980\" data-height=\"551\" href=\"https:\/\/keystoneproperties.gr\/wp-content\/uploads\/2025\/12\/Hill-Residences-ext-12-2.jpg\"  data-categories=\"\" class=\"dmg_masonry_gallery_item \" >\n\t\t\t\t\t\t\t\t<img class=\"dmg-lazyload\" alt=\"Hill Residences ext (12)\" data-src=\"https:\/\/keystoneproperties.gr\/wp-content\/uploads\/2025\/12\/Hill-Residences-ext-12-2-980x551.jpg\" width=\"980\" height=\"551\" \/>\n\t\t\t\t\t\t\t\t<span class=\"et_overlay\"><\/span>\n\t\t\t\t\t\t\t<\/a>\n\t\t\t\t\t\t\t\n\t\t\t\t\t\t\t<a data-width=\"980\" data-height=\"551\" href=\"https:\/\/keystoneproperties.gr\/wp-content\/uploads\/2025\/12\/Hill-Residences-ext-13-1.jpg\"  data-categories=\"\" class=\"dmg_masonry_gallery_item \" >\n\t\t\t\t\t\t\t\t<img class=\"dmg-lazyload\" alt=\"Hill Residences ext (13)\" data-src=\"https:\/\/keystoneproperties.gr\/wp-content\/uploads\/2025\/12\/Hill-Residences-ext-13-1-980x551.jpg\" width=\"980\" height=\"551\" \/>\n\t\t\t\t\t\t\t\t<span class=\"et_overlay\"><\/span>\n\t\t\t\t\t\t\t<\/a>\n\t\t\t\t\t\t\t\n\t\t\t\t\t\t\t<a data-width=\"980\" data-height=\"551\" href=\"https:\/\/keystoneproperties.gr\/wp-content\/uploads\/2025\/12\/Hill-Residences-ext-14-1.jpg\"  data-categories=\"\" class=\"dmg_masonry_gallery_item \" >\n\t\t\t\t\t\t\t\t<img class=\"dmg-lazyload\" alt=\"Hill Residences ext (14)\" data-src=\"https:\/\/keystoneproperties.gr\/wp-content\/uploads\/2025\/12\/Hill-Residences-ext-14-1-980x551.jpg\" width=\"980\" height=\"551\" \/>\n\t\t\t\t\t\t\t\t<span class=\"et_overlay\"><\/span>\n\t\t\t\t\t\t\t<\/a>\n\t\t\t\t\t\t\t\n\t\t\t\t\t\t\t<a data-width=\"980\" data-height=\"551\" href=\"https:\/\/keystoneproperties.gr\/wp-content\/uploads\/2025\/12\/Hill-Residences-ext-15-1.jpg\"  data-categories=\"\" class=\"dmg_masonry_gallery_item \" >\n\t\t\t\t\t\t\t\t<img class=\"dmg-lazyload\" alt=\"Hill Residences ext (15)\" data-src=\"https:\/\/keystoneproperties.gr\/wp-content\/uploads\/2025\/12\/Hill-Residences-ext-15-1-980x551.jpg\" width=\"980\" height=\"551\" \/>\n\t\t\t\t\t\t\t\t<span class=\"et_overlay\"><\/span>\n\t\t\t\t\t\t\t<\/a>\n\t\t\t\t\t\t\t\n\t\t\t\t\t\t\t<a data-width=\"980\" data-height=\"551\" href=\"https:\/\/keystoneproperties.gr\/wp-content\/uploads\/2025\/12\/Hill-Residences-ext-17-1.jpg\"  data-categories=\"\" class=\"dmg_masonry_gallery_item \" >\n\t\t\t\t\t\t\t\t<img class=\"dmg-lazyload\" alt=\"Hill Residences ext (17)\" data-src=\"https:\/\/keystoneproperties.gr\/wp-content\/uploads\/2025\/12\/Hill-Residences-ext-17-1-980x551.jpg\" width=\"980\" height=\"551\" \/>\n\t\t\t\t\t\t\t\t<span class=\"et_overlay\"><\/span>\n\t\t\t\t\t\t\t<\/a>\n\t\t\t\t\t\t\t\n\t\t\t\t\t\t\t<a data-width=\"980\" data-height=\"551\" href=\"https:\/\/keystoneproperties.gr\/wp-content\/uploads\/2025\/12\/Hill-Residences-ext-18-1.jpg\"  data-categories=\"\" class=\"dmg_masonry_gallery_item \" >\n\t\t\t\t\t\t\t\t<img class=\"dmg-lazyload\" alt=\"Hill Residences ext (18)\" data-src=\"https:\/\/keystoneproperties.gr\/wp-content\/uploads\/2025\/12\/Hill-Residences-ext-18-1-980x551.jpg\" width=\"980\" height=\"551\" \/>\n\t\t\t\t\t\t\t\t<span class=\"et_overlay\"><\/span>\n\t\t\t\t\t\t\t<\/a>\n\t\t\t\t\t\t\t\n\t\t\t\t\t\t\t<a data-width=\"980\" data-height=\"551\" href=\"https:\/\/keystoneproperties.gr\/wp-content\/uploads\/2025\/12\/Hill-Residences-ext-20-1.jpg\"  data-categories=\"\" class=\"dmg_masonry_gallery_item \" >\n\t\t\t\t\t\t\t\t<img class=\"dmg-lazyload\" alt=\"Hill Residences ext (20)\" data-src=\"https:\/\/keystoneproperties.gr\/wp-content\/uploads\/2025\/12\/Hill-Residences-ext-20-1-980x551.jpg\" width=\"980\" height=\"551\" \/>\n\t\t\t\t\t\t\t\t<span class=\"et_overlay\"><\/span>\n\t\t\t\t\t\t\t<\/a>\n\t\t\t\t\t\t\t\n\t\t\t\t\t\t\t<a data-width=\"980\" data-height=\"551\" href=\"https:\/\/keystoneproperties.gr\/wp-content\/uploads\/2025\/12\/Hill-Residences-int-1-1.jpg\"  data-categories=\"\" class=\"dmg_masonry_gallery_item \" >\n\t\t\t\t\t\t\t\t<img class=\"dmg-lazyload\" alt=\"Hill Residences int (1)\" data-src=\"https:\/\/keystoneproperties.gr\/wp-content\/uploads\/2025\/12\/Hill-Residences-int-1-1-980x551.jpg\" width=\"980\" height=\"551\" \/>\n\t\t\t\t\t\t\t\t<span class=\"et_overlay\"><\/span>\n\t\t\t\t\t\t\t<\/a>\n\t\t\t\t\t\t\t\n\t\t\t\t\t\t\t<a data-width=\"980\" data-height=\"551\" href=\"https:\/\/keystoneproperties.gr\/wp-content\/uploads\/2025\/12\/Hill-Residences-int-2-1.jpg\"  data-categories=\"\" class=\"dmg_masonry_gallery_item \" >\n\t\t\t\t\t\t\t\t<img class=\"dmg-lazyload\" alt=\"Hill Residences int (2)\" data-src=\"https:\/\/keystoneproperties.gr\/wp-content\/uploads\/2025\/12\/Hill-Residences-int-2-1-980x551.jpg\" width=\"980\" height=\"551\" \/>\n\t\t\t\t\t\t\t\t<span class=\"et_overlay\"><\/span>\n\t\t\t\t\t\t\t<\/a>\n\t\t\t\t\t\t\t\n\t\t\t\t\t\t\t<a data-width=\"980\" data-height=\"551\" href=\"https:\/\/keystoneproperties.gr\/wp-content\/uploads\/2025\/12\/Hill-Residences-int-3-1.jpg\"  data-categories=\"\" class=\"dmg_masonry_gallery_item \" >\n\t\t\t\t\t\t\t\t<img class=\"dmg-lazyload\" alt=\"Hill Residences int (3)\" data-src=\"https:\/\/keystoneproperties.gr\/wp-content\/uploads\/2025\/12\/Hill-Residences-int-3-1-980x551.jpg\" width=\"980\" height=\"551\" \/>\n\t\t\t\t\t\t\t\t<span class=\"et_overlay\"><\/span>\n\t\t\t\t\t\t\t<\/a>\n\t\t\t\t\t\t\t\n\t\t\t\t\t\t\t<a data-width=\"980\" data-height=\"551\" href=\"https:\/\/keystoneproperties.gr\/wp-content\/uploads\/2025\/12\/Hill-Residences-int-4-1.jpg\"  data-categories=\"\" class=\"dmg_masonry_gallery_item \" >\n\t\t\t\t\t\t\t\t<img class=\"dmg-lazyload\" alt=\"Hill Residences int (4)\" data-src=\"https:\/\/keystoneproperties.gr\/wp-content\/uploads\/2025\/12\/Hill-Residences-int-4-1-980x551.jpg\" width=\"980\" height=\"551\" \/>\n\t\t\t\t\t\t\t\t<span class=\"et_overlay\"><\/span>\n\t\t\t\t\t\t\t<\/a>\n\t\t\t\t\t\t\t\n\t\t\t\t\t\t\t<a data-width=\"980\" data-height=\"551\" href=\"https:\/\/keystoneproperties.gr\/wp-content\/uploads\/2025\/12\/Hill-Residences-int-5-1.jpg\"  data-categories=\"\" class=\"dmg_masonry_gallery_item \" >\n\t\t\t\t\t\t\t\t<img class=\"dmg-lazyload\" alt=\"Hill Residences int (5)\" data-src=\"https:\/\/keystoneproperties.gr\/wp-content\/uploads\/2025\/12\/Hill-Residences-int-5-1-980x551.jpg\" width=\"980\" height=\"551\" \/>\n\t\t\t\t\t\t\t\t<span class=\"et_overlay\"><\/span>\n\t\t\t\t\t\t\t<\/a>\n\t\t\t\t\t\t\t\n\t\t\t\t\t\t\t<a data-width=\"980\" data-height=\"551\" href=\"https:\/\/keystoneproperties.gr\/wp-content\/uploads\/2025\/12\/Hill-Residences-int-6-1.jpg\"  data-categories=\"\" class=\"dmg_masonry_gallery_item \" >\n\t\t\t\t\t\t\t\t<img class=\"dmg-lazyload\" alt=\"Hill Residences int (6)\" data-src=\"https:\/\/keystoneproperties.gr\/wp-content\/uploads\/2025\/12\/Hill-Residences-int-6-1-980x551.jpg\" width=\"980\" height=\"551\" \/>\n\t\t\t\t\t\t\t\t<span class=\"et_overlay\"><\/span>\n\t\t\t\t\t\t\t<\/a>\n\t\t\t\t\t\t\t\n\t\t\t\t\t\t\t<a data-width=\"980\" data-height=\"551\" href=\"https:\/\/keystoneproperties.gr\/wp-content\/uploads\/2025\/12\/Hill-Residences-int-23-1.jpg\"  data-categories=\"\" class=\"dmg_masonry_gallery_item \" >\n\t\t\t\t\t\t\t\t<img class=\"dmg-lazyload\" alt=\"Hill Residences int (23)\" data-src=\"https:\/\/keystoneproperties.gr\/wp-content\/uploads\/2025\/12\/Hill-Residences-int-23-1-980x551.jpg\" width=\"980\" height=\"551\" \/>\n\t\t\t\t\t\t\t\t<span class=\"et_overlay\"><\/span>\n\t\t\t\t\t\t\t<\/a>\n\t\t\t\t\t\t\t\n\t\t\t\t\t\t\t<a data-width=\"980\" data-height=\"551\" href=\"https:\/\/keystoneproperties.gr\/wp-content\/uploads\/2025\/12\/Hill-Residences-int-24-1.jpg\"  data-categories=\"\" class=\"dmg_masonry_gallery_item \" >\n\t\t\t\t\t\t\t\t<img class=\"dmg-lazyload\" alt=\"Hill Residences int (24)\" data-src=\"https:\/\/keystoneproperties.gr\/wp-content\/uploads\/2025\/12\/Hill-Residences-int-24-1-980x551.jpg\" width=\"980\" height=\"551\" \/>\n\t\t\t\t\t\t\t\t<span class=\"et_overlay\"><\/span>\n\t\t\t\t\t\t\t<\/a>\n\t\t\t\t\t\t\t\n\t\t\t\t\t\t\t<a data-width=\"980\" data-height=\"551\" href=\"https:\/\/keystoneproperties.gr\/wp-content\/uploads\/2025\/12\/Hill-Residences-int-25-1.jpg\"  data-categories=\"\" class=\"dmg_masonry_gallery_item \" >\n\t\t\t\t\t\t\t\t<img class=\"dmg-lazyload\" alt=\"Hill Residences int (25)\" data-src=\"https:\/\/keystoneproperties.gr\/wp-content\/uploads\/2025\/12\/Hill-Residences-int-25-1-980x551.jpg\" width=\"980\" height=\"551\" \/>\n\t\t\t\t\t\t\t\t<span class=\"et_overlay\"><\/span>\n\t\t\t\t\t\t\t<\/a>\n\t\t\t\t\t\t\t\n\t\t\t\t\t\t\t<a data-width=\"980\" data-height=\"551\" href=\"https:\/\/keystoneproperties.gr\/wp-content\/uploads\/2025\/12\/Hill-Residences-int-27-1.jpg\"  data-categories=\"\" class=\"dmg_masonry_gallery_item \" >\n\t\t\t\t\t\t\t\t<img class=\"dmg-lazyload\" alt=\"Hill Residences int (27)\" data-src=\"https:\/\/keystoneproperties.gr\/wp-content\/uploads\/2025\/12\/Hill-Residences-int-27-1-980x551.jpg\" width=\"980\" height=\"551\" \/>\n\t\t\t\t\t\t\t\t<span class=\"et_overlay\"><\/span>\n\t\t\t\t\t\t\t<\/a>\n\t\t\t\t\t\t\t\n\t\t\t\t\t\t\t<a data-width=\"980\" data-height=\"551\" href=\"https:\/\/keystoneproperties.gr\/wp-content\/uploads\/2025\/12\/Hill-Residences-int-28-1.jpg\"  data-categories=\"\" class=\"dmg_masonry_gallery_item \" >\n\t\t\t\t\t\t\t\t<img class=\"dmg-lazyload\" alt=\"Hill Residences int (28)\" data-src=\"https:\/\/keystoneproperties.gr\/wp-content\/uploads\/2025\/12\/Hill-Residences-int-28-1-980x551.jpg\" width=\"980\" height=\"551\" \/>\n\t\t\t\t\t\t\t\t<span class=\"et_overlay\"><\/span>\n\t\t\t\t\t\t\t<\/a>\n\t\t\t\t\t\t\t\n\t\t\t\t\t\t\t<a data-width=\"980\" data-height=\"551\" href=\"https:\/\/keystoneproperties.gr\/wp-content\/uploads\/2025\/12\/Hill-Residences-int-16-1.jpg\"  data-categories=\"\" class=\"dmg_masonry_gallery_item \" >\n\t\t\t\t\t\t\t\t<img class=\"dmg-lazyload\" alt=\"Hill Residences int (16)\" data-src=\"https:\/\/keystoneproperties.gr\/wp-content\/uploads\/2025\/12\/Hill-Residences-int-16-1-980x551.jpg\" width=\"980\" height=\"551\" \/>\n\t\t\t\t\t\t\t\t<span class=\"et_overlay\"><\/span>\n\t\t\t\t\t\t\t<\/a>\n\t\t\t\t\t\t\t\n\t\t\t\t\t\t\t<a data-width=\"980\" data-height=\"551\" href=\"https:\/\/keystoneproperties.gr\/wp-content\/uploads\/2025\/12\/Hill-Residences-int-17-1.jpg\"  data-categories=\"\" class=\"dmg_masonry_gallery_item \" >\n\t\t\t\t\t\t\t\t<img class=\"dmg-lazyload\" alt=\"Hill Residences int (17)\" data-src=\"https:\/\/keystoneproperties.gr\/wp-content\/uploads\/2025\/12\/Hill-Residences-int-17-1-980x551.jpg\" width=\"980\" height=\"551\" \/>\n\t\t\t\t\t\t\t\t<span class=\"et_overlay\"><\/span>\n\t\t\t\t\t\t\t<\/a>\n\t\t\t\t\t\t\t\n\t\t\t\t\t\t\t<a data-width=\"980\" data-height=\"551\" href=\"https:\/\/keystoneproperties.gr\/wp-content\/uploads\/2025\/12\/Hill-Residences-int-18-1.jpg\"  data-categories=\"\" class=\"dmg_masonry_gallery_item \" >\n\t\t\t\t\t\t\t\t<img class=\"dmg-lazyload\" alt=\"Hill Residences int (18)\" data-src=\"https:\/\/keystoneproperties.gr\/wp-content\/uploads\/2025\/12\/Hill-Residences-int-18-1-980x551.jpg\" width=\"980\" height=\"551\" \/>\n\t\t\t\t\t\t\t\t<span class=\"et_overlay\"><\/span>\n\t\t\t\t\t\t\t<\/a>\n\t\t\t\t\t\t\t\n\t\t\t\t\t\t\t<a data-width=\"980\" data-height=\"551\" href=\"https:\/\/keystoneproperties.gr\/wp-content\/uploads\/2025\/12\/Hill-Residences-int-21-1.jpg\"  data-categories=\"\" class=\"dmg_masonry_gallery_item \" >\n\t\t\t\t\t\t\t\t<img class=\"dmg-lazyload\" alt=\"Hill Residences int (21)\" data-src=\"https:\/\/keystoneproperties.gr\/wp-content\/uploads\/2025\/12\/Hill-Residences-int-21-1-980x551.jpg\" width=\"980\" height=\"551\" \/>\n\t\t\t\t\t\t\t\t<span class=\"et_overlay\"><\/span>\n\t\t\t\t\t\t\t<\/a>\n\t\t\t\t\t\t\t\n\t\t\t\t\t\t\t<a data-width=\"980\" data-height=\"551\" href=\"https:\/\/keystoneproperties.gr\/wp-content\/uploads\/2025\/12\/Hill-Residences-int-22-1.jpg\"  data-categories=\"\" class=\"dmg_masonry_gallery_item \" >\n\t\t\t\t\t\t\t\t<img class=\"dmg-lazyload\" alt=\"Hill Residences int (22)\" data-src=\"https:\/\/keystoneproperties.gr\/wp-content\/uploads\/2025\/12\/Hill-Residences-int-22-1-980x551.jpg\" width=\"980\" height=\"551\" \/>\n\t\t\t\t\t\t\t\t<span class=\"et_overlay\"><\/span>\n\t\t\t\t\t\t\t<\/a>\n\t\t\t\t\t\t\t\n\t  \t\t\t<\/div>\n\t  \t\t\t\n  \t\t\t<\/div>\n  \t\t\t\n\t\t\t\t<\/div>\n\t\t\t<\/div>\n","protected":false},"featured_media":5069,"comment_status":"closed","ping_status":"closed","template":"","meta":{"_acf_changed":false,"_et_pb_use_builder":"on","_et_pb_old_content":"<div>\r\n\r\nDiese au\u00dfergew\u00f6hnliche Villa mit f\u00fcnf Schlafzimmern liegt auf einem erh\u00f6hten H\u00fcgel in Peyia, wo sich ein atemberaubender Blick auf das Meer mit der Ruhe der mediterranen Landschaft vermischt. Sie bietet eine anspruchsvolle Interpretation des modernen Luxuslebens. Die Residenz, die 2025 fertiggestellt werden soll, hat eine Gesamtfl\u00e4che von 208 Quadratmetern. auf drei sorgf\u00e4ltig gestalteten Ebenen, die skulpturale architektonische Linien mit erstklassigen Materialien und einer Atmosph\u00e4re von raffinierter Exklusivit\u00e4t kombinieren.\r\n\r\n<\/div>\r\n<div>\r\n\r\nAuf einer gro\u00dfz\u00fcgigen Fl\u00e4che von 425 m\u00b2 gelegen. Grundst\u00fcck entfaltet sich die Villa \u00fcber 137 qm. der Hauptwohnbereiche im Erdgeschoss und im ersten Stock, erg\u00e4nzt durch zus\u00e4tzliche 71 m\u00b2. auf der unteren Ebene. Klare geometrische Volumina, strukturierte Steindetails und gro\u00dffl\u00e4chige Verglasungen definieren die architektonische Identit\u00e4t des Hauses und schaffen einen nahtlosen Dialog zwischen den Innenr\u00e4umen und den umliegenden H\u00fcgeln, der K\u00fcste und der idyllischen Naturlandschaft.\r\n\r\n<\/div>\r\n<div>\r\n\r\nDer Hauptwohnbereich ist ein Fest der Offenheit und des Lichts, mit breiten Schiebet\u00fcren, die den Innenraum in Richtung einer ruhigen Au\u00dfenterrasse erweitern. Hier wird ein privater Swimmingpool zum Mittelpunkt des t\u00e4glichen Lebens - perfekt f\u00fcr sonnenverw\u00f6hnte Nachmittage, elegante Zusammenk\u00fcnfte oder friedliche Abende mit Blick auf den Horizont. F\u00fcnf wundersch\u00f6n eingerichtete Schlafzimmer bieten sowohl den Bewohnern als auch den G\u00e4sten Komfort und Privatsph\u00e4re. Jedes von ihnen bietet eine beruhigende Aussicht und eine ged\u00e4mpfte, moderne Designsprache.\r\n\r\n<\/div>\r\n<div>\r\n\r\nObwohl die Residenz privat auf dem H\u00fcgel liegt, profitiert sie von der N\u00e4he und dem Zugang zu einer Reihe von Luxuseinrichtungen der Weltklasse, die sich in der nahe gelegenen K\u00fcstengemeinde befinden. Den Bewohnern stehen Restaurants mit Michelin-Sternen und mediterranen Gerichten, Privatschulen, Elite-Fitnessstudios, Spa- und Wellness-Einrichtungen, Sch\u00f6nheitssalons, Tennis- und Padelpl\u00e4tze, ein Fu\u00dfballplatz nach UEFA-Standard, Reitst\u00e4lle, ein Agrotourismus-Resort, mehrere Swimmingpools, Privatstr\u00e4nde, ein Wasserpark und der Service eines F\u00fcnf-Sterne-Hotels zur Verf\u00fcgung - alles Einrichtungen, die ausschlie\u00dflich den Hausbesitzern des Resorts vorbehalten sind.\r\n\r\n<\/div>\r\n<div>\r\n\r\nWeitere Villen in derselben Enklave in Hanglage sind verf\u00fcgbar und bieten eine Reihe von Gr\u00f6\u00dfen, Grundrissen und Grundst\u00fcckserh\u00f6hungen. F\u00fcr diejenigen, die ein ma\u00dfgeschneidertes Angebot suchen, k\u00f6nnen wir auf Anfrage weitere Einzelheiten mitteilen.\r\n\r\n<\/div>","_et_gb_content_width":""},"bathrooms":[296],"bathroom-no":[587],"construction-year":[],"floor":[],"features":[363,394,369,347,387,341,383,398,405,361,359,372,337,381,357,339,401,375,345],"land-size":[],"property-type":[483],"region":[492],"bedrooms":[316],"subregion":[502],"property-size":[],"product_brand":[],"product_cat":[227,229],"product_tag":[230],"class_list":{"0":"post-5066","1":"product","2":"type-product","3":"status-publish","4":"has-post-thumbnail","6":"bathrooms-296","7":"bathroom-no-587","8":"features-alarm","9":"features-outdoor-dining-area","10":"features-mountain-view","11":"features-family-friendly","12":"features-gym-equipment","13":"features-garden","14":"features-pet-friendly","15":"features-smart-home","16":"features-investment","17":"features-fireplace","18":"features-air-condition","19":"features-scenic-view","20":"features-sea-view","21":"features-furnished","22":"features-parking","23":"features-pool","24":"features-sunset-view","25":"features-city-view","26":"features-central-heating","27":"property-type-villa","28":"region-cyprus","29":"bedrooms-316","30":"subregion-paphos","31":"product_cat-kaufen","32":"product_cat-keystone-villen","33":"product_tag-keystone-villen","35":"first","36":"instock","37":"shipping-taxable","38":"purchasable","39":"product-type-simple"},"acf":[],"_links":{"self":[{"href":"https:\/\/keystoneproperties.gr\/de\/wp-json\/wp\/v2\/product\/5066","targetHints":{"allow":["GET"]}}],"collection":[{"href":"https:\/\/keystoneproperties.gr\/de\/wp-json\/wp\/v2\/product"}],"about":[{"href":"https:\/\/keystoneproperties.gr\/de\/wp-json\/wp\/v2\/types\/product"}],"replies":[{"embeddable":true,"href":"https:\/\/keystoneproperties.gr\/de\/wp-json\/wp\/v2\/comments?post=5066"}],"wp:featuredmedia":[{"embeddable":true,"href":"https:\/\/keystoneproperties.gr\/de\/wp-json\/wp\/v2\/media\/5069"}],"wp:attachment":[{"href":"https:\/\/keystoneproperties.gr\/de\/wp-json\/wp\/v2\/media?parent=5066"}],"wp:term":[{"taxonomy":"bathrooms","embeddable":true,"href":"https:\/\/keystoneproperties.gr\/de\/wp-json\/wp\/v2\/bathrooms?post=5066"},{"taxonomy":"bathroom-no","embeddable":true,"href":"https:\/\/keystoneproperties.gr\/de\/wp-json\/wp\/v2\/bathroom-no?post=5066"},{"taxonomy":"construction-year","embeddable":true,"href":"https:\/\/keystoneproperties.gr\/de\/wp-json\/wp\/v2\/construction-year?post=5066"},{"taxonomy":"floor","embeddable":true,"href":"https:\/\/keystoneproperties.gr\/de\/wp-json\/wp\/v2\/floor?post=5066"},{"taxonomy":"features","embeddable":true,"href":"https:\/\/keystoneproperties.gr\/de\/wp-json\/wp\/v2\/features?post=5066"},{"taxonomy":"land-size","embeddable":true,"href":"https:\/\/keystoneproperties.gr\/de\/wp-json\/wp\/v2\/land-size?post=5066"},{"taxonomy":"property-type","embeddable":true,"href":"https:\/\/keystoneproperties.gr\/de\/wp-json\/wp\/v2\/property-type?post=5066"},{"taxonomy":"region","embeddable":true,"href":"https:\/\/keystoneproperties.gr\/de\/wp-json\/wp\/v2\/region?post=5066"},{"taxonomy":"bedrooms","embeddable":true,"href":"https:\/\/keystoneproperties.gr\/de\/wp-json\/wp\/v2\/bedrooms?post=5066"},{"taxonomy":"subregion","embeddable":true,"href":"https:\/\/keystoneproperties.gr\/de\/wp-json\/wp\/v2\/subregion?post=5066"},{"taxonomy":"property-size","embeddable":true,"href":"https:\/\/keystoneproperties.gr\/de\/wp-json\/wp\/v2\/property-size?post=5066"},{"taxonomy":"product_brand","embeddable":true,"href":"https:\/\/keystoneproperties.gr\/de\/wp-json\/wp\/v2\/product_brand?post=5066"},{"taxonomy":"product_cat","embeddable":true,"href":"https:\/\/keystoneproperties.gr\/de\/wp-json\/wp\/v2\/product_cat?post=5066"},{"taxonomy":"product_tag","embeddable":true,"href":"https:\/\/keystoneproperties.gr\/de\/wp-json\/wp\/v2\/product_tag?post=5066"}],"curies":[{"name":"wp","href":"https:\/\/api.w.org\/{rel}","templated":true}]}}