{"id":5111,"date":"2025-12-16T08:16:00","date_gmt":"2025-12-16T08:16:00","guid":{"rendered":"https:\/\/keystoneproperties.gr\/product\/stadtzentrum\/"},"modified":"2026-01-30T09:04:31","modified_gmt":"2026-01-30T09:04:31","slug":"stadtzentrum","status":"publish","type":"product","link":"https:\/\/keystoneproperties.gr\/de\/produkt\/stadtzentrum\/","title":{"rendered":"STADTZENTRUM"},"content":{"rendered":"<p>[et_pb_section fb_built=&#8221;1&#8243; module_id=&#8221;Galerie&#8221; _builder_version=&#8221;4.27.4&#8243; _module_preset=&#8221;default&#8221; background_color=&#8221;#FFFFFF&#8221; custom_padding=&#8221;0px||37px||false|false&#8221; collapsed=&#8221;off&#8221; global_colors_info=&#8221;{}&#8221;][et_pb_row _builder_version=&#8221;4.27.4&#8243; _module_preset=&#8221;default&#8221; width=&#8221;90%&#8221; max_width=&#8221;100%&#8221; custom_padding=&#8221;0px||||false|false&#8221; global_colors_info=&#8221;{}&#8221;][et_pb_column type=&#8221;4_4&#8243; _builder_version=&#8221;4.27.4&#8243; _module_preset=&#8221;default&#8221; global_colors_info=&#8221;{}&#8221;][dmg_masonry_gallery gallery=&#8221;3849,3850,3851,3852,3853,3854,3858,3859,3860,3844,3845,3843,3842,3841&#8243; gutter=&#8221;15&#8243; _builder_version=&#8221;4.27.5&#8243; _module_preset=&#8221;default&#8221; global_colors_info=&#8221;{}&#8221;][\/dmg_masonry_gallery][\/et_pb_column][\/et_pb_row][\/et_pb_section][et_pb_section fb_built=&#8221;1&#8243; _builder_version=&#8221;4.27.4&#8243; _module_preset=&#8221;default&#8221; background_color=&#8221;#182030&#8243; custom_padding=&#8221;0px||0px||true|false&#8221; global_colors_info=&#8221;{}&#8221;][et_pb_row column_structure=&#8221;1_2,1_2&#8243; use_custom_gutter=&#8221;on&#8221; gutter_width=&#8221;1&#8243; make_equal=&#8221;on&#8221; custom_padding_last_edited=&#8221;on|phone&#8221; _builder_version=&#8221;4.27.4&#8243; _module_preset=&#8221;default&#8221; width=&#8221;100%&#8221; max_width=&#8221;100%&#8221; custom_padding=&#8221;0px||0px||false|false&#8221; custom_padding_tablet=&#8221;0px||0px||false|false&#8221; custom_padding_phone=&#8221;0px||0px||true|false&#8221; global_colors_info=&#8221;{}&#8221;][et_pb_column type=&#8221;1_2&#8243; _builder_version=&#8221;4.27.4&#8243; _module_preset=&#8221;default&#8221; global_colors_info=&#8221;{}&#8221;][et_pb_blog posts_number=&#8221;1&#8243; include_categories=&#8221;67,69&#8243; show_author=&#8221;off&#8221; show_date=&#8221;off&#8221; show_categories=&#8221;off&#8221; show_pagination=&#8221;off&#8221; _builder_version=&#8221;4.27.5&#8243; _module_preset=&#8221;default&#8221; header_font=&#8221;Libre Baskerville||||||||&#8221; header_text_color=&#8221;#FFFFFF&#8221; header_line_height=&#8221;1.5em&#8221; body_text_color=&#8221;#FFFFFF&#8221; custom_padding=&#8221;80px|80px|80px|80px|true|true&#8221; custom_padding_tablet=&#8221;40px|40px|40px|40px|true|true&#8221; custom_padding_phone=&#8221;20px|20px|20px|20px|true|true&#8221; custom_padding_last_edited=&#8221;on|phone&#8221; global_colors_info=&#8221;{}&#8221;][\/et_pb_blog][\/et_pb_column][et_pb_column type=&#8221;1_2&#8243; _builder_version=&#8221;4.27.4&#8243; _module_preset=&#8221;default&#8221; global_colors_info=&#8221;{}&#8221;][et_pb_map address=&#8221;\u0392\u03bf\u03cd\u03bb\u03b3\u03b1\u03c1\u03b7 25, \u0391\u03b8\u03ae\u03bd\u03b1 104 37, \u0395\u03bb\u03bb\u03ac\u03b4\u03b1&#8221; zoom_level=&#8221;14&#8243; address_lat=&#8221;37.9837521&#8243; address_lng=&#8221;23.7238523&#8243; _builder_version=&#8221;4.27.5&#8243; _module_preset=&#8221;default&#8221; height=&#8221;700px&#8221; custom_margin=&#8221;80px|80px|80px||true|false&#8221; custom_padding=&#8221;||||false|false&#8221; filter_saturate=&#8221;16%&#8221; filter_brightness=&#8221;111%&#8221; filter_contrast=&#8221;89%&#8221; global_colors_info=&#8221;{}&#8221;][et_pb_map_pin pin_address=&#8221;\u0392\u03bf\u03cd\u03bb\u03b3\u03b1\u03c1\u03b7 25, \u0391\u03b8\u03ae\u03bd\u03b1 104 37, \u0395\u03bb\u03bb\u03ac\u03b4\u03b1&#8221; pin_address_lat=&#8221;37.9837521&#8243; pin_address_lng=&#8221;23.7238523&#8243; _builder_version=&#8221;4.27.5&#8243; _module_preset=&#8221;default&#8221; global_colors_info=&#8221;{}&#8221;][\/et_pb_map_pin][\/et_pb_map][\/et_pb_column][\/et_pb_row][\/et_pb_section]<\/p>\n","protected":false},"excerpt":{"rendered":"<div class=\"et_pb_module dmg_masonry_gallery dmg_masonry_gallery_0\">\n\t\t\t\t\n\t\t\t\t\n\t\t\t\t\n\t\t\t\t\n\t\t\t\t\n\t\t\t\t\n\t\t\t\t<div class=\"et_pb_module_inner\">\n\t\t\t\t\t\n\t\t\t<div class=\"dmg-gallery-wrapper\">\n\t\t\t\t\n\t\t\t\t<div class=\"dmg-gallery dmg-modal-gallery \">\n\t\t\t\t\t<div class=\"dmg-gallery-sizer\"><\/div>\n\t\t\t\t\t<div class=\"dmg-gutter-sizer\"><\/div>\n\t\t\t\t\t\n\t\t\t\t\t\t\t<a data-width=\"980\" data-height=\"551\" href=\"https:\/\/keystoneproperties.gr\/wp-content\/uploads\/2025\/12\/S1-1-scaled.jpg\"  data-categories=\"\" class=\"dmg_masonry_gallery_item \" >\n\t\t\t\t\t\t\t\t<img class=\"dmg-lazyload\" alt=\"S1 1 scaled\" data-src=\"https:\/\/keystoneproperties.gr\/wp-content\/uploads\/2025\/12\/S1-1-980x551.jpg\" width=\"980\" height=\"551\" \/>\n\t\t\t\t\t\t\t\t<span class=\"et_overlay\"><\/span>\n\t\t\t\t\t\t\t<\/a>\n\t\t\t\t\t\t\t\n\t\t\t\t\t\t\t<a data-width=\"980\" data-height=\"551\" href=\"https:\/\/keystoneproperties.gr\/wp-content\/uploads\/2025\/12\/S2-1-scaled.jpg\"  data-categories=\"\" class=\"dmg_masonry_gallery_item \" >\n\t\t\t\t\t\t\t\t<img class=\"dmg-lazyload\" alt=\"S2 1 scaled\" data-src=\"https:\/\/keystoneproperties.gr\/wp-content\/uploads\/2025\/12\/S2-1-980x551.jpg\" width=\"980\" height=\"551\" \/>\n\t\t\t\t\t\t\t\t<span class=\"et_overlay\"><\/span>\n\t\t\t\t\t\t\t<\/a>\n\t\t\t\t\t\t\t\n\t\t\t\t\t\t\t<a data-width=\"980\" data-height=\"615\" href=\"https:\/\/keystoneproperties.gr\/wp-content\/uploads\/2025\/12\/S3-1-scaled.jpg\"  data-categories=\"\" class=\"dmg_masonry_gallery_item \" >\n\t\t\t\t\t\t\t\t<img class=\"dmg-lazyload\" alt=\"S3 1 scaled\" data-src=\"https:\/\/keystoneproperties.gr\/wp-content\/uploads\/2025\/12\/S3-1-980x615.jpg\" width=\"980\" height=\"615\" \/>\n\t\t\t\t\t\t\t\t<span class=\"et_overlay\"><\/span>\n\t\t\t\t\t\t\t<\/a>\n\t\t\t\t\t\t\t\n\t\t\t\t\t\t\t<a data-width=\"980\" data-height=\"584\" href=\"https:\/\/keystoneproperties.gr\/wp-content\/uploads\/2025\/12\/S4-scaled.jpg\"  data-categories=\"\" class=\"dmg_masonry_gallery_item \" >\n\t\t\t\t\t\t\t\t<img class=\"dmg-lazyload\" alt=\"S4 scaled\" data-src=\"https:\/\/keystoneproperties.gr\/wp-content\/uploads\/2025\/12\/S4-980x584.jpg\" width=\"980\" height=\"584\" \/>\n\t\t\t\t\t\t\t\t<span class=\"et_overlay\"><\/span>\n\t\t\t\t\t\t\t<\/a>\n\t\t\t\t\t\t\t\n\t\t\t\t\t\t\t<a data-width=\"980\" data-height=\"551\" href=\"https:\/\/keystoneproperties.gr\/wp-content\/uploads\/2025\/12\/S5-scaled.jpg\"  data-categories=\"\" class=\"dmg_masonry_gallery_item \" >\n\t\t\t\t\t\t\t\t<img class=\"dmg-lazyload\" alt=\"S5 scaled\" data-src=\"https:\/\/keystoneproperties.gr\/wp-content\/uploads\/2025\/12\/S5-980x551.jpg\" width=\"980\" height=\"551\" \/>\n\t\t\t\t\t\t\t\t<span class=\"et_overlay\"><\/span>\n\t\t\t\t\t\t\t<\/a>\n\t\t\t\t\t\t\t\n\t\t\t\t\t\t\t<a data-width=\"980\" data-height=\"638\" href=\"https:\/\/keystoneproperties.gr\/wp-content\/uploads\/2025\/12\/S6-scaled.jpg\"  data-categories=\"\" class=\"dmg_masonry_gallery_item \" >\n\t\t\t\t\t\t\t\t<img class=\"dmg-lazyload\" alt=\"S6 scaled\" data-src=\"https:\/\/keystoneproperties.gr\/wp-content\/uploads\/2025\/12\/S6-980x638.jpg\" width=\"980\" height=\"638\" \/>\n\t\t\t\t\t\t\t\t<span class=\"et_overlay\"><\/span>\n\t\t\t\t\t\t\t<\/a>\n\t\t\t\t\t\t\t\n\t\t\t\t\t\t\t<a data-width=\"980\" data-height=\"551\" href=\"https:\/\/keystoneproperties.gr\/wp-content\/uploads\/2025\/12\/S2-2-scaled.jpg\"  data-categories=\"\" class=\"dmg_masonry_gallery_item \" >\n\t\t\t\t\t\t\t\t<img class=\"dmg-lazyload\" alt=\"S2 2 scaled\" data-src=\"https:\/\/keystoneproperties.gr\/wp-content\/uploads\/2025\/12\/S2-2-980x551.jpg\" width=\"980\" height=\"551\" \/>\n\t\t\t\t\t\t\t\t<span class=\"et_overlay\"><\/span>\n\t\t\t\t\t\t\t<\/a>\n\t\t\t\t\t\t\t\n\t\t\t\t\t\t\t<a data-width=\"980\" data-height=\"730\" href=\"https:\/\/keystoneproperties.gr\/wp-content\/uploads\/2025\/12\/S6-1-scaled.jpg\"  data-categories=\"\" class=\"dmg_masonry_gallery_item \" >\n\t\t\t\t\t\t\t\t<img class=\"dmg-lazyload\" alt=\"S6 1 scaled\" data-src=\"https:\/\/keystoneproperties.gr\/wp-content\/uploads\/2025\/12\/S6-1-980x730.jpg\" width=\"980\" height=\"730\" \/>\n\t\t\t\t\t\t\t\t<span class=\"et_overlay\"><\/span>\n\t\t\t\t\t\t\t<\/a>\n\t\t\t\t\t\t\t\n\t\t\t\t\t\t\t<a data-width=\"980\" data-height=\"1641\" href=\"https:\/\/keystoneproperties.gr\/wp-content\/uploads\/2025\/12\/S7-1-scaled.jpg\"  data-categories=\"\" class=\"dmg_masonry_gallery_item \" >\n\t\t\t\t\t\t\t\t<img class=\"dmg-lazyload\" alt=\"S7 1 scaled\" data-src=\"https:\/\/keystoneproperties.gr\/wp-content\/uploads\/2025\/12\/S7-1-980x1641.jpg\" width=\"980\" height=\"1641\" \/>\n\t\t\t\t\t\t\t\t<span class=\"et_overlay\"><\/span>\n\t\t\t\t\t\t\t<\/a>\n\t\t\t\t\t\t\t\n\t\t\t\t\t\t\t<a data-width=\"980\" data-height=\"448\" href=\"https:\/\/keystoneproperties.gr\/wp-content\/uploads\/2025\/12\/02.png\"  data-categories=\"\" class=\"dmg_masonry_gallery_item \" >\n\t\t\t\t\t\t\t\t<img class=\"dmg-lazyload\" alt=\"02\" data-src=\"https:\/\/keystoneproperties.gr\/wp-content\/uploads\/2025\/12\/02-980x448.png\" width=\"980\" height=\"448\" \/>\n\t\t\t\t\t\t\t\t<span class=\"et_overlay\"><\/span>\n\t\t\t\t\t\t\t<\/a>\n\t\t\t\t\t\t\t\n\t\t\t\t\t\t\t<a data-width=\"656\" data-height=\"826\" href=\"https:\/\/keystoneproperties.gr\/wp-content\/uploads\/2025\/12\/08.png\"  data-categories=\"\" class=\"dmg_masonry_gallery_item \" >\n\t\t\t\t\t\t\t\t<img class=\"dmg-lazyload\" alt=\"08\" data-src=\"https:\/\/keystoneproperties.gr\/wp-content\/uploads\/2025\/12\/08.png\" width=\"656\" height=\"826\" \/>\n\t\t\t\t\t\t\t\t<span class=\"et_overlay\"><\/span>\n\t\t\t\t\t\t\t<\/a>\n\t\t\t\t\t\t\t\n\t\t\t\t\t\t\t<a data-width=\"980\" data-height=\"623\" href=\"https:\/\/keystoneproperties.gr\/wp-content\/uploads\/2025\/12\/Common.jpg\"  data-categories=\"\" class=\"dmg_masonry_gallery_item \" >\n\t\t\t\t\t\t\t\t<img class=\"dmg-lazyload\" alt=\"Common\" data-src=\"https:\/\/keystoneproperties.gr\/wp-content\/uploads\/2025\/12\/Common-980x623.jpg\" width=\"980\" height=\"623\" \/>\n\t\t\t\t\t\t\t\t<span class=\"et_overlay\"><\/span>\n\t\t\t\t\t\t\t<\/a>\n\t\t\t\t\t\t\t\n\t\t\t\t\t\t\t<a data-width=\"601\" data-height=\"357\" href=\"https:\/\/keystoneproperties.gr\/wp-content\/uploads\/2025\/12\/Common-2.jpg\"  data-categories=\"\" class=\"dmg_masonry_gallery_item \" >\n\t\t\t\t\t\t\t\t<img class=\"dmg-lazyload\" alt=\"Common 2\" data-src=\"https:\/\/keystoneproperties.gr\/wp-content\/uploads\/2025\/12\/Common-2.jpg\" width=\"601\" height=\"357\" \/>\n\t\t\t\t\t\t\t\t<span class=\"et_overlay\"><\/span>\n\t\t\t\t\t\t\t<\/a>\n\t\t\t\t\t\t\t\n\t\t\t\t\t\t\t<a data-width=\"448\" data-height=\"1101\" href=\"https:\/\/keystoneproperties.gr\/wp-content\/uploads\/2025\/12\/Building.png\"  data-categories=\"\" class=\"dmg_masonry_gallery_item \" >\n\t\t\t\t\t\t\t\t<img class=\"dmg-lazyload\" alt=\"Building\" data-src=\"https:\/\/keystoneproperties.gr\/wp-content\/uploads\/2025\/12\/Building.png\" width=\"448\" height=\"1101\" \/>\n\t\t\t\t\t\t\t\t<span class=\"et_overlay\"><\/span>\n\t\t\t\t\t\t\t<\/a>\n\t\t\t\t\t\t\t\n\t  \t\t\t<\/div>\n\t  \t\t\t\n  \t\t\t<\/div>\n  \t\t\t\n\t\t\t\t<\/div>\n\t\t\t<\/div>\n","protected":false},"featured_media":5130,"comment_status":"closed","ping_status":"closed","template":"","meta":{"_acf_changed":false,"_et_pb_use_builder":"on","_et_pb_old_content":"<p data-start=\"159\" data-end=\"566\">Das CITY CENTER liegt in einem der dynamischsten Stadtteile Athens und ist eine neu errichtete Wohnanlage, die die Erwartungen der heutigen globalen Immobilieninvestoren erf\u00fcllt. Dieses zeitgen\u00f6ssische Geb\u00e4ude bietet eine raffinierte Kollektion von Ein-Zimmer-Wohnungen, die moderne Architektur, effiziente Grundrisse und erstklassige Gemeinschaftseinrichtungen vereinen - alles wichtige Faktoren f\u00fcr eine anhaltende Mietnachfrage.<\/p>\r\n<p data-start=\"568\" data-end=\"1172\">Jede Wohnung verf\u00fcgt \u00fcber ein Schlafzimmer und ein Badezimmer. Die Innenfl\u00e4chen liegen zwischen 47 und 68 Quadratmetern und bieten damit ausgewogene Proportionen, die sich ideal f\u00fcr die langfristige Vermietung oder die Vermietung an F\u00fchrungskr\u00e4fte eignen. Durchdacht geplante Innenr\u00e4ume, ein klares Design und hochwertige Oberfl\u00e4chen schaffen eine zeitlose \u00c4sthetik, die ein breites internationales Mieterprofil anspricht. Ausgew\u00e4hlte Wohnungen verf\u00fcgen \u00fcber private Balkone, w\u00e4hrend die wenigen Wohnungen im Erdgeschoss exklusive Gartenbereiche bieten, wobei einige Einheiten mit Whirlpools im Freien ausgestattet sind, was sowohl den Wert des Lebensstils als auch die Mietpositionierung erh\u00f6ht.<\/p>\r\n<p data-start=\"1174\" data-end=\"1458\">Erg\u00e4nzt wird das Projekt durch hochwertige Gemeinschaftseinrichtungen wie einen voll ausgestatteten Fitnessbereich, der rund um die Uhr ge\u00f6ffnet ist, moderne Lagerr\u00e4ume (gegen Aufpreis) und einen Aufzug, der den Fokus des Projekts auf Komfort, Funktionalit\u00e4t und Mieterzufriedenheit unterstreicht.<\/p>\r\n<p data-start=\"1460\" data-end=\"1737\">Das CITY CENTER befindet sich in einem Gebiet, in dem eine bedeutende Stadterneuerung stattfindet, und stellt eine \u00fcberzeugende Einkommensm\u00f6glichkeit auf dem Athener Markt dar. Es eignet sich gleicherma\u00dfen f\u00fcr langfristige Vermietungen, die Unterbringung von Unternehmen oder die Diversifizierung des Portfolios.<\/p>\r\n<p data-start=\"1739\" data-end=\"1938\">Die Immobilie ist auch eine attraktive Option f\u00fcr K\u00e4ufer, die das Goldene Visum Griechenlands in Anspruch nehmen m\u00f6chten, das einen attraktiven Lebensstil mit langfristigen Aufenthalts- und Investitionsvorteilen verbindet.<\/p>","_et_gb_content_width":""},"bathrooms":[301],"bathroom-no":[599],"construction-year":[331],"floor":[413],"features":[363,355,387,341,383,405,359,381,375,345],"land-size":[],"property-type":[489],"region":[495],"bedrooms":[323],"subregion":[505],"property-size":[467],"product_brand":[],"product_cat":[227,240],"product_tag":[241],"class_list":{"0":"post-5111","1":"product","2":"type-product","3":"status-publish","4":"has-post-thumbnail","6":"bathrooms-301","7":"bathroom-no-599","8":"construction-year-331","9":"floor-413","10":"features-alarm","11":"features-elevator","12":"features-gym-equipment","13":"features-garden","14":"features-pet-friendly","15":"features-investment","16":"features-air-condition","17":"features-furnished","18":"features-city-view","19":"features-central-heating","20":"property-type-wohnung","21":"region-attiki","22":"bedrooms-323","23":"subregion-athen","24":"property-size-467","25":"product_cat-kaufen","26":"product_cat-keystone-wohnungen","27":"product_tag-keystone-wohnungen","29":"first","30":"instock","31":"shipping-taxable","32":"purchasable","33":"product-type-simple"},"acf":[],"_links":{"self":[{"href":"https:\/\/keystoneproperties.gr\/de\/wp-json\/wp\/v2\/product\/5111","targetHints":{"allow":["GET"]}}],"collection":[{"href":"https:\/\/keystoneproperties.gr\/de\/wp-json\/wp\/v2\/product"}],"about":[{"href":"https:\/\/keystoneproperties.gr\/de\/wp-json\/wp\/v2\/types\/product"}],"replies":[{"embeddable":true,"href":"https:\/\/keystoneproperties.gr\/de\/wp-json\/wp\/v2\/comments?post=5111"}],"wp:featuredmedia":[{"embeddable":true,"href":"https:\/\/keystoneproperties.gr\/de\/wp-json\/wp\/v2\/media\/5130"}],"wp:attachment":[{"href":"https:\/\/keystoneproperties.gr\/de\/wp-json\/wp\/v2\/media?parent=5111"}],"wp:term":[{"taxonomy":"bathrooms","embeddable":true,"href":"https:\/\/keystoneproperties.gr\/de\/wp-json\/wp\/v2\/bathrooms?post=5111"},{"taxonomy":"bathroom-no","embeddable":true,"href":"https:\/\/keystoneproperties.gr\/de\/wp-json\/wp\/v2\/bathroom-no?post=5111"},{"taxonomy":"construction-year","embeddable":true,"href":"https:\/\/keystoneproperties.gr\/de\/wp-json\/wp\/v2\/construction-year?post=5111"},{"taxonomy":"floor","embeddable":true,"href":"https:\/\/keystoneproperties.gr\/de\/wp-json\/wp\/v2\/floor?post=5111"},{"taxonomy":"features","embeddable":true,"href":"https:\/\/keystoneproperties.gr\/de\/wp-json\/wp\/v2\/features?post=5111"},{"taxonomy":"land-size","embeddable":true,"href":"https:\/\/keystoneproperties.gr\/de\/wp-json\/wp\/v2\/land-size?post=5111"},{"taxonomy":"property-type","embeddable":true,"href":"https:\/\/keystoneproperties.gr\/de\/wp-json\/wp\/v2\/property-type?post=5111"},{"taxonomy":"region","embeddable":true,"href":"https:\/\/keystoneproperties.gr\/de\/wp-json\/wp\/v2\/region?post=5111"},{"taxonomy":"bedrooms","embeddable":true,"href":"https:\/\/keystoneproperties.gr\/de\/wp-json\/wp\/v2\/bedrooms?post=5111"},{"taxonomy":"subregion","embeddable":true,"href":"https:\/\/keystoneproperties.gr\/de\/wp-json\/wp\/v2\/subregion?post=5111"},{"taxonomy":"property-size","embeddable":true,"href":"https:\/\/keystoneproperties.gr\/de\/wp-json\/wp\/v2\/property-size?post=5111"},{"taxonomy":"product_brand","embeddable":true,"href":"https:\/\/keystoneproperties.gr\/de\/wp-json\/wp\/v2\/product_brand?post=5111"},{"taxonomy":"product_cat","embeddable":true,"href":"https:\/\/keystoneproperties.gr\/de\/wp-json\/wp\/v2\/product_cat?post=5111"},{"taxonomy":"product_tag","embeddable":true,"href":"https:\/\/keystoneproperties.gr\/de\/wp-json\/wp\/v2\/product_tag?post=5111"}],"curies":[{"name":"wp","href":"https:\/\/api.w.org\/{rel}","templated":true}]}}