{"id":5191,"date":"2025-12-16T09:34:52","date_gmt":"2025-12-16T09:34:52","guid":{"rendered":"https:\/\/keystoneproperties.gr\/product\/horizon-bay\/"},"modified":"2026-02-06T11:19:20","modified_gmt":"2026-02-06T11:19:20","slug":"horizon-bay","status":"publish","type":"product","link":"https:\/\/keystoneproperties.gr\/de\/produkt\/horizon-bay\/","title":{"rendered":"HORIZON BAY"},"content":{"rendered":"<p>[et_pb_section fb_built=&#8221;1&#8243; module_id=&#8221;Galerie&#8221; _builder_version=&#8221;4.27.4&#8243; _module_preset=&#8221;default&#8221; background_color=&#8221;#FFFFFF&#8221; custom_padding=&#8221;0px||37px||false|false&#8221; collapsed=&#8221;off&#8221; global_colors_info=&#8221;{}&#8221;][et_pb_row _builder_version=&#8221;4.27.4&#8243; _module_preset=&#8221;default&#8221; width=&#8221;90%&#8221; max_width=&#8221;100%&#8221; custom_padding=&#8221;0px||||false|false&#8221; global_colors_info=&#8221;{}&#8221;][et_pb_column type=&#8221;4_4&#8243; _builder_version=&#8221;4.27.4&#8243; _module_preset=&#8221;default&#8221; global_colors_info=&#8221;{}&#8221;][dmg_masonry_gallery gallery=&#8221;3863,3864,3865,3866,3867,3868,3869,3870&#8243; gutter=&#8221;15&#8243; _builder_version=&#8221;4.27.5&#8243; _module_preset=&#8221;default&#8221; global_colors_info=&#8221;{}&#8221;][\/dmg_masonry_gallery][\/et_pb_column][\/et_pb_row][\/et_pb_section][et_pb_section fb_built=&#8221;1&#8243; _builder_version=&#8221;4.27.4&#8243; _module_preset=&#8221;default&#8221; background_color=&#8221;#182030&#8243; custom_padding=&#8221;0px||0px||true|false&#8221; global_colors_info=&#8221;{}&#8221;][et_pb_row column_structure=&#8221;1_2,1_2&#8243; use_custom_gutter=&#8221;on&#8221; gutter_width=&#8221;1&#8243; make_equal=&#8221;on&#8221; custom_padding_last_edited=&#8221;on|phone&#8221; _builder_version=&#8221;4.27.4&#8243; _module_preset=&#8221;default&#8221; width=&#8221;100%&#8221; max_width=&#8221;100%&#8221; custom_padding=&#8221;0px||0px||false|false&#8221; custom_padding_tablet=&#8221;0px||0px||false|false&#8221; custom_padding_phone=&#8221;0px||0px||true|false&#8221; global_colors_info=&#8221;{}&#8221;][et_pb_column type=&#8221;1_2&#8243; _builder_version=&#8221;4.27.4&#8243; _module_preset=&#8221;default&#8221; global_colors_info=&#8221;{}&#8221;][et_pb_blog posts_number=&#8221;1&#8243; include_categories=&#8221;203&#8243; show_author=&#8221;off&#8221; show_date=&#8221;off&#8221; show_categories=&#8221;off&#8221; show_pagination=&#8221;off&#8221; _builder_version=&#8221;4.27.5&#8243; _module_preset=&#8221;default&#8221; header_font=&#8221;Libre Baskerville||||||||&#8221; header_text_color=&#8221;#FFFFFF&#8221; header_line_height=&#8221;1.5em&#8221; body_text_color=&#8221;#FFFFFF&#8221; custom_padding=&#8221;80px|80px|80px|80px|true|true&#8221; custom_padding_tablet=&#8221;40px|40px|40px|40px|true|true&#8221; custom_padding_phone=&#8221;20px|20px|20px|20px|true|true&#8221; custom_padding_last_edited=&#8221;on|phone&#8221; global_colors_info=&#8221;{}&#8221;][\/et_pb_blog][\/et_pb_column][et_pb_column type=&#8221;1_2&#8243; _builder_version=&#8221;4.27.4&#8243; _module_preset=&#8221;default&#8221; global_colors_info=&#8221;{}&#8221;][et_pb_map address=&#8221;V9CC+JG2, Kastalia Park, \u03a0\u03ad\u03b3\u03b5\u03b9\u03b1 8560, \u039a\u03cd\u03c0\u03c1\u03bf\u03c2&#8221; zoom_level=&#8221;14&#8243; address_lat=&#8221;34.8715184&#8243; address_lng=&#8221;32.3712695&#8243; _builder_version=&#8221;4.27.5&#8243; _module_preset=&#8221;default&#8221; height=&#8221;700px&#8221; custom_margin=&#8221;80px|80px|80px||true|false&#8221; custom_padding=&#8221;||||false|false&#8221; filter_saturate=&#8221;16%&#8221; filter_brightness=&#8221;111%&#8221; filter_contrast=&#8221;89%&#8221; global_colors_info=&#8221;{}&#8221;][et_pb_map_pin pin_address=&#8221;Ploutonos street 1, \u03a0\u03ad\u03b3\u03b5\u03b9\u03b1 8560, \u039a\u03cd\u03c0\u03c1\u03bf\u03c2&#8221; pin_address_lat=&#8221;34.8853378&#8243; pin_address_lng=&#8221;32.3321179&#8243; _builder_version=&#8221;4.27.5&#8243; _module_preset=&#8221;default&#8221; global_colors_info=&#8221;{}&#8221;][\/et_pb_map_pin][\/et_pb_map][\/et_pb_column][\/et_pb_row][\/et_pb_section]<\/p>\n","protected":false},"excerpt":{"rendered":"<div class=\"et_pb_module dmg_masonry_gallery dmg_masonry_gallery_0\">\n\t\t\t\t\n\t\t\t\t\n\t\t\t\t\n\t\t\t\t\n\t\t\t\t\n\t\t\t\t\n\t\t\t\t<div class=\"et_pb_module_inner\">\n\t\t\t\t\t\n\t\t\t<div class=\"dmg-gallery-wrapper\">\n\t\t\t\t\n\t\t\t\t<div class=\"dmg-gallery dmg-modal-gallery \">\n\t\t\t\t\t<div class=\"dmg-gallery-sizer\"><\/div>\n\t\t\t\t\t<div class=\"dmg-gutter-sizer\"><\/div>\n\t\t\t\t\t\n\t\t\t\t\t\t\t<a data-width=\"980\" data-height=\"477\" href=\"https:\/\/keystoneproperties.gr\/wp-content\/uploads\/2025\/12\/RB-Apartments-1.jpg\"  data-categories=\"\" class=\"dmg_masonry_gallery_item \" >\n\t\t\t\t\t\t\t\t<img class=\"dmg-lazyload\" alt=\"RB Apartments 1\" data-src=\"https:\/\/keystoneproperties.gr\/wp-content\/uploads\/2025\/12\/RB-Apartments-1-980x477.jpg\" width=\"980\" height=\"477\" \/>\n\t\t\t\t\t\t\t\t<span class=\"et_overlay\"><\/span>\n\t\t\t\t\t\t\t<\/a>\n\t\t\t\t\t\t\t\n\t\t\t\t\t\t\t<a data-width=\"980\" data-height=\"551\" href=\"https:\/\/keystoneproperties.gr\/wp-content\/uploads\/2025\/12\/RB-Apartments-2.jpg\"  data-categories=\"\" class=\"dmg_masonry_gallery_item \" >\n\t\t\t\t\t\t\t\t<img class=\"dmg-lazyload\" alt=\"RB Apartments 2\" data-src=\"https:\/\/keystoneproperties.gr\/wp-content\/uploads\/2025\/12\/RB-Apartments-2-980x551.jpg\" width=\"980\" height=\"551\" \/>\n\t\t\t\t\t\t\t\t<span class=\"et_overlay\"><\/span>\n\t\t\t\t\t\t\t<\/a>\n\t\t\t\t\t\t\t\n\t\t\t\t\t\t\t<a data-width=\"980\" data-height=\"551\" href=\"https:\/\/keystoneproperties.gr\/wp-content\/uploads\/2025\/12\/RB-Apartments-3.jpg\"  data-categories=\"\" class=\"dmg_masonry_gallery_item \" >\n\t\t\t\t\t\t\t\t<img class=\"dmg-lazyload\" alt=\"RB Apartments 3\" data-src=\"https:\/\/keystoneproperties.gr\/wp-content\/uploads\/2025\/12\/RB-Apartments-3-980x551.jpg\" width=\"980\" height=\"551\" \/>\n\t\t\t\t\t\t\t\t<span class=\"et_overlay\"><\/span>\n\t\t\t\t\t\t\t<\/a>\n\t\t\t\t\t\t\t\n\t\t\t\t\t\t\t<a data-width=\"980\" data-height=\"551\" href=\"https:\/\/keystoneproperties.gr\/wp-content\/uploads\/2025\/12\/RB-Apartments-4.jpg\"  data-categories=\"\" class=\"dmg_masonry_gallery_item \" >\n\t\t\t\t\t\t\t\t<img class=\"dmg-lazyload\" alt=\"RB Wohnungen 4\" data-src=\"https:\/\/keystoneproperties.gr\/wp-content\/uploads\/2025\/12\/RB-Apartments-4-980x551.jpg\" width=\"980\" height=\"551\" \/>\n\t\t\t\t\t\t\t\t<span class=\"et_overlay\"><\/span>\n\t\t\t\t\t\t\t<\/a>\n\t\t\t\t\t\t\t\n\t\t\t\t\t\t\t<a data-width=\"980\" data-height=\"551\" href=\"https:\/\/keystoneproperties.gr\/wp-content\/uploads\/2025\/12\/RB-Apartments-5.jpg\"  data-categories=\"\" class=\"dmg_masonry_gallery_item \" >\n\t\t\t\t\t\t\t\t<img class=\"dmg-lazyload\" alt=\"RB Apartments 5\" data-src=\"https:\/\/keystoneproperties.gr\/wp-content\/uploads\/2025\/12\/RB-Apartments-5-980x551.jpg\" width=\"980\" height=\"551\" \/>\n\t\t\t\t\t\t\t\t<span class=\"et_overlay\"><\/span>\n\t\t\t\t\t\t\t<\/a>\n\t\t\t\t\t\t\t\n\t\t\t\t\t\t\t<a data-width=\"980\" data-height=\"551\" href=\"https:\/\/keystoneproperties.gr\/wp-content\/uploads\/2025\/12\/RB-Apartments-6.jpg\"  data-categories=\"\" class=\"dmg_masonry_gallery_item \" >\n\t\t\t\t\t\t\t\t<img class=\"dmg-lazyload\" alt=\"RB Apartments 6\" data-src=\"https:\/\/keystoneproperties.gr\/wp-content\/uploads\/2025\/12\/RB-Apartments-6-980x551.jpg\" width=\"980\" height=\"551\" \/>\n\t\t\t\t\t\t\t\t<span class=\"et_overlay\"><\/span>\n\t\t\t\t\t\t\t<\/a>\n\t\t\t\t\t\t\t\n\t\t\t\t\t\t\t<a data-width=\"980\" data-height=\"551\" href=\"https:\/\/keystoneproperties.gr\/wp-content\/uploads\/2025\/12\/RB-Apartments-7.jpg\"  data-categories=\"\" class=\"dmg_masonry_gallery_item \" >\n\t\t\t\t\t\t\t\t<img class=\"dmg-lazyload\" alt=\"RB Apartments 7\" data-src=\"https:\/\/keystoneproperties.gr\/wp-content\/uploads\/2025\/12\/RB-Apartments-7-980x551.jpg\" width=\"980\" height=\"551\" \/>\n\t\t\t\t\t\t\t\t<span class=\"et_overlay\"><\/span>\n\t\t\t\t\t\t\t<\/a>\n\t\t\t\t\t\t\t\n\t\t\t\t\t\t\t<a data-width=\"980\" data-height=\"551\" href=\"https:\/\/keystoneproperties.gr\/wp-content\/uploads\/2025\/12\/RB-Apartments-8.jpg\"  data-categories=\"\" class=\"dmg_masonry_gallery_item \" >\n\t\t\t\t\t\t\t\t<img class=\"dmg-lazyload\" alt=\"RB Apartments 8\" data-src=\"https:\/\/keystoneproperties.gr\/wp-content\/uploads\/2025\/12\/RB-Apartments-8-980x551.jpg\" width=\"980\" height=\"551\" \/>\n\t\t\t\t\t\t\t\t<span class=\"et_overlay\"><\/span>\n\t\t\t\t\t\t\t<\/a>\n\t\t\t\t\t\t\t\n\t  \t\t\t<\/div>\n\t  \t\t\t\n  \t\t\t<\/div>\n  \t\t\t\n\t\t\t\t<\/div>\n\t\t\t<\/div>\n","protected":false},"featured_media":5195,"comment_status":"closed","ping_status":"closed","template":"","meta":{"_acf_changed":false,"_et_pb_use_builder":"on","_et_pb_old_content":"<div>\n\n<span lang=\"EN-US\">Diese au\u00dfergew\u00f6hnliche Wohnung mit drei Schlafzimmern im dritten Stockwerk befindet sich in der charakteristischen zentralen Struktur eines exklusiven Resorts am Meer in Paphos und bietet einen seltenen Ausdruck von zeitgen\u00f6ssischem Luxus an der K\u00fcste. Mit 160 m\u00b2 raffinierter Wohnfl\u00e4che im Inneren, 30 m\u00b2 \u00fcberdachten Veranden, 83 m\u00b2 nicht \u00fcberdachten Terrassen und einem 185 m\u00b2 gro\u00dfen privaten Dachgarten bietet das Haus einen Lebensstil, der von Offenheit, Eleganz und einer ununterbrochenen Verbindung zum Meer gepr\u00e4gt ist.     <\/span>\n\n<\/div>\n<div>\n\n\u00a0\n\n<span lang=\"EN-US\">Das architektonische Design umfasst klare, moderne Linien, raumhohe Verglasungen und eine raffinierte Palette nat\u00fcrlicher Materialien, die \u00fcberall eine helle und ruhige Atmosph\u00e4re schaffen. Die Innenr\u00e4ume gehen nahtlos in die Terrassen \u00fcber, von denen aus sich in alle Richtungen ein Panoramablick auf den mediterranen Horizont und die umliegende idyllische Landschaft er\u00f6ffnet. Ob Sie die Morgensonne, ein Abendessen im Freien oder den Sonnenuntergang genie\u00dfen, die Au\u00dfenbereiche machen die Residenz zu einem wahrhaftigen Refugium an der K\u00fcste.  <\/span>\n\n<\/div>\n<div>\n\n\u00a0\n\n<span lang=\"EN-US\">Im Inneren ist der offene Wohnbereich mit viel Liebe zum Detail eingerichtet, mit hochwertigen Oberfl\u00e4chen, ma\u00dfgeschneiderten Texturen und einem Ambiente von dezentem Luxus. Die drei wundersch\u00f6n proportionierten Schlafzimmer bieten Privatsph\u00e4re und Komfort, w\u00e4hrend die Master-Suite von einem eigenen, erh\u00f6hten Ausblick und einer raffinierten \u00c4sthetik profitiert. Jeder Raum wurde so gestaltet, dass er sowohl f\u00fcr ein anspruchsvolles t\u00e4gliches Leben als auch f\u00fcr elegante Unterhaltung geeignet ist.  <\/span>\n\n<\/div>\n<div>\n\n\u00a0\n\n<span lang=\"EN-US\">Ein besonderes Highlight dieser Residenz ist der beeindruckende private Dachgarten - ein seltenes Angebot, das das Haus in einen pers\u00f6nlichen R\u00fcckzugsort oberhalb der K\u00fcste verwandelt. Mit seinen ausgedehnten Lounge-Bereichen und atemberaubenden 360\u00b0-Aussichten ist er ideal zum Entspannen, f\u00fcr gesellige Zusammenk\u00fcnfte oder um eine ma\u00dfgeschneiderte Wellness-Oase im Freien zu schaffen. <\/span>\n\n<\/div>\n<div>\n\n\u00a0\n\n<span lang=\"EN-US\">Die Bewohner genie\u00dfen die unmittelbare N\u00e4he zu einer Reihe von luxuri\u00f6sen Einrichtungen innerhalb des Resorts: Restaurants mit Michelin-Sternen und mediterranen Gerichten, Privatschulen, Elite-Fitnessclubs, Spa- und Sch\u00f6nheitseinrichtungen, Tennis- und Padelpl\u00e4tze, ein UEFA-Fu\u00dfballfeld, Reitst\u00e4lle, Agrartourismus, Privatstr\u00e4nde, mehrere Pools, ein Wasserpark und ein F\u00fcnf-Sterne-Hotel - alles exklusiv f\u00fcr die Hausbesitzer.<\/span>\n\n<\/div>\n<div>\n\n\u00a0\n\n<span lang=\"EN-US\">Weitere Apartments unterschiedlicher Gr\u00f6\u00dfe auf verschiedenen Etagen sowie Villen, die das zentrale Geb\u00e4ude umgeben, sind ebenfalls verf\u00fcgbar.  <\/span>Ausf\u00fchrliche Informationen erhalten Sie auf Anfrage.\n\n<\/div>","_et_gb_content_width":""},"bathrooms":[305],"bathroom-no":[589],"construction-year":[335],"floor":[409],"features":[363,353,351,387,398,405,384,372,337,357,339,401,407,370,345,402],"land-size":[],"property-type":[489],"region":[492],"bedrooms":[321],"location":[],"subregion":[502],"property-size":[471],"product_brand":[],"product_cat":[227,240],"product_tag":[241],"class_list":{"0":"post-5191","1":"product","2":"type-product","3":"status-publish","4":"has-post-thumbnail","6":"bathrooms-305","7":"bathroom-no-589","8":"construction-year-335","9":"floor-409","10":"features-alarm","11":"features-walk-in-closet","12":"features-roof-garden","13":"features-gym-equipment","14":"features-smart-home","15":"features-investment","16":"features-storage","17":"features-scenic-view","18":"features-sea-view","19":"features-parking","20":"features-pool","21":"features-sunset-view","22":"features-terrace","23":"features-waterfront","24":"features-central-heating","25":"features-walk-to-the-beach","26":"property-type-wohnung","27":"region-cyprus","28":"bedrooms-321","29":"subregion-paphos","30":"property-size-471","31":"product_cat-kaufen","32":"product_cat-keystone-wohnungen","33":"product_tag-keystone-wohnungen","35":"first","36":"instock","37":"shipping-taxable","38":"purchasable","39":"product-type-simple"},"acf":[],"_links":{"self":[{"href":"https:\/\/keystoneproperties.gr\/de\/wp-json\/wp\/v2\/product\/5191","targetHints":{"allow":["GET"]}}],"collection":[{"href":"https:\/\/keystoneproperties.gr\/de\/wp-json\/wp\/v2\/product"}],"about":[{"href":"https:\/\/keystoneproperties.gr\/de\/wp-json\/wp\/v2\/types\/product"}],"replies":[{"embeddable":true,"href":"https:\/\/keystoneproperties.gr\/de\/wp-json\/wp\/v2\/comments?post=5191"}],"wp:featuredmedia":[{"embeddable":true,"href":"https:\/\/keystoneproperties.gr\/de\/wp-json\/wp\/v2\/media\/5195"}],"wp:attachment":[{"href":"https:\/\/keystoneproperties.gr\/de\/wp-json\/wp\/v2\/media?parent=5191"}],"wp:term":[{"taxonomy":"bathrooms","embeddable":true,"href":"https:\/\/keystoneproperties.gr\/de\/wp-json\/wp\/v2\/bathrooms?post=5191"},{"taxonomy":"bathroom-no","embeddable":true,"href":"https:\/\/keystoneproperties.gr\/de\/wp-json\/wp\/v2\/bathroom-no?post=5191"},{"taxonomy":"construction-year","embeddable":true,"href":"https:\/\/keystoneproperties.gr\/de\/wp-json\/wp\/v2\/construction-year?post=5191"},{"taxonomy":"floor","embeddable":true,"href":"https:\/\/keystoneproperties.gr\/de\/wp-json\/wp\/v2\/floor?post=5191"},{"taxonomy":"features","embeddable":true,"href":"https:\/\/keystoneproperties.gr\/de\/wp-json\/wp\/v2\/features?post=5191"},{"taxonomy":"land-size","embeddable":true,"href":"https:\/\/keystoneproperties.gr\/de\/wp-json\/wp\/v2\/land-size?post=5191"},{"taxonomy":"property-type","embeddable":true,"href":"https:\/\/keystoneproperties.gr\/de\/wp-json\/wp\/v2\/property-type?post=5191"},{"taxonomy":"region","embeddable":true,"href":"https:\/\/keystoneproperties.gr\/de\/wp-json\/wp\/v2\/region?post=5191"},{"taxonomy":"bedrooms","embeddable":true,"href":"https:\/\/keystoneproperties.gr\/de\/wp-json\/wp\/v2\/bedrooms?post=5191"},{"taxonomy":"location","embeddable":true,"href":"https:\/\/keystoneproperties.gr\/de\/wp-json\/wp\/v2\/location?post=5191"},{"taxonomy":"subregion","embeddable":true,"href":"https:\/\/keystoneproperties.gr\/de\/wp-json\/wp\/v2\/subregion?post=5191"},{"taxonomy":"property-size","embeddable":true,"href":"https:\/\/keystoneproperties.gr\/de\/wp-json\/wp\/v2\/property-size?post=5191"},{"taxonomy":"product_brand","embeddable":true,"href":"https:\/\/keystoneproperties.gr\/de\/wp-json\/wp\/v2\/product_brand?post=5191"},{"taxonomy":"product_cat","embeddable":true,"href":"https:\/\/keystoneproperties.gr\/de\/wp-json\/wp\/v2\/product_cat?post=5191"},{"taxonomy":"product_tag","embeddable":true,"href":"https:\/\/keystoneproperties.gr\/de\/wp-json\/wp\/v2\/product_tag?post=5191"}],"curies":[{"name":"wp","href":"https:\/\/api.w.org\/{rel}","templated":true}]}}