{"id":5221,"date":"2026-01-19T11:51:12","date_gmt":"2026-01-19T11:51:12","guid":{"rendered":"https:\/\/keystoneproperties.gr\/product\/skala\/"},"modified":"2026-01-30T09:02:07","modified_gmt":"2026-01-30T09:02:07","slug":"skala","status":"publish","type":"product","link":"https:\/\/keystoneproperties.gr\/de\/produkt\/skala\/","title":{"rendered":"SKALA"},"content":{"rendered":"<p>[et_pb_section fb_built=&#8221;1&#8243; module_id=&#8221;Galerie&#8221; _builder_version=&#8221;4.27.4&#8243; _module_preset=&#8221;default&#8221; background_color=&#8221;#FFFFFF&#8221; custom_padding=&#8221;0px||37px||false|false&#8221; collapsed=&#8221;off&#8221; global_colors_info=&#8221;{}&#8221;][et_pb_row _builder_version=&#8221;4.27.4&#8243; _module_preset=&#8221;default&#8221; width=&#8221;90%&#8221; max_width=&#8221;100%&#8221; custom_padding=&#8221;0px||||false|false&#8221; global_colors_info=&#8221;{}&#8221;][et_pb_column type=&#8221;4_4&#8243; _builder_version=&#8221;4.27.4&#8243; _module_preset=&#8221;default&#8221; global_colors_info=&#8221;{}&#8221;][dmg_masonry_gallery gallery=&#8221;4423,4424,4425,4426,4427,4428,4429,4430,4431,4432,4433,4434,4435,4436,4437,4438,4439,4440,4422,4441,4442,4443,4444,4445&#8243; gutter=&#8221;15&#8243; _builder_version=&#8221;4.27.5&#8243; _module_preset=&#8221;default&#8221; global_colors_info=&#8221;{}&#8221;][\/dmg_masonry_gallery][\/et_pb_column][\/et_pb_row][\/et_pb_section][et_pb_section fb_built=&#8221;1&#8243; _builder_version=&#8221;4.27.4&#8243; _module_preset=&#8221;default&#8221; background_color=&#8221;#182030&#8243; custom_padding=&#8221;0px||0px||true|false&#8221; global_colors_info=&#8221;{}&#8221;][et_pb_row column_structure=&#8221;1_2,1_2&#8243; use_custom_gutter=&#8221;on&#8221; gutter_width=&#8221;1&#8243; make_equal=&#8221;on&#8221; custom_padding_last_edited=&#8221;on|phone&#8221; _builder_version=&#8221;4.27.4&#8243; _module_preset=&#8221;default&#8221; width=&#8221;100%&#8221; max_width=&#8221;100%&#8221; custom_padding=&#8221;0px||0px||false|false&#8221; custom_padding_tablet=&#8221;0px||0px||false|false&#8221; custom_padding_phone=&#8221;0px||0px||true|false&#8221; global_colors_info=&#8221;{}&#8221;][et_pb_column type=&#8221;1_2&#8243; _builder_version=&#8221;4.27.4&#8243; _module_preset=&#8221;default&#8221; global_colors_info=&#8221;{}&#8221;][et_pb_blog posts_number=&#8221;1&#8243; include_categories=&#8221;78&#8243; show_author=&#8221;off&#8221; show_date=&#8221;off&#8221; show_categories=&#8221;off&#8221; show_pagination=&#8221;off&#8221; _builder_version=&#8221;4.27.5&#8243; _module_preset=&#8221;default&#8221; header_font=&#8221;Libre Baskerville||||||||&#8221; header_text_color=&#8221;#FFFFFF&#8221; header_line_height=&#8221;1.5em&#8221; body_text_color=&#8221;#FFFFFF&#8221; custom_padding=&#8221;80px|80px|80px|80px|true|true&#8221; custom_padding_tablet=&#8221;40px|40px|40px|40px|true|true&#8221; custom_padding_phone=&#8221;20px|20px|20px|20px|true|true&#8221; custom_padding_last_edited=&#8221;on|phone&#8221; global_colors_info=&#8221;{}&#8221;][\/et_pb_blog][\/et_pb_column][et_pb_column type=&#8221;1_2&#8243; _builder_version=&#8221;4.27.4&#8243; _module_preset=&#8221;default&#8221; global_colors_info=&#8221;{}&#8221;][et_pb_map address=&#8221;\u03a3\u03ba\u03b1\u03bb\u03ad\u03c4\u03b1 740 52, \u0395\u03bb\u03bb\u03ac\u03b4\u03b1&#8221; zoom_level=&#8221;14&#8243; address_lat=&#8221;35.3886179&#8243; address_lng=&#8221;24.6151998&#8243; _builder_version=&#8221;4.27.5&#8243; _module_preset=&#8221;default&#8221; height=&#8221;700px&#8221; height_tablet=&#8221;700px&#8221; height_phone=&#8221;auto&#8221; height_last_edited=&#8221;on|phone&#8221; custom_margin=&#8221;80px|80px|80px||true|false&#8221; custom_margin_tablet=&#8221;80px|80px|80px||true|false&#8221; custom_margin_phone=&#8221;40px|10px|40px|10px|true|true&#8221; custom_margin_last_edited=&#8221;on|phone&#8221; custom_padding=&#8221;||||false|false&#8221; custom_padding_tablet=&#8221;||||false|false&#8221; custom_padding_phone=&#8221;|20px||20px|false|true&#8221; custom_padding_last_edited=&#8221;on|phone&#8221; filter_saturate=&#8221;16%&#8221; filter_brightness=&#8221;111%&#8221; filter_contrast=&#8221;89%&#8221; module_alignment_tablet=&#8221;&#8221; module_alignment_phone=&#8221;center&#8221; module_alignment_last_edited=&#8221;on|phone&#8221; global_colors_info=&#8221;{}&#8221;][et_pb_map_pin pin_address=&#8221;\u03a3\u03ba\u03b1\u03bb\u03ad\u03c4\u03b1 740 52, \u0395\u03bb\u03bb\u03ac\u03b4\u03b1&#8221; pin_address_lat=&#8221;35.3886179&#8243; pin_address_lng=&#8221;24.6151998&#8243; _builder_version=&#8221;4.27.5&#8243; _module_preset=&#8221;default&#8221; global_colors_info=&#8221;{}&#8221;][\/et_pb_map_pin][\/et_pb_map][\/et_pb_column][\/et_pb_row][\/et_pb_section]<\/p>\n","protected":false},"excerpt":{"rendered":"<div class=\"et_pb_module dmg_masonry_gallery dmg_masonry_gallery_0\">\n\t\t\t\t\n\t\t\t\t\n\t\t\t\t\n\t\t\t\t\n\t\t\t\t\n\t\t\t\t\n\t\t\t\t<div class=\"et_pb_module_inner\">\n\t\t\t\t\t\n\t\t\t<div class=\"dmg-gallery-wrapper\">\n\t\t\t\t\n\t\t\t\t<div class=\"dmg-gallery dmg-modal-gallery \">\n\t\t\t\t\t<div class=\"dmg-gallery-sizer\"><\/div>\n\t\t\t\t\t<div class=\"dmg-gutter-sizer\"><\/div>\n\t\t\t\t\t\n\t\t\t\t\t\t\t<a data-width=\"980\" data-height=\"666\" href=\"https:\/\/keystoneproperties.gr\/wp-content\/uploads\/2026\/01\/sk5-scaled.jpg\"  data-categories=\"\" class=\"dmg_masonry_gallery_item \" >\n\t\t\t\t\t\t\t\t<img class=\"dmg-lazyload\" alt=\"sk5 scaled\" data-src=\"https:\/\/keystoneproperties.gr\/wp-content\/uploads\/2026\/01\/sk5-980x666.jpg\" width=\"980\" height=\"666\" \/>\n\t\t\t\t\t\t\t\t<span class=\"et_overlay\"><\/span>\n\t\t\t\t\t\t\t<\/a>\n\t\t\t\t\t\t\t\n\t\t\t\t\t\t\t<a data-width=\"980\" data-height=\"634\" href=\"https:\/\/keystoneproperties.gr\/wp-content\/uploads\/2026\/01\/sk6-scaled.jpg\"  data-categories=\"\" class=\"dmg_masonry_gallery_item \" >\n\t\t\t\t\t\t\t\t<img class=\"dmg-lazyload\" alt=\"sk6 scaled\" data-src=\"https:\/\/keystoneproperties.gr\/wp-content\/uploads\/2026\/01\/sk6-980x634.jpg\" width=\"980\" height=\"634\" \/>\n\t\t\t\t\t\t\t\t<span class=\"et_overlay\"><\/span>\n\t\t\t\t\t\t\t<\/a>\n\t\t\t\t\t\t\t\n\t\t\t\t\t\t\t<a data-width=\"980\" data-height=\"1401\" href=\"https:\/\/keystoneproperties.gr\/wp-content\/uploads\/2026\/01\/sk7-scaled.jpg\"  data-categories=\"\" class=\"dmg_masonry_gallery_item \" >\n\t\t\t\t\t\t\t\t<img class=\"dmg-lazyload\" alt=\"sk7 scaled\" data-src=\"https:\/\/keystoneproperties.gr\/wp-content\/uploads\/2026\/01\/sk7-980x1401.jpg\" width=\"980\" height=\"1401\" \/>\n\t\t\t\t\t\t\t\t<span class=\"et_overlay\"><\/span>\n\t\t\t\t\t\t\t<\/a>\n\t\t\t\t\t\t\t\n\t\t\t\t\t\t\t<a data-width=\"980\" data-height=\"1510\" href=\"https:\/\/keystoneproperties.gr\/wp-content\/uploads\/2026\/01\/sk8-scaled.jpg\"  data-categories=\"\" class=\"dmg_masonry_gallery_item \" >\n\t\t\t\t\t\t\t\t<img class=\"dmg-lazyload\" alt=\"sk8 scaled\" data-src=\"https:\/\/keystoneproperties.gr\/wp-content\/uploads\/2026\/01\/sk8-980x1510.jpg\" width=\"980\" height=\"1510\" \/>\n\t\t\t\t\t\t\t\t<span class=\"et_overlay\"><\/span>\n\t\t\t\t\t\t\t<\/a>\n\t\t\t\t\t\t\t\n\t\t\t\t\t\t\t<a data-width=\"980\" data-height=\"652\" href=\"https:\/\/keystoneproperties.gr\/wp-content\/uploads\/2026\/01\/sk9-scaled.jpg\"  data-categories=\"\" class=\"dmg_masonry_gallery_item \" >\n\t\t\t\t\t\t\t\t<img class=\"dmg-lazyload\" alt=\"sk9 scaled\" data-src=\"https:\/\/keystoneproperties.gr\/wp-content\/uploads\/2026\/01\/sk9-980x652.jpg\" width=\"980\" height=\"652\" \/>\n\t\t\t\t\t\t\t\t<span class=\"et_overlay\"><\/span>\n\t\t\t\t\t\t\t<\/a>\n\t\t\t\t\t\t\t\n\t\t\t\t\t\t\t<a data-width=\"980\" data-height=\"652\" href=\"https:\/\/keystoneproperties.gr\/wp-content\/uploads\/2026\/01\/sk10-scaled.jpg\"  data-categories=\"\" class=\"dmg_masonry_gallery_item \" >\n\t\t\t\t\t\t\t\t<img class=\"dmg-lazyload\" alt=\"sk10 scaled\" data-src=\"https:\/\/keystoneproperties.gr\/wp-content\/uploads\/2026\/01\/sk10-980x652.jpg\" width=\"980\" height=\"652\" \/>\n\t\t\t\t\t\t\t\t<span class=\"et_overlay\"><\/span>\n\t\t\t\t\t\t\t<\/a>\n\t\t\t\t\t\t\t\n\t\t\t\t\t\t\t<a data-width=\"980\" data-height=\"714\" href=\"https:\/\/keystoneproperties.gr\/wp-content\/uploads\/2026\/01\/sk11-scaled.jpg\"  data-categories=\"\" class=\"dmg_masonry_gallery_item \" >\n\t\t\t\t\t\t\t\t<img class=\"dmg-lazyload\" alt=\"sk11 scaled\" data-src=\"https:\/\/keystoneproperties.gr\/wp-content\/uploads\/2026\/01\/sk11-980x714.jpg\" width=\"980\" height=\"714\" \/>\n\t\t\t\t\t\t\t\t<span class=\"et_overlay\"><\/span>\n\t\t\t\t\t\t\t<\/a>\n\t\t\t\t\t\t\t\n\t\t\t\t\t\t\t<a data-width=\"980\" data-height=\"661\" href=\"https:\/\/keystoneproperties.gr\/wp-content\/uploads\/2026\/01\/sk12-scaled.jpg\"  data-categories=\"\" class=\"dmg_masonry_gallery_item \" >\n\t\t\t\t\t\t\t\t<img class=\"dmg-lazyload\" alt=\"sk12 scaled\" data-src=\"https:\/\/keystoneproperties.gr\/wp-content\/uploads\/2026\/01\/sk12-980x661.jpg\" width=\"980\" height=\"661\" \/>\n\t\t\t\t\t\t\t\t<span class=\"et_overlay\"><\/span>\n\t\t\t\t\t\t\t<\/a>\n\t\t\t\t\t\t\t\n\t\t\t\t\t\t\t<a data-width=\"980\" data-height=\"652\" href=\"https:\/\/keystoneproperties.gr\/wp-content\/uploads\/2026\/01\/sk13-scaled.jpg\"  data-categories=\"\" class=\"dmg_masonry_gallery_item \" >\n\t\t\t\t\t\t\t\t<img class=\"dmg-lazyload\" alt=\"sk13 scaled\" data-src=\"https:\/\/keystoneproperties.gr\/wp-content\/uploads\/2026\/01\/sk13-980x652.jpg\" width=\"980\" height=\"652\" \/>\n\t\t\t\t\t\t\t\t<span class=\"et_overlay\"><\/span>\n\t\t\t\t\t\t\t<\/a>\n\t\t\t\t\t\t\t\n\t\t\t\t\t\t\t<a data-width=\"980\" data-height=\"652\" href=\"https:\/\/keystoneproperties.gr\/wp-content\/uploads\/2026\/01\/sk14-scaled.jpg\"  data-categories=\"\" class=\"dmg_masonry_gallery_item \" >\n\t\t\t\t\t\t\t\t<img class=\"dmg-lazyload\" alt=\"sk14 scaled\" data-src=\"https:\/\/keystoneproperties.gr\/wp-content\/uploads\/2026\/01\/sk14-980x652.jpg\" width=\"980\" height=\"652\" \/>\n\t\t\t\t\t\t\t\t<span class=\"et_overlay\"><\/span>\n\t\t\t\t\t\t\t<\/a>\n\t\t\t\t\t\t\t\n\t\t\t\t\t\t\t<a data-width=\"980\" data-height=\"652\" href=\"https:\/\/keystoneproperties.gr\/wp-content\/uploads\/2026\/01\/sk15-scaled.jpg\"  data-categories=\"\" class=\"dmg_masonry_gallery_item \" >\n\t\t\t\t\t\t\t\t<img class=\"dmg-lazyload\" alt=\"sk15 scaled\" data-src=\"https:\/\/keystoneproperties.gr\/wp-content\/uploads\/2026\/01\/sk15-980x652.jpg\" width=\"980\" height=\"652\" \/>\n\t\t\t\t\t\t\t\t<span class=\"et_overlay\"><\/span>\n\t\t\t\t\t\t\t<\/a>\n\t\t\t\t\t\t\t\n\t\t\t\t\t\t\t<a data-width=\"980\" data-height=\"652\" href=\"https:\/\/keystoneproperties.gr\/wp-content\/uploads\/2026\/01\/sk16-scaled.jpg\"  data-categories=\"\" class=\"dmg_masonry_gallery_item \" >\n\t\t\t\t\t\t\t\t<img class=\"dmg-lazyload\" alt=\"sk16 scaled\" data-src=\"https:\/\/keystoneproperties.gr\/wp-content\/uploads\/2026\/01\/sk16-980x652.jpg\" width=\"980\" height=\"652\" \/>\n\t\t\t\t\t\t\t\t<span class=\"et_overlay\"><\/span>\n\t\t\t\t\t\t\t<\/a>\n\t\t\t\t\t\t\t\n\t\t\t\t\t\t\t<a data-width=\"980\" data-height=\"652\" href=\"https:\/\/keystoneproperties.gr\/wp-content\/uploads\/2026\/01\/sk17-scaled.jpg\"  data-categories=\"\" class=\"dmg_masonry_gallery_item \" >\n\t\t\t\t\t\t\t\t<img class=\"dmg-lazyload\" alt=\"sk17 scaled\" data-src=\"https:\/\/keystoneproperties.gr\/wp-content\/uploads\/2026\/01\/sk17-980x652.jpg\" width=\"980\" height=\"652\" \/>\n\t\t\t\t\t\t\t\t<span class=\"et_overlay\"><\/span>\n\t\t\t\t\t\t\t<\/a>\n\t\t\t\t\t\t\t\n\t\t\t\t\t\t\t<a data-width=\"980\" data-height=\"1347\" href=\"https:\/\/keystoneproperties.gr\/wp-content\/uploads\/2026\/01\/sk18-scaled.jpg\"  data-categories=\"\" class=\"dmg_masonry_gallery_item \" >\n\t\t\t\t\t\t\t\t<img class=\"dmg-lazyload\" alt=\"sk18 scaled\" data-src=\"https:\/\/keystoneproperties.gr\/wp-content\/uploads\/2026\/01\/sk18-980x1347.jpg\" width=\"980\" height=\"1347\" \/>\n\t\t\t\t\t\t\t\t<span class=\"et_overlay\"><\/span>\n\t\t\t\t\t\t\t<\/a>\n\t\t\t\t\t\t\t\n\t\t\t\t\t\t\t<a data-width=\"980\" data-height=\"658\" href=\"https:\/\/keystoneproperties.gr\/wp-content\/uploads\/2026\/01\/sk19-scaled.jpg\"  data-categories=\"\" class=\"dmg_masonry_gallery_item \" >\n\t\t\t\t\t\t\t\t<img class=\"dmg-lazyload\" alt=\"sk19 scaled\" data-src=\"https:\/\/keystoneproperties.gr\/wp-content\/uploads\/2026\/01\/sk19-980x658.jpg\" width=\"980\" height=\"658\" \/>\n\t\t\t\t\t\t\t\t<span class=\"et_overlay\"><\/span>\n\t\t\t\t\t\t\t<\/a>\n\t\t\t\t\t\t\t\n\t\t\t\t\t\t\t<a data-width=\"980\" data-height=\"1406\" href=\"https:\/\/keystoneproperties.gr\/wp-content\/uploads\/2026\/01\/sk20-scaled.jpg\"  data-categories=\"\" class=\"dmg_masonry_gallery_item \" >\n\t\t\t\t\t\t\t\t<img class=\"dmg-lazyload\" alt=\"sk20 scaled\" data-src=\"https:\/\/keystoneproperties.gr\/wp-content\/uploads\/2026\/01\/sk20-980x1406.jpg\" width=\"980\" height=\"1406\" \/>\n\t\t\t\t\t\t\t\t<span class=\"et_overlay\"><\/span>\n\t\t\t\t\t\t\t<\/a>\n\t\t\t\t\t\t\t\n\t\t\t\t\t\t\t<a data-width=\"980\" data-height=\"1426\" href=\"https:\/\/keystoneproperties.gr\/wp-content\/uploads\/2026\/01\/sk22-scaled.jpg\"  data-categories=\"\" class=\"dmg_masonry_gallery_item \" >\n\t\t\t\t\t\t\t\t<img class=\"dmg-lazyload\" alt=\"sk22 scaled\" data-src=\"https:\/\/keystoneproperties.gr\/wp-content\/uploads\/2026\/01\/sk22-980x1426.jpg\" width=\"980\" height=\"1426\" \/>\n\t\t\t\t\t\t\t\t<span class=\"et_overlay\"><\/span>\n\t\t\t\t\t\t\t<\/a>\n\t\t\t\t\t\t\t\n\t\t\t\t\t\t\t<a data-width=\"980\" data-height=\"1488\" href=\"https:\/\/keystoneproperties.gr\/wp-content\/uploads\/2026\/01\/sk23-scaled.jpg\"  data-categories=\"\" class=\"dmg_masonry_gallery_item \" >\n\t\t\t\t\t\t\t\t<img class=\"dmg-lazyload\" alt=\"sk23 scaled\" data-src=\"https:\/\/keystoneproperties.gr\/wp-content\/uploads\/2026\/01\/sk23-980x1488.jpg\" width=\"980\" height=\"1488\" \/>\n\t\t\t\t\t\t\t\t<span class=\"et_overlay\"><\/span>\n\t\t\t\t\t\t\t<\/a>\n\t\t\t\t\t\t\t\n\t\t\t\t\t\t\t<a data-width=\"980\" data-height=\"714\" href=\"https:\/\/keystoneproperties.gr\/wp-content\/uploads\/2026\/01\/sk4-scaled.jpg\"  data-categories=\"\" class=\"dmg_masonry_gallery_item \" >\n\t\t\t\t\t\t\t\t<img class=\"dmg-lazyload\" alt=\"sk4 scaled\" data-src=\"https:\/\/keystoneproperties.gr\/wp-content\/uploads\/2026\/01\/sk4-980x714.jpg\" width=\"980\" height=\"714\" \/>\n\t\t\t\t\t\t\t\t<span class=\"et_overlay\"><\/span>\n\t\t\t\t\t\t\t<\/a>\n\t\t\t\t\t\t\t\n\t\t\t\t\t\t\t<a data-width=\"980\" data-height=\"652\" href=\"https:\/\/keystoneproperties.gr\/wp-content\/uploads\/2026\/01\/sk25-scaled.jpg\"  data-categories=\"\" class=\"dmg_masonry_gallery_item \" >\n\t\t\t\t\t\t\t\t<img class=\"dmg-lazyload\" alt=\"sk25 scaled\" data-src=\"https:\/\/keystoneproperties.gr\/wp-content\/uploads\/2026\/01\/sk25-980x652.jpg\" width=\"980\" height=\"652\" \/>\n\t\t\t\t\t\t\t\t<span class=\"et_overlay\"><\/span>\n\t\t\t\t\t\t\t<\/a>\n\t\t\t\t\t\t\t\n\t\t\t\t\t\t\t<a data-width=\"980\" data-height=\"665\" href=\"https:\/\/keystoneproperties.gr\/wp-content\/uploads\/2026\/01\/sk24-scaled.jpg\"  data-categories=\"\" class=\"dmg_masonry_gallery_item \" >\n\t\t\t\t\t\t\t\t<img class=\"dmg-lazyload\" alt=\"sk24 scaled\" data-src=\"https:\/\/keystoneproperties.gr\/wp-content\/uploads\/2026\/01\/sk24-980x665.jpg\" width=\"980\" height=\"665\" \/>\n\t\t\t\t\t\t\t\t<span class=\"et_overlay\"><\/span>\n\t\t\t\t\t\t\t<\/a>\n\t\t\t\t\t\t\t\n\t\t\t\t\t\t\t<a data-width=\"980\" data-height=\"652\" href=\"https:\/\/keystoneproperties.gr\/wp-content\/uploads\/2026\/01\/sk27-scaled.jpg\"  data-categories=\"\" class=\"dmg_masonry_gallery_item \" >\n\t\t\t\t\t\t\t\t<img class=\"dmg-lazyload\" alt=\"sk27 scaled\" data-src=\"https:\/\/keystoneproperties.gr\/wp-content\/uploads\/2026\/01\/sk27-980x652.jpg\" width=\"980\" height=\"652\" \/>\n\t\t\t\t\t\t\t\t<span class=\"et_overlay\"><\/span>\n\t\t\t\t\t\t\t<\/a>\n\t\t\t\t\t\t\t\n\t\t\t\t\t\t\t<a data-width=\"980\" data-height=\"1688\" href=\"https:\/\/keystoneproperties.gr\/wp-content\/uploads\/2026\/01\/sk28-scaled.jpg\"  data-categories=\"\" class=\"dmg_masonry_gallery_item \" >\n\t\t\t\t\t\t\t\t<img class=\"dmg-lazyload\" alt=\"sk28 scaled\" data-src=\"https:\/\/keystoneproperties.gr\/wp-content\/uploads\/2026\/01\/sk28-980x1688.jpg\" width=\"980\" height=\"1688\" \/>\n\t\t\t\t\t\t\t\t<span class=\"et_overlay\"><\/span>\n\t\t\t\t\t\t\t<\/a>\n\t\t\t\t\t\t\t\n\t\t\t\t\t\t\t<a data-width=\"980\" data-height=\"455\" href=\"https:\/\/keystoneproperties.gr\/wp-content\/uploads\/2026\/01\/sk29-scaled.jpg\"  data-categories=\"\" class=\"dmg_masonry_gallery_item \" >\n\t\t\t\t\t\t\t\t<img class=\"dmg-lazyload\" alt=\"sk29 scaled\" data-src=\"https:\/\/keystoneproperties.gr\/wp-content\/uploads\/2026\/01\/sk29-980x455.jpg\" width=\"980\" height=\"455\" \/>\n\t\t\t\t\t\t\t\t<span class=\"et_overlay\"><\/span>\n\t\t\t\t\t\t\t<\/a>\n\t\t\t\t\t\t\t\n\t  \t\t\t<\/div>\n\t  \t\t\t\n  \t\t\t<\/div>\n  \t\t\t\n\t\t\t\t<\/div>\n\t\t\t<\/div>\n","protected":false},"featured_media":5225,"comment_status":"closed","ping_status":"closed","template":"","meta":{"_acf_changed":false,"_et_pb_use_builder":"on","_et_pb_old_content":"<p data-start=\"196\" data-end=\"552\">Diese raffinierte Maisonette bietet eine seltene Gelegenheit, eine private Residenz auf Kreta zu erwerben, nur wenige Augenblicke vom Sandstrand von Skaleta, Rethymno, entfernt. Die Immobilie wurde so konzipiert, dass sie ein Gleichgewicht zwischen entspanntem mediterranem Leben und gro\u00dfem Investitionspotenzial bietet. Sie befindet sich in idealer Lage in einer gepflegten Wohngegend und bietet Zugang zu erstklassigen Gemeinschaftseinrichtungen.<\/p>\r\n<p data-start=\"554\" data-end=\"1107\">Das Haus verf\u00fcgt \u00fcber 100 m\u00b2 Wohnfl\u00e4che, die sich auf das Erdgeschoss und die erste Etage verteilen, so dass ein nat\u00fcrlicher und funktionaler Fluss zwischen Wohn-, Ess- und Privatbereichen entsteht. Helle Innenr\u00e4ume, gro\u00dfz\u00fcgige \u00d6ffnungen und private Balkone geben den Blick auf das Meer und die umliegende Landschaft frei und verst\u00e4rken das Gef\u00fchl von Licht und Offenheit im ganzen Haus. Ein zus\u00e4tzliches 50 m\u00b2 gro\u00dfes Halbuntergeschoss bietet au\u00dfergew\u00f6hnliche Flexibilit\u00e4t und kann je nach den Vorlieben des Eigent\u00fcmers in einen privaten Fitnessraum, einen Wellnessbereich mit Sauna oder einen praktischen Stauraum umgewandelt werden.<\/p>\r\n<p data-start=\"1109\" data-end=\"1452\">Die architektonischen Merkmale, die von der kretischen Tradition inspiriert sind, wurden sorgf\u00e4ltig mit modernen Elementen kombiniert, so dass die Residenz zeitlos und unaufdringlich wirkt. Die Bewohner haben Zugang zu einem gemeinsamen Swimmingpool und einer Gartenanlage, die eine ruhige Umgebung im Stil eines Resorts bieten und gleichzeitig Privatsph\u00e4re und Exklusivit\u00e4t wahren.<\/p>\r\n<p data-start=\"1454\" data-end=\"1815\">Ganz gleich, ob Sie diese Immobilie als pers\u00f6nlichen Urlaubsort, als ganzj\u00e4hriges Zuhause oder als leistungsstarke Mietinvestition betrachten, sie ist ein \u00fcberzeugendes Angebot. Die N\u00e4he zum Strand, der bequeme Zugang zur Stadt Rethymno und die allgemeine Vielseitigkeit machen es besonders attraktiv f\u00fcr internationale K\u00e4ufer, die sowohl einen attraktiven Lebensstil als auch einen langfristigen Wert suchen.<\/p>\r\n<p data-start=\"1454\" data-end=\"1815\">Ein vornehmes Haus, das Privatsph\u00e4re, Komfort und dauerhafte Attraktivit\u00e4t in einer der begehrtesten Lagen von Kreta bietet.<\/p>","_et_gb_content_width":""},"bathrooms":[299],"bathroom-no":[589],"construction-year":[332],"floor":[],"features":[394,396,347,341,393,364,383,405,359,384,337,381,357,339,349,345,402],"land-size":[430],"property-type":[484],"region":[491],"bedrooms":[321],"subregion":[499],"property-size":[474],"product_brand":[],"product_cat":[227],"product_tag":[237],"class_list":{"0":"post-5221","1":"product","2":"type-product","3":"status-publish","4":"has-post-thumbnail","6":"bathrooms-299","7":"bathroom-no-589","8":"construction-year-332","9":"features-outdoor-dining-area","10":"features-outdoor-kitchen","11":"features-family-friendly","12":"features-garden","13":"features-gated-property","14":"features-bbq","15":"features-pet-friendly","16":"features-investment","17":"features-air-condition","18":"features-storage","19":"features-sea-view","20":"features-furnished","21":"features-parking","22":"features-pool","23":"features-laundry-room","24":"features-central-heating","25":"features-walk-to-the-beach","26":"land-size-430","27":"property-type-haus","28":"region-crete","29":"bedrooms-321","30":"subregion-rethymno","31":"property-size-474","32":"product_cat-kaufen","33":"product_tag-grundsteinhauser","35":"first","36":"instock","37":"shipping-taxable","38":"purchasable","39":"product-type-simple"},"acf":[],"_links":{"self":[{"href":"https:\/\/keystoneproperties.gr\/de\/wp-json\/wp\/v2\/product\/5221","targetHints":{"allow":["GET"]}}],"collection":[{"href":"https:\/\/keystoneproperties.gr\/de\/wp-json\/wp\/v2\/product"}],"about":[{"href":"https:\/\/keystoneproperties.gr\/de\/wp-json\/wp\/v2\/types\/product"}],"replies":[{"embeddable":true,"href":"https:\/\/keystoneproperties.gr\/de\/wp-json\/wp\/v2\/comments?post=5221"}],"wp:featuredmedia":[{"embeddable":true,"href":"https:\/\/keystoneproperties.gr\/de\/wp-json\/wp\/v2\/media\/5225"}],"wp:attachment":[{"href":"https:\/\/keystoneproperties.gr\/de\/wp-json\/wp\/v2\/media?parent=5221"}],"wp:term":[{"taxonomy":"bathrooms","embeddable":true,"href":"https:\/\/keystoneproperties.gr\/de\/wp-json\/wp\/v2\/bathrooms?post=5221"},{"taxonomy":"bathroom-no","embeddable":true,"href":"https:\/\/keystoneproperties.gr\/de\/wp-json\/wp\/v2\/bathroom-no?post=5221"},{"taxonomy":"construction-year","embeddable":true,"href":"https:\/\/keystoneproperties.gr\/de\/wp-json\/wp\/v2\/construction-year?post=5221"},{"taxonomy":"floor","embeddable":true,"href":"https:\/\/keystoneproperties.gr\/de\/wp-json\/wp\/v2\/floor?post=5221"},{"taxonomy":"features","embeddable":true,"href":"https:\/\/keystoneproperties.gr\/de\/wp-json\/wp\/v2\/features?post=5221"},{"taxonomy":"land-size","embeddable":true,"href":"https:\/\/keystoneproperties.gr\/de\/wp-json\/wp\/v2\/land-size?post=5221"},{"taxonomy":"property-type","embeddable":true,"href":"https:\/\/keystoneproperties.gr\/de\/wp-json\/wp\/v2\/property-type?post=5221"},{"taxonomy":"region","embeddable":true,"href":"https:\/\/keystoneproperties.gr\/de\/wp-json\/wp\/v2\/region?post=5221"},{"taxonomy":"bedrooms","embeddable":true,"href":"https:\/\/keystoneproperties.gr\/de\/wp-json\/wp\/v2\/bedrooms?post=5221"},{"taxonomy":"subregion","embeddable":true,"href":"https:\/\/keystoneproperties.gr\/de\/wp-json\/wp\/v2\/subregion?post=5221"},{"taxonomy":"property-size","embeddable":true,"href":"https:\/\/keystoneproperties.gr\/de\/wp-json\/wp\/v2\/property-size?post=5221"},{"taxonomy":"product_brand","embeddable":true,"href":"https:\/\/keystoneproperties.gr\/de\/wp-json\/wp\/v2\/product_brand?post=5221"},{"taxonomy":"product_cat","embeddable":true,"href":"https:\/\/keystoneproperties.gr\/de\/wp-json\/wp\/v2\/product_cat?post=5221"},{"taxonomy":"product_tag","embeddable":true,"href":"https:\/\/keystoneproperties.gr\/de\/wp-json\/wp\/v2\/product_tag?post=5221"}],"curies":[{"name":"wp","href":"https:\/\/api.w.org\/{rel}","templated":true}]}}