{"id":5345,"date":"2026-01-19T12:34:16","date_gmt":"2026-01-19T12:34:16","guid":{"rendered":"https:\/\/keystoneproperties.gr\/product\/anasa\/"},"modified":"2026-01-30T08:43:14","modified_gmt":"2026-01-30T08:43:14","slug":"anasa","status":"publish","type":"product","link":"https:\/\/keystoneproperties.gr\/de\/produkt\/anasa\/","title":{"rendered":"ANASA"},"content":{"rendered":"<p>[et_pb_section fb_built=&#8221;1&#8243; module_id=&#8221;Galerie&#8221; _builder_version=&#8221;4.27.4&#8243; _module_preset=&#8221;default&#8221; background_color=&#8221;#FFFFFF&#8221; custom_padding=&#8221;0px||37px||false|false&#8221; collapsed=&#8221;off&#8221; global_colors_info=&#8221;{}&#8221;][et_pb_row _builder_version=&#8221;4.27.4&#8243; _module_preset=&#8221;default&#8221; width=&#8221;90%&#8221; max_width=&#8221;100%&#8221; custom_padding=&#8221;0px||||false|false&#8221; global_colors_info=&#8221;{}&#8221;][et_pb_column type=&#8221;4_4&#8243; _builder_version=&#8221;4.27.4&#8243; _module_preset=&#8221;default&#8221; global_colors_info=&#8221;{}&#8221;][dmg_masonry_gallery gallery=&#8221;4466,4464,4465,4457,4458,4459,4460,4461,4462,4463,4467,4468,4469,4470,4471,4472,4453,4452,4454,4455,4449,4450,4451&#8243; gutter=&#8221;15&#8243; _builder_version=&#8221;4.27.5&#8243; _module_preset=&#8221;default&#8221; global_colors_info=&#8221;{}&#8221;][\/dmg_masonry_gallery][\/et_pb_column][\/et_pb_row][\/et_pb_section][et_pb_section fb_built=&#8221;1&#8243; _builder_version=&#8221;4.27.4&#8243; _module_preset=&#8221;default&#8221; background_color=&#8221;#182030&#8243; custom_padding=&#8221;0px||0px||true|false&#8221; global_colors_info=&#8221;{}&#8221;][et_pb_row column_structure=&#8221;1_2,1_2&#8243; use_custom_gutter=&#8221;on&#8221; gutter_width=&#8221;1&#8243; make_equal=&#8221;on&#8221; custom_padding_last_edited=&#8221;on|phone&#8221; _builder_version=&#8221;4.27.4&#8243; _module_preset=&#8221;default&#8221; width=&#8221;100%&#8221; max_width=&#8221;100%&#8221; custom_padding=&#8221;0px||0px||false|false&#8221; custom_padding_tablet=&#8221;0px||0px||false|false&#8221; custom_padding_phone=&#8221;0px||0px||true|false&#8221; global_colors_info=&#8221;{}&#8221;][et_pb_column type=&#8221;1_2&#8243; _builder_version=&#8221;4.27.4&#8243; _module_preset=&#8221;default&#8221; global_colors_info=&#8221;{}&#8221;][et_pb_blog posts_number=&#8221;1&#8243; include_categories=&#8221;36,69,191&#8243; show_author=&#8221;off&#8221; show_date=&#8221;off&#8221; show_categories=&#8221;off&#8221; show_pagination=&#8221;off&#8221; _builder_version=&#8221;4.27.5&#8243; _module_preset=&#8221;default&#8221; header_font=&#8221;Libre Baskerville||||||||&#8221; header_text_color=&#8221;#FFFFFF&#8221; header_line_height=&#8221;1.5em&#8221; body_text_color=&#8221;#FFFFFF&#8221; custom_padding=&#8221;80px|80px|80px|80px|true|true&#8221; custom_padding_tablet=&#8221;40px|40px|40px|40px|true|true&#8221; custom_padding_phone=&#8221;20px|20px|20px|20px|true|true&#8221; custom_padding_last_edited=&#8221;on|phone&#8221; global_colors_info=&#8221;{}&#8221;][\/et_pb_blog][\/et_pb_column][et_pb_column type=&#8221;1_2&#8243; _builder_version=&#8221;4.27.4&#8243; _module_preset=&#8221;default&#8221; global_colors_info=&#8221;{}&#8221;][et_pb_map address=&#8221;\u03a0\u03b1\u03c1\u03b1\u03bb\u03af\u03b1 \u03a6\u03cc\u03b4\u03b5\u03bb\u03b5 715 00, \u0395\u03bb\u03bb\u03ac\u03b4\u03b1&#8221; zoom_level=&#8221;14&#8243; address_lat=&#8221;35.4023163&#8243; address_lng=&#8221;24.9549253&#8243; _builder_version=&#8221;4.27.5&#8243; _module_preset=&#8221;default&#8221; height=&#8221;700px&#8221; height_tablet=&#8221;700px&#8221; height_phone=&#8221;auto&#8221; height_last_edited=&#8221;on|phone&#8221; custom_margin=&#8221;80px|80px|80px||true|false&#8221; custom_margin_tablet=&#8221;80px|80px|80px||true|false&#8221; custom_margin_phone=&#8221;40px|10px|40px|10px|true|true&#8221; custom_margin_last_edited=&#8221;on|phone&#8221; custom_padding=&#8221;||||false|false&#8221; custom_padding_tablet=&#8221;||||false|false&#8221; custom_padding_phone=&#8221;|20px||20px|false|true&#8221; custom_padding_last_edited=&#8221;on|phone&#8221; filter_saturate=&#8221;16%&#8221; filter_brightness=&#8221;111%&#8221; filter_contrast=&#8221;89%&#8221; module_alignment_tablet=&#8221;&#8221; module_alignment_phone=&#8221;center&#8221; module_alignment_last_edited=&#8221;on|phone&#8221; global_colors_info=&#8221;{}&#8221;][et_pb_map_pin pin_address=&#8221;\u03a0\u03b1\u03c1\u03b1\u03bb\u03af\u03b1 \u03a6\u03cc\u03b4\u03b5\u03bb\u03b5 715 00, \u0395\u03bb\u03bb\u03ac\u03b4\u03b1&#8221; pin_address_lat=&#8221;35.4023163&#8243; pin_address_lng=&#8221;24.9549253&#8243; _builder_version=&#8221;4.27.5&#8243; _module_preset=&#8221;default&#8221; global_colors_info=&#8221;{}&#8221;][\/et_pb_map_pin][\/et_pb_map][\/et_pb_column][\/et_pb_row][\/et_pb_section]<\/p>\n","protected":false},"excerpt":{"rendered":"<div class=\"et_pb_module dmg_masonry_gallery dmg_masonry_gallery_0\">\n\t\t\t\t\n\t\t\t\t\n\t\t\t\t\n\t\t\t\t\n\t\t\t\t\n\t\t\t\t\n\t\t\t\t<div class=\"et_pb_module_inner\">\n\t\t\t\t\t\n\t\t\t<div class=\"dmg-gallery-wrapper\">\n\t\t\t\t\n\t\t\t\t<div class=\"dmg-gallery dmg-modal-gallery \">\n\t\t\t\t\t<div class=\"dmg-gallery-sizer\"><\/div>\n\t\t\t\t\t<div class=\"dmg-gutter-sizer\"><\/div>\n\t\t\t\t\t\n\t\t\t\t\t\t\t<a data-width=\"980\" data-height=\"735\" href=\"https:\/\/keystoneproperties.gr\/wp-content\/uploads\/2026\/01\/\u03a4\u03c1\u03b1\u03c0\u03b5\u03b6\u03b1\u03c1\u03af\u03b12.jpg\"  data-categories=\"\" class=\"dmg_masonry_gallery_item \" >\n\t\t\t\t\t\t\t\t<img class=\"dmg-lazyload\" alt=\"\u03a4\u03c1\u03b1\u03c0\u03b5\u03b6\u03b1\u03c1\u03af\u03b12\" data-src=\"https:\/\/keystoneproperties.gr\/wp-content\/uploads\/2026\/01\/\u03a4\u03c1\u03b1\u03c0\u03b5\u03b6\u03b1\u03c1\u03af\u03b12-980x735.jpg\" width=\"980\" height=\"735\" \/>\n\t\t\t\t\t\t\t\t<span class=\"et_overlay\"><\/span>\n\t\t\t\t\t\t\t<\/a>\n\t\t\t\t\t\t\t\n\t\t\t\t\t\t\t<a data-width=\"980\" data-height=\"735\" href=\"https:\/\/keystoneproperties.gr\/wp-content\/uploads\/2026\/01\/\u03a3\u03b1\u03bb\u03cc\u03bd\u03b9.jpg\"  data-categories=\"\" class=\"dmg_masonry_gallery_item \" >\n\t\t\t\t\t\t\t\t<img class=\"dmg-lazyload\" alt=\"\u03a3\u03b1\u03bb\u03cc\u03bd\u03b9\" data-src=\"https:\/\/keystoneproperties.gr\/wp-content\/uploads\/2026\/01\/\u03a3\u03b1\u03bb\u03cc\u03bd\u03b9-980x735.jpg\" width=\"980\" height=\"735\" \/>\n\t\t\t\t\t\t\t\t<span class=\"et_overlay\"><\/span>\n\t\t\t\t\t\t\t<\/a>\n\t\t\t\t\t\t\t\n\t\t\t\t\t\t\t<a data-width=\"980\" data-height=\"1307\" href=\"https:\/\/keystoneproperties.gr\/wp-content\/uploads\/2026\/01\/\u03a4\u03c1\u03b1\u03c0\u03b5\u03b6\u03b1\u03c1\u03af\u03b1.jpg\"  data-categories=\"\" class=\"dmg_masonry_gallery_item \" >\n\t\t\t\t\t\t\t\t<img class=\"dmg-lazyload\" alt=\"\u03a4\u03c1\u03b1\u03c0\u03b5\u03b6\u03b1\u03c1\u03af\u03b1\" data-src=\"https:\/\/keystoneproperties.gr\/wp-content\/uploads\/2026\/01\/\u03a4\u03c1\u03b1\u03c0\u03b5\u03b6\u03b1\u03c1\u03af\u03b1-980x1307.jpg\" width=\"980\" height=\"1307\" \/>\n\t\t\t\t\t\t\t\t<span class=\"et_overlay\"><\/span>\n\t\t\t\t\t\t\t<\/a>\n\t\t\t\t\t\t\t\n\t\t\t\t\t\t\t<a data-width=\"980\" data-height=\"735\" href=\"https:\/\/keystoneproperties.gr\/wp-content\/uploads\/2026\/01\/\u03bc\u03c0\u03ac\u03bd\u03b9\u03bf1.jpg\"  data-categories=\"\" class=\"dmg_masonry_gallery_item \" >\n\t\t\t\t\t\t\t\t<img class=\"dmg-lazyload\" alt=\"\u03bc\u03c0\u03ac\u03bd\u03b9\u03bf1\" data-src=\"https:\/\/keystoneproperties.gr\/wp-content\/uploads\/2026\/01\/\u03bc\u03c0\u03ac\u03bd\u03b9\u03bf1-980x735.jpg\" width=\"980\" height=\"735\" \/>\n\t\t\t\t\t\t\t\t<span class=\"et_overlay\"><\/span>\n\t\t\t\t\t\t\t<\/a>\n\t\t\t\t\t\t\t\n\t\t\t\t\t\t\t<a data-width=\"980\" data-height=\"735\" href=\"https:\/\/keystoneproperties.gr\/wp-content\/uploads\/2026\/01\/\u03c5\u03b41.1.jpg\"  data-categories=\"\" class=\"dmg_masonry_gallery_item \" >\n\t\t\t\t\t\t\t\t<img class=\"dmg-lazyload\" alt=\"\u03c5\u03b41.1\" data-src=\"https:\/\/keystoneproperties.gr\/wp-content\/uploads\/2026\/01\/\u03c5\u03b41.1-980x735.jpg\" width=\"980\" height=\"735\" \/>\n\t\t\t\t\t\t\t\t<span class=\"et_overlay\"><\/span>\n\t\t\t\t\t\t\t<\/a>\n\t\t\t\t\t\t\t\n\t\t\t\t\t\t\t<a data-width=\"980\" data-height=\"735\" href=\"https:\/\/keystoneproperties.gr\/wp-content\/uploads\/2026\/01\/\u03c5\u03b41.jpg\"  data-categories=\"\" class=\"dmg_masonry_gallery_item \" >\n\t\t\t\t\t\t\t\t<img class=\"dmg-lazyload\" alt=\"\u03c5\u03b41\" data-src=\"https:\/\/keystoneproperties.gr\/wp-content\/uploads\/2026\/01\/\u03c5\u03b41-980x735.jpg\" width=\"980\" height=\"735\" \/>\n\t\t\t\t\t\t\t\t<span class=\"et_overlay\"><\/span>\n\t\t\t\t\t\t\t<\/a>\n\t\t\t\t\t\t\t\n\t\t\t\t\t\t\t<a data-width=\"980\" data-height=\"735\" href=\"https:\/\/keystoneproperties.gr\/wp-content\/uploads\/2026\/01\/\u03c5\u03b42.1.jpg\"  data-categories=\"\" class=\"dmg_masonry_gallery_item \" >\n\t\t\t\t\t\t\t\t<img class=\"dmg-lazyload\" alt=\"\u03c5\u03b42.1\" data-src=\"https:\/\/keystoneproperties.gr\/wp-content\/uploads\/2026\/01\/\u03c5\u03b42.1-980x735.jpg\" width=\"980\" height=\"735\" \/>\n\t\t\t\t\t\t\t\t<span class=\"et_overlay\"><\/span>\n\t\t\t\t\t\t\t<\/a>\n\t\t\t\t\t\t\t\n\t\t\t\t\t\t\t<a data-width=\"980\" data-height=\"1268\" href=\"https:\/\/keystoneproperties.gr\/wp-content\/uploads\/2026\/01\/\u03c5\u03b42-1.jpg\"  data-categories=\"\" class=\"dmg_masonry_gallery_item \" >\n\t\t\t\t\t\t\t\t<img class=\"dmg-lazyload\" alt=\"\u03c5\u03b42 1\" data-src=\"https:\/\/keystoneproperties.gr\/wp-content\/uploads\/2026\/01\/\u03c5\u03b42-1-980x1268.jpg\" width=\"980\" height=\"1268\" \/>\n\t\t\t\t\t\t\t\t<span class=\"et_overlay\"><\/span>\n\t\t\t\t\t\t\t<\/a>\n\t\t\t\t\t\t\t\n\t\t\t\t\t\t\t<a data-width=\"980\" data-height=\"735\" href=\"https:\/\/keystoneproperties.gr\/wp-content\/uploads\/2026\/01\/\u039a\u03bf\u03c5\u03b6\u03af\u03bd\u03b1.jpg\"  data-categories=\"\" class=\"dmg_masonry_gallery_item \" >\n\t\t\t\t\t\t\t\t<img class=\"dmg-lazyload\" alt=\"\u039a\u03bf\u03c5\u03b6\u03af\u03bd\u03b1\" data-src=\"https:\/\/keystoneproperties.gr\/wp-content\/uploads\/2026\/01\/\u039a\u03bf\u03c5\u03b6\u03af\u03bd\u03b1-980x735.jpg\" width=\"980\" height=\"735\" \/>\n\t\t\t\t\t\t\t\t<span class=\"et_overlay\"><\/span>\n\t\t\t\t\t\t\t<\/a>\n\t\t\t\t\t\t\t\n\t\t\t\t\t\t\t<a data-width=\"980\" data-height=\"735\" href=\"https:\/\/keystoneproperties.gr\/wp-content\/uploads\/2026\/01\/\u039a\u03bf\u03c5\u03b6\u03af\u03bd\u03b12.jpg\"  data-categories=\"\" class=\"dmg_masonry_gallery_item \" >\n\t\t\t\t\t\t\t\t<img class=\"dmg-lazyload\" alt=\"\u039a\u03bf\u03c5\u03b6\u03af\u03bd\u03b12\" data-src=\"https:\/\/keystoneproperties.gr\/wp-content\/uploads\/2026\/01\/\u039a\u03bf\u03c5\u03b6\u03af\u03bd\u03b12-980x735.jpg\" width=\"980\" height=\"735\" \/>\n\t\t\t\t\t\t\t\t<span class=\"et_overlay\"><\/span>\n\t\t\t\t\t\t\t<\/a>\n\t\t\t\t\t\t\t\n\t\t\t\t\t\t\t<a data-width=\"980\" data-height=\"735\" href=\"https:\/\/keystoneproperties.gr\/wp-content\/uploads\/2026\/01\/\u03a7\u03c9\u03bb.jpg\"  data-categories=\"\" class=\"dmg_masonry_gallery_item \" >\n\t\t\t\t\t\t\t\t<img class=\"dmg-lazyload\" alt=\"\u03a7\u03c9\u03bb\" data-src=\"https:\/\/keystoneproperties.gr\/wp-content\/uploads\/2026\/01\/\u03a7\u03c9\u03bb-980x735.jpg\" width=\"980\" height=\"735\" \/>\n\t\t\t\t\t\t\t\t<span class=\"et_overlay\"><\/span>\n\t\t\t\t\t\t\t<\/a>\n\t\t\t\t\t\t\t\n\t\t\t\t\t\t\t<a data-width=\"980\" data-height=\"735\" href=\"https:\/\/keystoneproperties.gr\/wp-content\/uploads\/2026\/01\/E1-07.jpg\"  data-categories=\"\" class=\"dmg_masonry_gallery_item \" >\n\t\t\t\t\t\t\t\t<img class=\"dmg-lazyload\" alt=\"E1 07\" data-src=\"https:\/\/keystoneproperties.gr\/wp-content\/uploads\/2026\/01\/E1-07-980x735.jpg\" width=\"980\" height=\"735\" \/>\n\t\t\t\t\t\t\t\t<span class=\"et_overlay\"><\/span>\n\t\t\t\t\t\t\t<\/a>\n\t\t\t\t\t\t\t\n\t\t\t\t\t\t\t<a data-width=\"980\" data-height=\"735\" href=\"https:\/\/keystoneproperties.gr\/wp-content\/uploads\/2026\/01\/E1-08.jpg\"  data-categories=\"\" class=\"dmg_masonry_gallery_item \" >\n\t\t\t\t\t\t\t\t<img class=\"dmg-lazyload\" alt=\"E1 08\" data-src=\"https:\/\/keystoneproperties.gr\/wp-content\/uploads\/2026\/01\/E1-08-980x735.jpg\" width=\"980\" height=\"735\" \/>\n\t\t\t\t\t\t\t\t<span class=\"et_overlay\"><\/span>\n\t\t\t\t\t\t\t<\/a>\n\t\t\t\t\t\t\t\n\t\t\t\t\t\t\t<a data-width=\"980\" data-height=\"735\" href=\"https:\/\/keystoneproperties.gr\/wp-content\/uploads\/2026\/01\/E1-09.jpg\"  data-categories=\"\" class=\"dmg_masonry_gallery_item \" >\n\t\t\t\t\t\t\t\t<img class=\"dmg-lazyload\" alt=\"E1 09\" data-src=\"https:\/\/keystoneproperties.gr\/wp-content\/uploads\/2026\/01\/E1-09-980x735.jpg\" width=\"980\" height=\"735\" \/>\n\t\t\t\t\t\t\t\t<span class=\"et_overlay\"><\/span>\n\t\t\t\t\t\t\t<\/a>\n\t\t\t\t\t\t\t\n\t\t\t\t\t\t\t<a data-width=\"980\" data-height=\"735\" href=\"https:\/\/keystoneproperties.gr\/wp-content\/uploads\/2026\/01\/E1-10.jpg\"  data-categories=\"\" class=\"dmg_masonry_gallery_item \" >\n\t\t\t\t\t\t\t\t<img class=\"dmg-lazyload\" alt=\"E1 10\" data-src=\"https:\/\/keystoneproperties.gr\/wp-content\/uploads\/2026\/01\/E1-10-980x735.jpg\" width=\"980\" height=\"735\" \/>\n\t\t\t\t\t\t\t\t<span class=\"et_overlay\"><\/span>\n\t\t\t\t\t\t\t<\/a>\n\t\t\t\t\t\t\t\n\t\t\t\t\t\t\t<a data-width=\"980\" data-height=\"735\" href=\"https:\/\/keystoneproperties.gr\/wp-content\/uploads\/2026\/01\/E1-11.jpg\"  data-categories=\"\" class=\"dmg_masonry_gallery_item \" >\n\t\t\t\t\t\t\t\t<img class=\"dmg-lazyload\" alt=\"E1 11\" data-src=\"https:\/\/keystoneproperties.gr\/wp-content\/uploads\/2026\/01\/E1-11-980x735.jpg\" width=\"980\" height=\"735\" \/>\n\t\t\t\t\t\t\t\t<span class=\"et_overlay\"><\/span>\n\t\t\t\t\t\t\t<\/a>\n\t\t\t\t\t\t\t\n\t\t\t\t\t\t\t<a data-width=\"980\" data-height=\"683\" href=\"https:\/\/keystoneproperties.gr\/wp-content\/uploads\/2026\/01\/FODELE_NEW_006-scaled.jpg\"  data-categories=\"\" class=\"dmg_masonry_gallery_item \" >\n\t\t\t\t\t\t\t\t<img class=\"dmg-lazyload\" alt=\"FODELE NEW 006 scaled\" data-src=\"https:\/\/keystoneproperties.gr\/wp-content\/uploads\/2026\/01\/FODELE_NEW_006-980x683.jpg\" width=\"980\" height=\"683\" \/>\n\t\t\t\t\t\t\t\t<span class=\"et_overlay\"><\/span>\n\t\t\t\t\t\t\t<\/a>\n\t\t\t\t\t\t\t\n\t\t\t\t\t\t\t<a data-width=\"980\" data-height=\"683\" href=\"https:\/\/keystoneproperties.gr\/wp-content\/uploads\/2026\/01\/FODELE_NEW_005-scaled.jpg\"  data-categories=\"\" class=\"dmg_masonry_gallery_item \" >\n\t\t\t\t\t\t\t\t<img class=\"dmg-lazyload\" alt=\"FODELE NEW 005 scaled\" data-src=\"https:\/\/keystoneproperties.gr\/wp-content\/uploads\/2026\/01\/FODELE_NEW_005-980x683.jpg\" width=\"980\" height=\"683\" \/>\n\t\t\t\t\t\t\t\t<span class=\"et_overlay\"><\/span>\n\t\t\t\t\t\t\t<\/a>\n\t\t\t\t\t\t\t\n\t\t\t\t\t\t\t<a data-width=\"980\" data-height=\"683\" href=\"https:\/\/keystoneproperties.gr\/wp-content\/uploads\/2026\/01\/FODELE_NEW_007-scaled.jpg\"  data-categories=\"\" class=\"dmg_masonry_gallery_item \" >\n\t\t\t\t\t\t\t\t<img class=\"dmg-lazyload\" alt=\"FODELE NEW 007 scaled\" data-src=\"https:\/\/keystoneproperties.gr\/wp-content\/uploads\/2026\/01\/FODELE_NEW_007-980x683.jpg\" width=\"980\" height=\"683\" \/>\n\t\t\t\t\t\t\t\t<span class=\"et_overlay\"><\/span>\n\t\t\t\t\t\t\t<\/a>\n\t\t\t\t\t\t\t\n\t\t\t\t\t\t\t<a data-width=\"980\" data-height=\"683\" href=\"https:\/\/keystoneproperties.gr\/wp-content\/uploads\/2026\/01\/FODELE_NEW_008-scaled.jpg\"  data-categories=\"\" class=\"dmg_masonry_gallery_item \" >\n\t\t\t\t\t\t\t\t<img class=\"dmg-lazyload\" alt=\"FODELE NEW 008 scaled\" data-src=\"https:\/\/keystoneproperties.gr\/wp-content\/uploads\/2026\/01\/FODELE_NEW_008-980x683.jpg\" width=\"980\" height=\"683\" \/>\n\t\t\t\t\t\t\t\t<span class=\"et_overlay\"><\/span>\n\t\t\t\t\t\t\t<\/a>\n\t\t\t\t\t\t\t\n\t\t\t\t\t\t\t<a data-width=\"980\" data-height=\"683\" href=\"https:\/\/keystoneproperties.gr\/wp-content\/uploads\/2026\/01\/FODELE_NEW_001-scaled.jpg\"  data-categories=\"\" class=\"dmg_masonry_gallery_item \" >\n\t\t\t\t\t\t\t\t<img class=\"dmg-lazyload\" alt=\"FODELE NEW 001 scaled\" data-src=\"https:\/\/keystoneproperties.gr\/wp-content\/uploads\/2026\/01\/FODELE_NEW_001-980x683.jpg\" width=\"980\" height=\"683\" \/>\n\t\t\t\t\t\t\t\t<span class=\"et_overlay\"><\/span>\n\t\t\t\t\t\t\t<\/a>\n\t\t\t\t\t\t\t\n\t\t\t\t\t\t\t<a data-width=\"980\" data-height=\"683\" href=\"https:\/\/keystoneproperties.gr\/wp-content\/uploads\/2026\/01\/FODELE_NEW_002-scaled.jpg\"  data-categories=\"\" class=\"dmg_masonry_gallery_item \" >\n\t\t\t\t\t\t\t\t<img class=\"dmg-lazyload\" alt=\"FODELE NEW 002 scaled\" data-src=\"https:\/\/keystoneproperties.gr\/wp-content\/uploads\/2026\/01\/FODELE_NEW_002-980x683.jpg\" width=\"980\" height=\"683\" \/>\n\t\t\t\t\t\t\t\t<span class=\"et_overlay\"><\/span>\n\t\t\t\t\t\t\t<\/a>\n\t\t\t\t\t\t\t\n\t\t\t\t\t\t\t<a data-width=\"980\" data-height=\"683\" href=\"https:\/\/keystoneproperties.gr\/wp-content\/uploads\/2026\/01\/FODELE_NEW_003-scaled.jpg\"  data-categories=\"\" class=\"dmg_masonry_gallery_item \" >\n\t\t\t\t\t\t\t\t<img class=\"dmg-lazyload\" alt=\"FODELE NEW 003 scaled\" data-src=\"https:\/\/keystoneproperties.gr\/wp-content\/uploads\/2026\/01\/FODELE_NEW_003-980x683.jpg\" width=\"980\" height=\"683\" \/>\n\t\t\t\t\t\t\t\t<span class=\"et_overlay\"><\/span>\n\t\t\t\t\t\t\t<\/a>\n\t\t\t\t\t\t\t\n\t  \t\t\t<\/div>\n\t  \t\t\t\n  \t\t\t<\/div>\n  \t\t\t\n\t\t\t\t<\/div>\n\t\t\t<\/div>\n","protected":false},"featured_media":5351,"comment_status":"closed","ping_status":"closed","template":"","meta":{"_acf_changed":false,"_et_pb_use_builder":"on","_et_pb_old_content":"<p data-start=\"331\" data-end=\"540\">ANASA erhebt sich anmutig zwischen den H\u00fcgeln \u00fcber dem malerischen Dorf Fodele und f\u00e4ngt die Essenz des zeitgen\u00f6ssischen mediterranen Lebens ein, wo architektonische Schlichtheit auf heitere Raffinesse trifft.<\/p>\r\n<p data-start=\"542\" data-end=\"777\">Die Villa ist Teil eines exklusiven Komplexes von vier unabh\u00e4ngigen Residenzen und wurde so konzipiert, dass sie absolute Privatsph\u00e4re, einen ungehinderten Blick auf das Meer und die umliegenden Berge und eine harmonische Verbindung mit der Natur bietet.<\/p>\r\n<p data-start=\"779\" data-end=\"964\">Auf drei Etagen mit einer Gesamtfl\u00e4che von 116 Quadratmetern vereint die Wohnung helle, offene Wohn- und Essbereiche mit drei Schlafzimmern und zwei eleganten Badezimmern.<\/p>\r\n<p data-start=\"966\" data-end=\"1318\">Die \u00c4sthetik des Interieurs wird durch nat\u00fcrliche Materialien, neutrale T\u00f6ne und weiche Texturen bestimmt, die eine Atmosph\u00e4re von Ruhe und raffinierter Eleganz schaffen. Gro\u00dfe \u00d6ffnungen lassen nat\u00fcrliches Licht und die Landschaft in das Haus, w\u00e4hrend jedes Detail - von der Marmortreppe bis hin zu den ma\u00dfgefertigten Holzarbeiten - von einem unerm\u00fcdlichen Engagement f\u00fcr Qualit\u00e4t zeugt.<\/p>\r\n<p data-start=\"1320\" data-end=\"1454\">Im Au\u00dfenbereich bilden der private Pool und die angelegten G\u00e4rten eine ruhige Oase, ideal f\u00fcr Momente der Entspannung unter der kretischen Sonne.<\/p>\r\n<p data-start=\"1456\" data-end=\"1742\">ANASA liegt nur 28 km von Heraklion und nur wenige Minuten vom Strand von Fodele entfernt. Es vereint modernen Komfort, \u00e4sthetische Ausgewogenheit und Investitionspotenzial in einer wahrhaft einzigartigen Residenz - ein zeitgen\u00f6ssischer kretischer R\u00fcckzugsort, inspiriert von der reinen Essenz des Lebens selbst.<\/p>\r\n<p data-start=\"1744\" data-end=\"1964\">Wenn Sie weitere Informationen w\u00fcnschen oder einen Besichtigungstermin vereinbaren m\u00f6chten, z\u00f6gern Sie bitte nicht, uns zu kontaktieren.<br data-start=\"1839\" data-end=\"1842\" \/>Das Team von Keystone Properties freut sich darauf, Sie pers\u00f6nlich bei der Suche nach Ihrer n\u00e4chsten Investition auf Kreta zu begleiten.<\/p>","_et_gb_content_width":""},"bathrooms":[299],"bathroom-no":[589],"construction-year":[],"floor":[],"features":[363,353,369,347,341,393,364,383,398,405,361,359,384,372,337,381,357,376,339,401,345],"land-size":[433],"property-type":[483],"region":[491],"bedrooms":[321],"location":[],"subregion":[501],"property-size":[477],"product_brand":[],"product_cat":[227,229],"product_tag":[230],"class_list":{"0":"post-5345","1":"product","2":"type-product","3":"status-publish","4":"has-post-thumbnail","6":"bathrooms-299","7":"bathroom-no-589","8":"features-alarm","9":"features-walk-in-closet","10":"features-mountain-view","11":"features-family-friendly","12":"features-garden","13":"features-gated-property","14":"features-bbq","15":"features-pet-friendly","16":"features-smart-home","17":"features-investment","18":"features-fireplace","19":"features-air-condition","20":"features-storage","21":"features-scenic-view","22":"features-sea-view","23":"features-furnished","24":"features-parking","25":"features-private-road","26":"features-pool","27":"features-sunset-view","28":"features-central-heating","29":"land-size-433","30":"property-type-villa","31":"region-crete","32":"bedrooms-321","33":"subregion-heraklion","34":"property-size-477","35":"product_cat-kaufen","36":"product_cat-keystone-villen","37":"product_tag-keystone-villen","39":"first","40":"instock","41":"shipping-taxable","42":"purchasable","43":"product-type-simple"},"acf":[],"_links":{"self":[{"href":"https:\/\/keystoneproperties.gr\/de\/wp-json\/wp\/v2\/product\/5345","targetHints":{"allow":["GET"]}}],"collection":[{"href":"https:\/\/keystoneproperties.gr\/de\/wp-json\/wp\/v2\/product"}],"about":[{"href":"https:\/\/keystoneproperties.gr\/de\/wp-json\/wp\/v2\/types\/product"}],"replies":[{"embeddable":true,"href":"https:\/\/keystoneproperties.gr\/de\/wp-json\/wp\/v2\/comments?post=5345"}],"wp:featuredmedia":[{"embeddable":true,"href":"https:\/\/keystoneproperties.gr\/de\/wp-json\/wp\/v2\/media\/5351"}],"wp:attachment":[{"href":"https:\/\/keystoneproperties.gr\/de\/wp-json\/wp\/v2\/media?parent=5345"}],"wp:term":[{"taxonomy":"bathrooms","embeddable":true,"href":"https:\/\/keystoneproperties.gr\/de\/wp-json\/wp\/v2\/bathrooms?post=5345"},{"taxonomy":"bathroom-no","embeddable":true,"href":"https:\/\/keystoneproperties.gr\/de\/wp-json\/wp\/v2\/bathroom-no?post=5345"},{"taxonomy":"construction-year","embeddable":true,"href":"https:\/\/keystoneproperties.gr\/de\/wp-json\/wp\/v2\/construction-year?post=5345"},{"taxonomy":"floor","embeddable":true,"href":"https:\/\/keystoneproperties.gr\/de\/wp-json\/wp\/v2\/floor?post=5345"},{"taxonomy":"features","embeddable":true,"href":"https:\/\/keystoneproperties.gr\/de\/wp-json\/wp\/v2\/features?post=5345"},{"taxonomy":"land-size","embeddable":true,"href":"https:\/\/keystoneproperties.gr\/de\/wp-json\/wp\/v2\/land-size?post=5345"},{"taxonomy":"property-type","embeddable":true,"href":"https:\/\/keystoneproperties.gr\/de\/wp-json\/wp\/v2\/property-type?post=5345"},{"taxonomy":"region","embeddable":true,"href":"https:\/\/keystoneproperties.gr\/de\/wp-json\/wp\/v2\/region?post=5345"},{"taxonomy":"bedrooms","embeddable":true,"href":"https:\/\/keystoneproperties.gr\/de\/wp-json\/wp\/v2\/bedrooms?post=5345"},{"taxonomy":"location","embeddable":true,"href":"https:\/\/keystoneproperties.gr\/de\/wp-json\/wp\/v2\/location?post=5345"},{"taxonomy":"subregion","embeddable":true,"href":"https:\/\/keystoneproperties.gr\/de\/wp-json\/wp\/v2\/subregion?post=5345"},{"taxonomy":"property-size","embeddable":true,"href":"https:\/\/keystoneproperties.gr\/de\/wp-json\/wp\/v2\/property-size?post=5345"},{"taxonomy":"product_brand","embeddable":true,"href":"https:\/\/keystoneproperties.gr\/de\/wp-json\/wp\/v2\/product_brand?post=5345"},{"taxonomy":"product_cat","embeddable":true,"href":"https:\/\/keystoneproperties.gr\/de\/wp-json\/wp\/v2\/product_cat?post=5345"},{"taxonomy":"product_tag","embeddable":true,"href":"https:\/\/keystoneproperties.gr\/de\/wp-json\/wp\/v2\/product_tag?post=5345"}],"curies":[{"name":"wp","href":"https:\/\/api.w.org\/{rel}","templated":true}]}}