{"id":5496,"date":"2026-01-23T10:44:22","date_gmt":"2026-01-23T10:44:22","guid":{"rendered":"https:\/\/keystoneproperties.gr\/product\/das-petrusgut\/"},"modified":"2026-01-30T08:56:07","modified_gmt":"2026-01-30T08:56:07","slug":"das-petrusgut","status":"publish","type":"product","link":"https:\/\/keystoneproperties.gr\/de\/produkt\/das-petrusgut\/","title":{"rendered":"DAS PETRUSGUT"},"content":{"rendered":"<p>[et_pb_section fb_built=&#8221;1&#8243; module_id=&#8221;Galerie&#8221; _builder_version=&#8221;4.27.4&#8243; _module_preset=&#8221;default&#8221; background_color=&#8221;#FFFFFF&#8221; custom_padding=&#8221;0px||37px||false|false&#8221; collapsed=&#8221;off&#8221; global_colors_info=&#8221;{}&#8221;][et_pb_row _builder_version=&#8221;4.27.4&#8243; _module_preset=&#8221;default&#8221; width=&#8221;90%&#8221; max_width=&#8221;100%&#8221; custom_padding=&#8221;0px||||false|false&#8221; global_colors_info=&#8221;{}&#8221;][et_pb_column type=&#8221;4_4&#8243; _builder_version=&#8221;4.27.4&#8243; _module_preset=&#8221;default&#8221; global_colors_info=&#8221;{}&#8221;][dmg_masonry_gallery gallery=&#8221;4658,4659,4656,4657&#8243; gutter=&#8221;15&#8243; _builder_version=&#8221;4.27.5&#8243; _module_preset=&#8221;default&#8221; global_colors_info=&#8221;{}&#8221;][\/dmg_masonry_gallery][\/et_pb_column][\/et_pb_row][\/et_pb_section][et_pb_section fb_built=&#8221;1&#8243; _builder_version=&#8221;4.27.4&#8243; _module_preset=&#8221;default&#8221; background_color=&#8221;#182030&#8243; custom_padding=&#8221;0px||0px||true|false&#8221; global_colors_info=&#8221;{}&#8221;][et_pb_row column_structure=&#8221;1_2,1_2&#8243; use_custom_gutter=&#8221;on&#8221; gutter_width=&#8221;1&#8243; make_equal=&#8221;on&#8221; custom_padding_last_edited=&#8221;on|phone&#8221; _builder_version=&#8221;4.27.4&#8243; _module_preset=&#8221;default&#8221; width=&#8221;100%&#8221; max_width=&#8221;100%&#8221; custom_padding=&#8221;0px||0px||false|false&#8221; custom_padding_tablet=&#8221;0px||0px||false|false&#8221; custom_padding_phone=&#8221;0px||0px||true|false&#8221; global_colors_info=&#8221;{}&#8221;][et_pb_column type=&#8221;1_2&#8243; _builder_version=&#8221;4.27.4&#8243; _module_preset=&#8221;default&#8221; global_colors_info=&#8221;{}&#8221;][et_pb_blog posts_number=&#8221;1&#8243; include_categories=&#8221;223&#8243; show_author=&#8221;off&#8221; show_date=&#8221;off&#8221; show_categories=&#8221;off&#8221; show_pagination=&#8221;off&#8221; _builder_version=&#8221;4.27.5&#8243; _module_preset=&#8221;default&#8221; header_font=&#8221;Libre Baskerville||||||||&#8221; header_text_color=&#8221;#FFFFFF&#8221; header_line_height=&#8221;1.5em&#8221; body_text_color=&#8221;#FFFFFF&#8221; custom_padding=&#8221;80px|80px|80px|80px|true|true&#8221; custom_padding_tablet=&#8221;40px|40px|40px|40px|true|true&#8221; custom_padding_phone=&#8221;20px|20px|20px|20px|true|true&#8221; custom_padding_last_edited=&#8221;on|phone&#8221; global_colors_info=&#8221;{}&#8221;][\/et_pb_blog][\/et_pb_column][et_pb_column type=&#8221;1_2&#8243; _builder_version=&#8221;4.27.4&#8243; _module_preset=&#8221;default&#8221; global_colors_info=&#8221;{}&#8221;][et_pb_map address=&#8221;\u0395\u03c0\u03c4\u03ac\u03bb\u03bf\u03c6\u03bf\u03c2 330 57, \u0395\u03bb\u03bb\u03ac\u03b4\u03b1&#8221; zoom_level=&#8221;14&#8243; address_lat=&#8221;38.5957897&#8243; address_lng=&#8221;22.4944556&#8243; _builder_version=&#8221;4.27.5&#8243; _module_preset=&#8221;default&#8221; height=&#8221;700px&#8221; height_tablet=&#8221;700px&#8221; height_phone=&#8221;auto&#8221; height_last_edited=&#8221;on|phone&#8221; custom_margin=&#8221;80px|80px|80px||true|false&#8221; custom_margin_tablet=&#8221;80px|80px|80px||true|false&#8221; custom_margin_phone=&#8221;40px|10px|40px|10px|true|true&#8221; custom_margin_last_edited=&#8221;on|phone&#8221; custom_padding=&#8221;||||false|false&#8221; custom_padding_tablet=&#8221;||||false|false&#8221; custom_padding_phone=&#8221;|20px||20px|false|true&#8221; custom_padding_last_edited=&#8221;on|phone&#8221; filter_saturate=&#8221;16%&#8221; filter_brightness=&#8221;111%&#8221; filter_contrast=&#8221;89%&#8221; module_alignment_tablet=&#8221;&#8221; module_alignment_phone=&#8221;center&#8221; module_alignment_last_edited=&#8221;on|phone&#8221; global_colors_info=&#8221;{}&#8221;][et_pb_map_pin pin_address=&#8221;\u0395\u03c0\u03c4\u03ac\u03bb\u03bf\u03c6\u03bf\u03c2 330 57, \u0395\u03bb\u03bb\u03ac\u03b4\u03b1&#8221; pin_address_lat=&#8221;38.5957897&#8243; pin_address_lng=&#8221;22.4944556&#8243; _builder_version=&#8221;4.27.5&#8243; _module_preset=&#8221;default&#8221; global_colors_info=&#8221;{}&#8221;][\/et_pb_map_pin][\/et_pb_map][\/et_pb_column][\/et_pb_row][\/et_pb_section]<\/p>\n","protected":false},"excerpt":{"rendered":"<div class=\"et_pb_module dmg_masonry_gallery dmg_masonry_gallery_0\">\n\t\t\t\t\n\t\t\t\t\n\t\t\t\t\n\t\t\t\t\n\t\t\t\t\n\t\t\t\t\n\t\t\t\t<div class=\"et_pb_module_inner\">\n\t\t\t\t\t\n\t\t\t<div class=\"dmg-gallery-wrapper\">\n\t\t\t\t\n\t\t\t\t<div class=\"dmg-gallery dmg-modal-gallery \">\n\t\t\t\t\t<div class=\"dmg-gallery-sizer\"><\/div>\n\t\t\t\t\t<div class=\"dmg-gutter-sizer\"><\/div>\n\t\t\t\t\t\n\t\t\t\t\t\t\t<a data-width=\"980\" data-height=\"653\" href=\"https:\/\/keystoneproperties.gr\/wp-content\/uploads\/2026\/01\/ChatGPT-Image-23-\u0399\u03b1\u03bd-2026-12_51_56-\u03bc\u03bc.jpg\"  data-categories=\"\" class=\"dmg_masonry_gallery_item \" >\n\t\t\t\t\t\t\t\t<img class=\"dmg-lazyload\" alt=\"ChatGPT Image 23 \u0399\u03b1\u03bd 2026, 12 51 56 \u03bc\u03bc\" data-src=\"https:\/\/keystoneproperties.gr\/wp-content\/uploads\/2026\/01\/ChatGPT-Image-23-\u0399\u03b1\u03bd-2026-12_51_56-\u03bc\u03bc-980x653.jpg\" width=\"980\" height=\"653\" \/>\n\t\t\t\t\t\t\t\t<span class=\"et_overlay\"><\/span>\n\t\t\t\t\t\t\t<\/a>\n\t\t\t\t\t\t\t\n\t\t\t\t\t\t\t<a data-width=\"980\" data-height=\"653\" href=\"https:\/\/keystoneproperties.gr\/wp-content\/uploads\/2026\/01\/ChatGPT-Image-23-\u0399\u03b1\u03bd-2026-12_52_04-\u03bc\u03bc.jpg\"  data-categories=\"\" class=\"dmg_masonry_gallery_item \" >\n\t\t\t\t\t\t\t\t<img class=\"dmg-lazyload\" alt=\"ChatGPT Image 23 \u0399\u03b1\u03bd 2026, 12 52 04 \u03bc\u03bc\" data-src=\"https:\/\/keystoneproperties.gr\/wp-content\/uploads\/2026\/01\/ChatGPT-Image-23-\u0399\u03b1\u03bd-2026-12_52_04-\u03bc\u03bc-980x653.jpg\" width=\"980\" height=\"653\" \/>\n\t\t\t\t\t\t\t\t<span class=\"et_overlay\"><\/span>\n\t\t\t\t\t\t\t<\/a>\n\t\t\t\t\t\t\t\n\t\t\t\t\t\t\t<a data-width=\"761\" data-height=\"1141\" href=\"https:\/\/keystoneproperties.gr\/wp-content\/uploads\/2026\/01\/ChatGPT-Image-23-\u0399\u03b1\u03bd-2026-12_51_34-\u03bc\u03bc.jpg\"  data-categories=\"\" class=\"dmg_masonry_gallery_item \" >\n\t\t\t\t\t\t\t\t<img class=\"dmg-lazyload\" alt=\"ChatGPT Image 23 \u0399\u03b1\u03bd 2026, 12 51 34 \u03bc\u03bc\" data-src=\"https:\/\/keystoneproperties.gr\/wp-content\/uploads\/2026\/01\/ChatGPT-Image-23-\u0399\u03b1\u03bd-2026-12_51_34-\u03bc\u03bc.jpg\" width=\"761\" height=\"1141\" \/>\n\t\t\t\t\t\t\t\t<span class=\"et_overlay\"><\/span>\n\t\t\t\t\t\t\t<\/a>\n\t\t\t\t\t\t\t\n\t\t\t\t\t\t\t<a data-width=\"817\" data-height=\"1225\" href=\"https:\/\/keystoneproperties.gr\/wp-content\/uploads\/2026\/01\/ChatGPT-Image-23-\u0399\u03b1\u03bd-2026-12_51_41-\u03bc\u03bc.jpg\"  data-categories=\"\" class=\"dmg_masonry_gallery_item \" >\n\t\t\t\t\t\t\t\t<img class=\"dmg-lazyload\" alt=\"ChatGPT Image 23 \u0399\u03b1\u03bd 2026, 12 51 41 \u03bc\u03bc\" data-src=\"https:\/\/keystoneproperties.gr\/wp-content\/uploads\/2026\/01\/ChatGPT-Image-23-\u0399\u03b1\u03bd-2026-12_51_41-\u03bc\u03bc.jpg\" width=\"817\" height=\"1225\" \/>\n\t\t\t\t\t\t\t\t<span class=\"et_overlay\"><\/span>\n\t\t\t\t\t\t\t<\/a>\n\t\t\t\t\t\t\t\n\t  \t\t\t<\/div>\n\t  \t\t\t\n  \t\t\t<\/div>\n  \t\t\t\n\t\t\t\t<\/div>\n\t\t\t<\/div>\n","protected":false},"featured_media":5499,"comment_status":"closed","ping_status":"closed","template":"","meta":{"_acf_changed":false,"_et_pb_use_builder":"on","_et_pb_old_content":"<p data-start=\"260\" data-end=\"641\">Inmitten der unber\u00fchrten Berglandschaft von Parnassos gelegen, ist das Petrus Estate ein seltenes alpines Anwesen, das Privatsph\u00e4re, Gr\u00f6\u00dfe und zeitlose Eleganz bietet. Das Anwesen befindet sich auf einem 43.000 m\u00b2 gro\u00dfen Privatgrundst\u00fcck und besteht aus f\u00fcnf v\u00f6llig unabh\u00e4ngigen, aus Stein gebauten Chalets, von denen jedes seine eigene Abgeschiedenheit genie\u00dft und dennoch Teil eines zusammenh\u00e4ngenden Privatanwesens ist.<\/p>\r\n<p data-start=\"643\" data-end=\"1139\">Jedes einzelne Chalet wurde sorgf\u00e4ltig entworfen, um die authentische Bergarchitektur widerzuspiegeln und gleichzeitig modernen Komfort und Raffinesse zu bieten. Jedes Haus verf\u00fcgt \u00fcber vier Schlafzimmer, drei B\u00e4der, eine private Sauna, eine voll ausgestattete K\u00fcche, mehrere Kamine und gro\u00dfz\u00fcgige Wohnr\u00e4ume, die sich auf nat\u00fcrliche Weise zur umliegenden Landschaft \u00f6ffnen. Natursteinfassaden, warme Holzelemente und gro\u00dfe \u00d6ffnungen schaffen in jeder Villa eine Atmosph\u00e4re von unaufdringlichem Luxus und Ruhe.<\/p>\r\n<p data-start=\"1141\" data-end=\"1372\">Das Anwesen liegt in unmittelbarer N\u00e4he zum Parnassos Ski Center und bietet das ganze Jahr \u00fcber ein attraktives Angebot f\u00fcr das Leben in den Bergen und saisonale R\u00fcckzugsorte. Die nat\u00fcrliche Umgebung bietet eine seltene Balance zwischen Zug\u00e4nglichkeit und vollst\u00e4ndiger Privatsph\u00e4re.<\/p>\r\n<p data-start=\"1374\" data-end=\"1568\">Zu den geplanten Erweiterungen des Anwesens geh\u00f6ren die Fertigstellung eines beheizten Innenpools und einer privaten Kapelle, die das Anwesen zu einem eigenst\u00e4ndigen Reiseziel in den Bergen machen werden.<\/p>\r\n<p data-start=\"1570\" data-end=\"1844\">Ob als privates Familienanwesen, als kuratiertes Hospitality-Konzept oder als langfristiges Lifestyle-Investment - The Petrus Estate stellt eine hervorragende Gelegenheit dar, ein voll erschlossenes alpines Anwesen in einer der bekanntesten Bergregionen Griechenlands zu erwerben.<\/p>","_et_gb_content_width":""},"bathrooms":[313],"bathroom-no":[596],"construction-year":[],"floor":[],"features":[390,394,369,347,341,393,364,383,405,361,359,384,372,381,357,345],"land-size":[437],"property-type":[486],"region":[497],"bedrooms":[327],"location":[],"subregion":[507],"property-size":[481],"product_brand":[],"product_cat":[227],"product_tag":[242],"class_list":{"0":"post-5496","1":"product","2":"type-product","3":"status-publish","4":"has-post-thumbnail","6":"bathrooms-313","7":"bathroom-no-596","8":"features-outdoor-activities","9":"features-outdoor-dining-area","10":"features-mountain-view","11":"features-family-friendly","12":"features-garden","13":"features-gated-property","14":"features-bbq","15":"features-pet-friendly","16":"features-investment","17":"features-fireplace","18":"features-air-condition","19":"features-storage","20":"features-scenic-view","21":"features-furnished","22":"features-parking","23":"features-central-heating","24":"land-size-437","25":"property-type-komplex","26":"region-central-greece","27":"bedrooms-327","28":"subregion-fokida","29":"property-size-481","30":"product_cat-kaufen","31":"product_tag-grundpfeiler-komplex","33":"first","34":"instock","35":"shipping-taxable","36":"purchasable","37":"product-type-simple"},"acf":[],"_links":{"self":[{"href":"https:\/\/keystoneproperties.gr\/de\/wp-json\/wp\/v2\/product\/5496","targetHints":{"allow":["GET"]}}],"collection":[{"href":"https:\/\/keystoneproperties.gr\/de\/wp-json\/wp\/v2\/product"}],"about":[{"href":"https:\/\/keystoneproperties.gr\/de\/wp-json\/wp\/v2\/types\/product"}],"replies":[{"embeddable":true,"href":"https:\/\/keystoneproperties.gr\/de\/wp-json\/wp\/v2\/comments?post=5496"}],"wp:featuredmedia":[{"embeddable":true,"href":"https:\/\/keystoneproperties.gr\/de\/wp-json\/wp\/v2\/media\/5499"}],"wp:attachment":[{"href":"https:\/\/keystoneproperties.gr\/de\/wp-json\/wp\/v2\/media?parent=5496"}],"wp:term":[{"taxonomy":"bathrooms","embeddable":true,"href":"https:\/\/keystoneproperties.gr\/de\/wp-json\/wp\/v2\/bathrooms?post=5496"},{"taxonomy":"bathroom-no","embeddable":true,"href":"https:\/\/keystoneproperties.gr\/de\/wp-json\/wp\/v2\/bathroom-no?post=5496"},{"taxonomy":"construction-year","embeddable":true,"href":"https:\/\/keystoneproperties.gr\/de\/wp-json\/wp\/v2\/construction-year?post=5496"},{"taxonomy":"floor","embeddable":true,"href":"https:\/\/keystoneproperties.gr\/de\/wp-json\/wp\/v2\/floor?post=5496"},{"taxonomy":"features","embeddable":true,"href":"https:\/\/keystoneproperties.gr\/de\/wp-json\/wp\/v2\/features?post=5496"},{"taxonomy":"land-size","embeddable":true,"href":"https:\/\/keystoneproperties.gr\/de\/wp-json\/wp\/v2\/land-size?post=5496"},{"taxonomy":"property-type","embeddable":true,"href":"https:\/\/keystoneproperties.gr\/de\/wp-json\/wp\/v2\/property-type?post=5496"},{"taxonomy":"region","embeddable":true,"href":"https:\/\/keystoneproperties.gr\/de\/wp-json\/wp\/v2\/region?post=5496"},{"taxonomy":"bedrooms","embeddable":true,"href":"https:\/\/keystoneproperties.gr\/de\/wp-json\/wp\/v2\/bedrooms?post=5496"},{"taxonomy":"location","embeddable":true,"href":"https:\/\/keystoneproperties.gr\/de\/wp-json\/wp\/v2\/location?post=5496"},{"taxonomy":"subregion","embeddable":true,"href":"https:\/\/keystoneproperties.gr\/de\/wp-json\/wp\/v2\/subregion?post=5496"},{"taxonomy":"property-size","embeddable":true,"href":"https:\/\/keystoneproperties.gr\/de\/wp-json\/wp\/v2\/property-size?post=5496"},{"taxonomy":"product_brand","embeddable":true,"href":"https:\/\/keystoneproperties.gr\/de\/wp-json\/wp\/v2\/product_brand?post=5496"},{"taxonomy":"product_cat","embeddable":true,"href":"https:\/\/keystoneproperties.gr\/de\/wp-json\/wp\/v2\/product_cat?post=5496"},{"taxonomy":"product_tag","embeddable":true,"href":"https:\/\/keystoneproperties.gr\/de\/wp-json\/wp\/v2\/product_tag?post=5496"}],"curies":[{"name":"wp","href":"https:\/\/api.w.org\/{rel}","templated":true}]}}