{"id":6168,"date":"2026-04-01T08:11:19","date_gmt":"2026-04-01T08:11:19","guid":{"rendered":"https:\/\/keystoneproperties.gr\/product\/residenz-agora\/"},"modified":"2026-04-15T17:02:45","modified_gmt":"2026-04-15T17:02:45","slug":"residenz-agora","status":"publish","type":"product","link":"https:\/\/keystoneproperties.gr\/de\/produkt\/residenz-agora\/","title":{"rendered":"RESIDENZ AGORA"},"content":{"rendered":"<p>[et_pb_section fb_built=&#8221;1&#8243; module_id=&#8221;Galerie&#8221; _builder_version=&#8221;4.27.4&#8243; _module_preset=&#8221;default&#8221; background_color=&#8221;#FFFFFF&#8221; custom_padding=&#8221;0px||37px||false|false&#8221; collapsed=&#8221;off&#8221; global_colors_info=&#8221;{}&#8221;][et_pb_row _builder_version=&#8221;4.27.4&#8243; _module_preset=&#8221;default&#8221; width=&#8221;90%&#8221; max_width=&#8221;100%&#8221; custom_padding=&#8221;0px||||false|false&#8221; global_colors_info=&#8221;{}&#8221;][et_pb_column type=&#8221;4_4&#8243; _builder_version=&#8221;4.27.4&#8243; _module_preset=&#8221;default&#8221; global_colors_info=&#8221;{}&#8221;][dmg_masonry_gallery gallery=&#8221;6129,6130,6131,6132,6133,6134,6135,6136,6137,6138,6139,6140&#8243; gutter=&#8221;15&#8243; _builder_version=&#8221;4.27.5&#8243; _module_preset=&#8221;default&#8221; global_colors_info=&#8221;{}&#8221;][\/dmg_masonry_gallery][\/et_pb_column][\/et_pb_row][\/et_pb_section][et_pb_section fb_built=&#8221;1&#8243; _builder_version=&#8221;4.27.4&#8243; _module_preset=&#8221;default&#8221; background_color=&#8221;#182030&#8243; custom_padding=&#8221;0px||0px||true|false&#8221; global_colors_info=&#8221;{}&#8221;][et_pb_row column_structure=&#8221;1_2,1_2&#8243; use_custom_gutter=&#8221;on&#8221; gutter_width=&#8221;1&#8243; make_equal=&#8221;on&#8221; custom_padding_last_edited=&#8221;on|phone&#8221; _builder_version=&#8221;4.27.4&#8243; _module_preset=&#8221;default&#8221; width=&#8221;100%&#8221; max_width=&#8221;100%&#8221; custom_padding=&#8221;0px||0px||false|false&#8221; custom_padding_tablet=&#8221;0px||0px||false|false&#8221; custom_padding_phone=&#8221;0px||0px||true|false&#8221; global_colors_info=&#8221;{}&#8221;][et_pb_column type=&#8221;1_2&#8243; _builder_version=&#8221;4.27.4&#8243; _module_preset=&#8221;default&#8221; global_colors_info=&#8221;{}&#8221;][et_pb_blog posts_number=&#8221;1&#8243; include_categories=&#8221;202,203&#8243; show_author=&#8221;off&#8221; show_date=&#8221;off&#8221; show_categories=&#8221;off&#8221; show_pagination=&#8221;off&#8221; _builder_version=&#8221;4.27.5&#8243; _module_preset=&#8221;default&#8221; header_font=&#8221;Libre Baskerville||||||||&#8221; header_text_color=&#8221;#FFFFFF&#8221; header_line_height=&#8221;1.5em&#8221; body_text_color=&#8221;#FFFFFF&#8221; custom_padding=&#8221;80px|80px|80px|80px|true|true&#8221; custom_padding_tablet=&#8221;40px|40px|40px|40px|true|true&#8221; custom_padding_phone=&#8221;20px|20px|20px|20px|true|true&#8221; custom_padding_last_edited=&#8221;on|phone&#8221; global_colors_info=&#8221;{}&#8221;][\/et_pb_blog][\/et_pb_column][et_pb_column type=&#8221;1_2&#8243; _builder_version=&#8221;4.27.4&#8243; _module_preset=&#8221;default&#8221; global_colors_info=&#8221;{}&#8221;][et_pb_map address=&#8221;\u03a0\u03ac\u03c6\u03bf\u03c2, \u039a\u03cd\u03c0\u03c1\u03bf\u03c2&#8221; zoom_level=&#8221;14&#8243; address_lat=&#8221;34.7753949&#8243; address_lng=&#8221;32.4217786&#8243; _builder_version=&#8221;4.27.5&#8243; _module_preset=&#8221;default&#8221; height=&#8221;700px&#8221; height_tablet=&#8221;700px&#8221; height_phone=&#8221;auto&#8221; height_last_edited=&#8221;on|phone&#8221; custom_margin=&#8221;80px|80px|80px||true|false&#8221; custom_margin_tablet=&#8221;80px|80px|80px||true|false&#8221; custom_margin_phone=&#8221;40px|10px|40px|10px|true|true&#8221; custom_margin_last_edited=&#8221;on|phone&#8221; custom_padding=&#8221;||||false|false&#8221; custom_padding_tablet=&#8221;||||false|false&#8221; custom_padding_phone=&#8221;|20px||20px|false|true&#8221; custom_padding_last_edited=&#8221;on|phone&#8221; filter_saturate=&#8221;16%&#8221; filter_brightness=&#8221;111%&#8221; filter_contrast=&#8221;89%&#8221; module_alignment_tablet=&#8221;&#8221; module_alignment_phone=&#8221;center&#8221; module_alignment_last_edited=&#8221;on|phone&#8221; global_colors_info=&#8221;{}&#8221;][et_pb_map_pin pin_address=&#8221;\u03a0\u03ac\u03c6\u03bf\u03c2, \u039a\u03cd\u03c0\u03c1\u03bf\u03c2&#8221; pin_address_lat=&#8221;34.7753949&#8243; pin_address_lng=&#8221;32.4217786&#8243; _builder_version=&#8221;4.27.5&#8243; _module_preset=&#8221;default&#8221; global_colors_info=&#8221;{}&#8221;][\/et_pb_map_pin][\/et_pb_map][\/et_pb_column][\/et_pb_row][\/et_pb_section]<\/p>\n","protected":false},"excerpt":{"rendered":"<div class=\"et_pb_module dmg_masonry_gallery dmg_masonry_gallery_0\">\n\t\t\t\t\n\t\t\t\t\n\t\t\t\t\n\t\t\t\t\n\t\t\t\t\n\t\t\t\t\n\t\t\t\t<div class=\"et_pb_module_inner\">\n\t\t\t\t\t\n\t\t\t<div class=\"dmg-gallery-wrapper\">\n\t\t\t\t\n\t\t\t\t<div class=\"dmg-gallery dmg-modal-gallery \">\n\t\t\t\t\t<div class=\"dmg-gallery-sizer\"><\/div>\n\t\t\t\t\t<div class=\"dmg-gutter-sizer\"><\/div>\n\t\t\t\t\t\n\t\t\t\t\t\t\t<a data-width=\"724\" data-height=\"1024\" href=\"https:\/\/keystoneproperties.gr\/wp-content\/uploads\/2026\/04\/PIC_IC3_EXT-3.jpg\"  data-categories=\"\" class=\"dmg_masonry_gallery_item \" >\n\t\t\t\t\t\t\t\t<img class=\"dmg-lazyload\" alt=\"PIC IC3 EXT (3)\" data-src=\"https:\/\/keystoneproperties.gr\/wp-content\/uploads\/2026\/04\/PIC_IC3_EXT-3.jpg\" width=\"724\" height=\"1024\" \/>\n\t\t\t\t\t\t\t\t<span class=\"et_overlay\"><\/span>\n\t\t\t\t\t\t\t<\/a>\n\t\t\t\t\t\t\t\n\t\t\t\t\t\t\t<a data-width=\"724\" data-height=\"1024\" href=\"https:\/\/keystoneproperties.gr\/wp-content\/uploads\/2026\/04\/PIC_IC3_EXT-4.jpg\"  data-categories=\"\" class=\"dmg_masonry_gallery_item \" >\n\t\t\t\t\t\t\t\t<img class=\"dmg-lazyload\" alt=\"PIC IC3 EXT (4)\" data-src=\"https:\/\/keystoneproperties.gr\/wp-content\/uploads\/2026\/04\/PIC_IC3_EXT-4.jpg\" width=\"724\" height=\"1024\" \/>\n\t\t\t\t\t\t\t\t<span class=\"et_overlay\"><\/span>\n\t\t\t\t\t\t\t<\/a>\n\t\t\t\t\t\t\t\n\t\t\t\t\t\t\t<a data-width=\"724\" data-height=\"1024\" href=\"https:\/\/keystoneproperties.gr\/wp-content\/uploads\/2026\/04\/PIC_IC3_EXT-5.jpg\"  data-categories=\"\" class=\"dmg_masonry_gallery_item \" >\n\t\t\t\t\t\t\t\t<img class=\"dmg-lazyload\" alt=\"PIC IC3 EXT (5)\" data-src=\"https:\/\/keystoneproperties.gr\/wp-content\/uploads\/2026\/04\/PIC_IC3_EXT-5.jpg\" width=\"724\" height=\"1024\" \/>\n\t\t\t\t\t\t\t\t<span class=\"et_overlay\"><\/span>\n\t\t\t\t\t\t\t<\/a>\n\t\t\t\t\t\t\t\n\t\t\t\t\t\t\t<a data-width=\"724\" data-height=\"1024\" href=\"https:\/\/keystoneproperties.gr\/wp-content\/uploads\/2026\/04\/PIC_IC3_EXT-6.jpg\"  data-categories=\"\" class=\"dmg_masonry_gallery_item \" >\n\t\t\t\t\t\t\t\t<img class=\"dmg-lazyload\" alt=\"PIC IC3 EXT (6)\" data-src=\"https:\/\/keystoneproperties.gr\/wp-content\/uploads\/2026\/04\/PIC_IC3_EXT-6.jpg\" width=\"724\" height=\"1024\" \/>\n\t\t\t\t\t\t\t\t<span class=\"et_overlay\"><\/span>\n\t\t\t\t\t\t\t<\/a>\n\t\t\t\t\t\t\t\n\t\t\t\t\t\t\t<a data-width=\"724\" data-height=\"1024\" href=\"https:\/\/keystoneproperties.gr\/wp-content\/uploads\/2026\/04\/PIC_IC3_EXT-7.jpg\"  data-categories=\"\" class=\"dmg_masonry_gallery_item \" >\n\t\t\t\t\t\t\t\t<img class=\"dmg-lazyload\" alt=\"PIC IC3 EXT (7)\" data-src=\"https:\/\/keystoneproperties.gr\/wp-content\/uploads\/2026\/04\/PIC_IC3_EXT-7.jpg\" width=\"724\" height=\"1024\" \/>\n\t\t\t\t\t\t\t\t<span class=\"et_overlay\"><\/span>\n\t\t\t\t\t\t\t<\/a>\n\t\t\t\t\t\t\t\n\t\t\t\t\t\t\t<a data-width=\"980\" data-height=\"579\" href=\"https:\/\/keystoneproperties.gr\/wp-content\/uploads\/2026\/04\/PIC_IC3_INT-1.jpg\"  data-categories=\"\" class=\"dmg_masonry_gallery_item \" >\n\t\t\t\t\t\t\t\t<img class=\"dmg-lazyload\" alt=\"PIC IC3 INT (1)\" data-src=\"https:\/\/keystoneproperties.gr\/wp-content\/uploads\/2026\/04\/PIC_IC3_INT-1-980x579.jpg\" width=\"980\" height=\"579\" \/>\n\t\t\t\t\t\t\t\t<span class=\"et_overlay\"><\/span>\n\t\t\t\t\t\t\t<\/a>\n\t\t\t\t\t\t\t\n\t\t\t\t\t\t\t<a data-width=\"980\" data-height=\"579\" href=\"https:\/\/keystoneproperties.gr\/wp-content\/uploads\/2026\/04\/PIC_IC3_INT-2.jpg\"  data-categories=\"\" class=\"dmg_masonry_gallery_item \" >\n\t\t\t\t\t\t\t\t<img class=\"dmg-lazyload\" alt=\"PIC IC3 INT (2)\" data-src=\"https:\/\/keystoneproperties.gr\/wp-content\/uploads\/2026\/04\/PIC_IC3_INT-2-980x579.jpg\" width=\"980\" height=\"579\" \/>\n\t\t\t\t\t\t\t\t<span class=\"et_overlay\"><\/span>\n\t\t\t\t\t\t\t<\/a>\n\t\t\t\t\t\t\t\n\t\t\t\t\t\t\t<a data-width=\"980\" data-height=\"579\" href=\"https:\/\/keystoneproperties.gr\/wp-content\/uploads\/2026\/04\/PIC_IC3_INT-3.jpg\"  data-categories=\"\" class=\"dmg_masonry_gallery_item \" >\n\t\t\t\t\t\t\t\t<img class=\"dmg-lazyload\" alt=\"PIC IC3 INT (3)\" data-src=\"https:\/\/keystoneproperties.gr\/wp-content\/uploads\/2026\/04\/PIC_IC3_INT-3-980x579.jpg\" width=\"980\" height=\"579\" \/>\n\t\t\t\t\t\t\t\t<span class=\"et_overlay\"><\/span>\n\t\t\t\t\t\t\t<\/a>\n\t\t\t\t\t\t\t\n\t\t\t\t\t\t\t<a data-width=\"980\" data-height=\"579\" href=\"https:\/\/keystoneproperties.gr\/wp-content\/uploads\/2026\/04\/PIC_IC3_INT-4.jpg\"  data-categories=\"\" class=\"dmg_masonry_gallery_item \" >\n\t\t\t\t\t\t\t\t<img class=\"dmg-lazyload\" alt=\"PIC IC3 INT (4)\" data-src=\"https:\/\/keystoneproperties.gr\/wp-content\/uploads\/2026\/04\/PIC_IC3_INT-4-980x579.jpg\" width=\"980\" height=\"579\" \/>\n\t\t\t\t\t\t\t\t<span class=\"et_overlay\"><\/span>\n\t\t\t\t\t\t\t<\/a>\n\t\t\t\t\t\t\t\n\t\t\t\t\t\t\t<a data-width=\"980\" data-height=\"579\" href=\"https:\/\/keystoneproperties.gr\/wp-content\/uploads\/2026\/04\/PIC_IC3_INT-5.jpg\"  data-categories=\"\" class=\"dmg_masonry_gallery_item \" >\n\t\t\t\t\t\t\t\t<img class=\"dmg-lazyload\" alt=\"PIC IC3 INT (5)\" data-src=\"https:\/\/keystoneproperties.gr\/wp-content\/uploads\/2026\/04\/PIC_IC3_INT-5-980x579.jpg\" width=\"980\" height=\"579\" \/>\n\t\t\t\t\t\t\t\t<span class=\"et_overlay\"><\/span>\n\t\t\t\t\t\t\t<\/a>\n\t\t\t\t\t\t\t\n\t\t\t\t\t\t\t<a data-width=\"980\" data-height=\"579\" href=\"https:\/\/keystoneproperties.gr\/wp-content\/uploads\/2026\/04\/PIC_IC3_INT-6.jpg\"  data-categories=\"\" class=\"dmg_masonry_gallery_item \" >\n\t\t\t\t\t\t\t\t<img class=\"dmg-lazyload\" alt=\"PIC IC3 INT (6)\" data-src=\"https:\/\/keystoneproperties.gr\/wp-content\/uploads\/2026\/04\/PIC_IC3_INT-6-980x579.jpg\" width=\"980\" height=\"579\" \/>\n\t\t\t\t\t\t\t\t<span class=\"et_overlay\"><\/span>\n\t\t\t\t\t\t\t<\/a>\n\t\t\t\t\t\t\t\n\t\t\t\t\t\t\t<a data-width=\"980\" data-height=\"579\" href=\"https:\/\/keystoneproperties.gr\/wp-content\/uploads\/2026\/04\/PIC_IC3_INT-7.jpg\"  data-categories=\"\" class=\"dmg_masonry_gallery_item \" >\n\t\t\t\t\t\t\t\t<img class=\"dmg-lazyload\" alt=\"PIC IC3 INT (7)\" data-src=\"https:\/\/keystoneproperties.gr\/wp-content\/uploads\/2026\/04\/PIC_IC3_INT-7-980x579.jpg\" width=\"980\" height=\"579\" \/>\n\t\t\t\t\t\t\t\t<span class=\"et_overlay\"><\/span>\n\t\t\t\t\t\t\t<\/a>\n\t\t\t\t\t\t\t\n\t  \t\t\t<\/div>\n\t  \t\t\t\n  \t\t\t<\/div>\n  \t\t\t\n\t\t\t\t<\/div>\n\t\t\t<\/div>\n","protected":false},"featured_media":6139,"comment_status":"closed","ping_status":"closed","template":"","meta":{"_acf_changed":false,"_et_pb_use_builder":"on","_et_pb_old_content":"<p class=\"isSelectedEnd\"><em>Ein gehobener Ausdruck des zeitgen\u00f6ssischen Stadtlebens im Herzen von Paphos<\/em><\/p>\n<p class=\"isSelectedEnd\">Im Zentrum von Paphos gelegen, ist Agora Residence eine Boutique-Kollektion von nur neun raffinierten Apartments, die sich durchdacht auf f\u00fcnf Etagen verteilen. Mit dem Fokus auf schlichte Eleganz und urbane Raffinesse spiegelt die Anlage eine nahtlose Balance zwischen moderner Architektur und zeitlosem mediterranem Lebensstil wider. <\/p>\n<p class=\"isSelectedEnd\">Diese Residenz im ersten Stock bietet 140 m\u00b2 Wohnfl\u00e4che im Inneren, die durch 41 m\u00b2 \u00fcberdachte Veranden, die das ganze Jahr \u00fcber zum Leben im Freien einladen, anmutig erweitert wird. Der Grundriss entfaltet sich mit einem nat\u00fcrlichen Gef\u00fchl des Flie\u00dfens. Gro\u00dfz\u00fcgige Wohn- und Essbereiche werden durch drei gut ausgestattete Schlafzimmer erg\u00e4nzt, so dass ein Haus entsteht, das sowohl funktional als auch ruhig luxuri\u00f6s ist.   <\/p>\n<p class=\"isSelectedEnd\">Die Innenr\u00e4ume werden von nat\u00fcrlichem Licht durchflutet, das die klaren Linien und modernen Oberfl\u00e4chen hervorhebt, w\u00e4hrend die intelligente Haustechnik f\u00fcr mehr Komfort und m\u00fchelose Kontrolle sorgt. Jedes Element wurde sorgf\u00e4ltig durchdacht, um ein raffiniertes Wohngef\u00fchl in einer privaten und intimen Umgebung zu schaffen. <\/p>\n<p class=\"isSelectedEnd\">Die Bewohner der Agora Residence haben Zugang zu exklusiven Annehmlichkeiten, darunter ein voll ausgestattetes Fitnessstudio, sowie den Komfort und die Sicherheit einer Tiefgarage. Erh\u00f6hte Aussichten \u00fcber die Stadt mit Blick auf das Meer bereichern das Wohnerlebnis zus\u00e4tzlich und fangen den einzigartigen Charakter des Zentrums von Paphos ein. <\/p>\n<p class=\"isSelectedEnd\">Ob als Hauptwohnsitz, als anspruchsvoller urbaner R\u00fcckzugsort oder als strategische Investition im Rahmen des Golden Visa Programms Zyperns, diese Immobilie stellt eine seltene Gelegenheit dar, ein Haus von dauerhafter Qualit\u00e4t in einer der begehrtesten Lagen der Stadt zu erwerben.<\/p>\nWeitere Wohnungen innerhalb der Agora Residence sind auf ausgew\u00e4hlten Etagen verf\u00fcgbar, die alle das gleiche Engagement f\u00fcr Design und Qualit\u00e4t widerspiegeln.\n\nAgora Residence ist nicht einfach nur ein Ort zum Wohnen, sondern ein Statement f\u00fcr modernes mediterranes Leben, das sich durch Diskretion, Qualit\u00e4t und dauerhafte Attraktivit\u00e4t auszeichnet.","_et_gb_content_width":""},"bathrooms":[],"bathroom-no":[535],"construction-year":[331],"floor":[411],"features":[363,355,351,347,387,341,383,398,405,361,359,384,337,381,357,375,345],"land-size":[658],"property-type":[489],"region":[492],"bedrooms":[321],"subregion":[502],"property-size":[659],"product_brand":[],"product_cat":[227],"product_tag":[241],"class_list":{"0":"post-6168","1":"product","2":"type-product","3":"status-publish","4":"has-post-thumbnail","6":"bathroom-no-535","7":"construction-year-331","8":"floor-411","9":"features-alarm","10":"features-elevator","11":"features-roof-garden","12":"features-family-friendly","13":"features-gym-equipment","14":"features-garden","15":"features-pet-friendly","16":"features-smart-home","17":"features-investment","18":"features-fireplace","19":"features-air-condition","20":"features-storage","21":"features-sea-view","22":"features-furnished","23":"features-parking","24":"features-city-view","25":"features-central-heating","26":"land-size-658","27":"property-type-wohnung","28":"region-cyprus","29":"bedrooms-321","30":"subregion-paphos","31":"property-size-659","32":"product_cat-kaufen","33":"product_tag-keystone-wohnungen","35":"first","36":"instock","37":"shipping-taxable","38":"purchasable","39":"product-type-simple"},"acf":[],"_links":{"self":[{"href":"https:\/\/keystoneproperties.gr\/de\/wp-json\/wp\/v2\/product\/6168","targetHints":{"allow":["GET"]}}],"collection":[{"href":"https:\/\/keystoneproperties.gr\/de\/wp-json\/wp\/v2\/product"}],"about":[{"href":"https:\/\/keystoneproperties.gr\/de\/wp-json\/wp\/v2\/types\/product"}],"replies":[{"embeddable":true,"href":"https:\/\/keystoneproperties.gr\/de\/wp-json\/wp\/v2\/comments?post=6168"}],"wp:featuredmedia":[{"embeddable":true,"href":"https:\/\/keystoneproperties.gr\/de\/wp-json\/wp\/v2\/media\/6139"}],"wp:attachment":[{"href":"https:\/\/keystoneproperties.gr\/de\/wp-json\/wp\/v2\/media?parent=6168"}],"wp:term":[{"taxonomy":"bathrooms","embeddable":true,"href":"https:\/\/keystoneproperties.gr\/de\/wp-json\/wp\/v2\/bathrooms?post=6168"},{"taxonomy":"bathroom-no","embeddable":true,"href":"https:\/\/keystoneproperties.gr\/de\/wp-json\/wp\/v2\/bathroom-no?post=6168"},{"taxonomy":"construction-year","embeddable":true,"href":"https:\/\/keystoneproperties.gr\/de\/wp-json\/wp\/v2\/construction-year?post=6168"},{"taxonomy":"floor","embeddable":true,"href":"https:\/\/keystoneproperties.gr\/de\/wp-json\/wp\/v2\/floor?post=6168"},{"taxonomy":"features","embeddable":true,"href":"https:\/\/keystoneproperties.gr\/de\/wp-json\/wp\/v2\/features?post=6168"},{"taxonomy":"land-size","embeddable":true,"href":"https:\/\/keystoneproperties.gr\/de\/wp-json\/wp\/v2\/land-size?post=6168"},{"taxonomy":"property-type","embeddable":true,"href":"https:\/\/keystoneproperties.gr\/de\/wp-json\/wp\/v2\/property-type?post=6168"},{"taxonomy":"region","embeddable":true,"href":"https:\/\/keystoneproperties.gr\/de\/wp-json\/wp\/v2\/region?post=6168"},{"taxonomy":"bedrooms","embeddable":true,"href":"https:\/\/keystoneproperties.gr\/de\/wp-json\/wp\/v2\/bedrooms?post=6168"},{"taxonomy":"subregion","embeddable":true,"href":"https:\/\/keystoneproperties.gr\/de\/wp-json\/wp\/v2\/subregion?post=6168"},{"taxonomy":"property-size","embeddable":true,"href":"https:\/\/keystoneproperties.gr\/de\/wp-json\/wp\/v2\/property-size?post=6168"},{"taxonomy":"product_brand","embeddable":true,"href":"https:\/\/keystoneproperties.gr\/de\/wp-json\/wp\/v2\/product_brand?post=6168"},{"taxonomy":"product_cat","embeddable":true,"href":"https:\/\/keystoneproperties.gr\/de\/wp-json\/wp\/v2\/product_cat?post=6168"},{"taxonomy":"product_tag","embeddable":true,"href":"https:\/\/keystoneproperties.gr\/de\/wp-json\/wp\/v2\/product_tag?post=6168"}],"curies":[{"name":"wp","href":"https:\/\/api.w.org\/{rel}","templated":true}]}}